{"id":10105,"date":"2017-04-24T16:31:33","date_gmt":"2017-04-24T14:31:33","guid":{"rendered":"http:\/\/www.oliosanfilippo.com\/?post_type=product&#038;p=7547"},"modified":"2025-12-06T20:18:25","modified_gmt":"2025-12-06T19:18:25","slug":"pate-pomodoro-secco-sanfilippo","status":"publish","type":"product","link":"http:\/\/www.oliosanfilippo.com\/de\/abbonamento\/pate-pomodoro-secco-sanfilippo\/","title":{"rendered":"Pat\u00e8 di Pomodoro secco 180g"},"content":{"rendered":"<p><strong>Beschreibung:<\/strong><\/p>\n<p>Diese Pastete ist ein wahrer Gaumenschmaus und eignet sich f\u00fcr zahlreiche kulinarische L\u00f6sungen. Am besten schmeckt er auf Bruschetta oder mit K\u00e4se (Pecorino und Parmesan).<\/p>","protected":false},"excerpt":{"rendered":"<div class=\"page\" title=\"Seite 6\">\n<div class=\"layoutArea\">\n<div class=\"column\">\n<p><strong>Zutaten:<\/strong><\/p>\n<p>Getrocknete Tomaten, Salz, Chili,<br \/>\nKnoblauch, Oregano, Minze oder Basilikum,<br \/>\nAnchovis, Kapern, Sonnenblumen\u00f6l, Oliven\u00f6l.<\/p>\n<p>Nettogewicht gr. 180<\/p>\n<\/div>\n<\/div>\n<\/div>","protected":false},"featured_media":23209,"comment_status":"open","ping_status":"closed","template":"","meta":{"_surecart_dashboard_logo_width":"180px","_surecart_dashboard_show_logo":true,"_surecart_dashboard_navigation_orders":true,"_surecart_dashboard_navigation_invoices":true,"_surecart_dashboard_navigation_subscriptions":true,"_surecart_dashboard_navigation_downloads":true,"_surecart_dashboard_navigation_billing":true,"_surecart_dashboard_navigation_account":true,"inline_featured_image":false,"_kad_post_transparent":"default","_kad_post_title":"","_kad_post_layout":"default","_kad_post_sidebar_id":"","_kad_post_content_style":"default","_kad_post_vertical_padding":"default","_kad_post_feature":"","_kad_post_feature_position":"","_kad_post_header":false,"_kad_post_footer":false,"_kad_post_classname":""},"product_brand":[],"product_cat":[19,123],"product_tag":[29,22,62],"class_list":{"0":"post-10105","1":"product","2":"type-product","3":"status-publish","4":"has-post-thumbnail","6":"product_cat-conserve","7":"product_cat-pate","8":"product_tag-pomodoro","9":"product_tag-prodotti-siciliani","10":"product_tag-selezione-pate","12":"first","13":"instock","14":"sold-individually","15":"shipping-taxable","16":"purchasable","17":"product-type-variable","18":"entry","19":"content-bg","20":"loop-entry"},"_links":{"self":[{"href":"http:\/\/www.oliosanfilippo.com\/de\/wp-json\/wp\/v2\/product\/10105","targetHints":{"allow":["GET"]}}],"collection":[{"href":"http:\/\/www.oliosanfilippo.com\/de\/wp-json\/wp\/v2\/product"}],"about":[{"href":"http:\/\/www.oliosanfilippo.com\/de\/wp-json\/wp\/v2\/types\/product"}],"replies":[{"embeddable":true,"href":"http:\/\/www.oliosanfilippo.com\/de\/wp-json\/wp\/v2\/comments?post=10105"}],"version-history":[{"count":4,"href":"http:\/\/www.oliosanfilippo.com\/de\/wp-json\/wp\/v2\/product\/10105\/revisions"}],"predecessor-version":[{"id":23384,"href":"http:\/\/www.oliosanfilippo.com\/de\/wp-json\/wp\/v2\/product\/10105\/revisions\/23384"}],"wp:featuredmedia":[{"embeddable":true,"href":"http:\/\/www.oliosanfilippo.com\/de\/wp-json\/wp\/v2\/media\/23209"}],"wp:attachment":[{"href":"http:\/\/www.oliosanfilippo.com\/de\/wp-json\/wp\/v2\/media?parent=10105"}],"wp:term":[{"taxonomy":"product_brand","embeddable":true,"href":"http:\/\/www.oliosanfilippo.com\/de\/wp-json\/wp\/v2\/product_brand?post=10105"},{"taxonomy":"product_cat","embeddable":true,"href":"http:\/\/www.oliosanfilippo.com\/de\/wp-json\/wp\/v2\/product_cat?post=10105"},{"taxonomy":"product_tag","embeddable":true,"href":"http:\/\/www.oliosanfilippo.com\/de\/wp-json\/wp\/v2\/product_tag?post=10105"}],"curies":[{"name":"wp","href":"https:\/\/api.w.org\/{rel}","templated":true}]}}