{"id":20302,"date":"2022-10-12T17:07:53","date_gmt":"2022-10-12T15:07:53","guid":{"rendered":"http:\/\/www.oliosanfilippo.com\/?post_type=product&#038;p=20302"},"modified":"2024-10-04T05:32:36","modified_gmt":"2024-10-04T03:32:36","slug":"olio-evo-aomatizzato-basilico","status":"publish","type":"product","link":"http:\/\/www.oliosanfilippo.com\/de\/abbonamento\/olio-evo-aomatizzato-basilico\/","title":{"rendered":"EVO-\u00d6l mit Basilikum-Geschmack"},"content":{"rendered":"<div data-elementor-type=\"product-post\" data-elementor-id=\"20302\" class=\"elementor elementor-20302\" data-elementor-post-type=\"product\">\n\t\t\t\t\t\t<section data-particle_enable=\"false\" data-particle-mobile-disabled=\"false\" class=\"elementor-section elementor-top-section elementor-element elementor-element-6f5f8a0a elementor-section-boxed elementor-section-height-default elementor-section-height-default\" data-id=\"6f5f8a0a\" data-element_type=\"section\" data-e-type=\"section\">\n\t\t\t\t\t\t<div class=\"elementor-container elementor-column-gap-default\">\n\t\t\t\t\t<div class=\"elementor-column elementor-col-100 elementor-top-column elementor-element elementor-element-51736772\" data-id=\"51736772\" data-element_type=\"column\" data-e-type=\"column\">\n\t\t\t<div class=\"elementor-widget-wrap elementor-element-populated\">\n\t\t\t\t\t\t<div class=\"elementor-element elementor-element-064a34a elementor-widget elementor-widget-text-editor\" data-id=\"064a34a\" data-element_type=\"widget\" data-e-type=\"widget\" data-widget_type=\"text-editor.default\">\n\t\t\t\t<div class=\"elementor-widget-container\">\n\t\t\t\t\t\t\t\t\t<h2><strong>Natives Oliven\u00f6l extra mit Basilikumgeschmack 250 ml<\/strong><\/h2><p><strong><em>Kaltgepresstes Natives Oliven\u00f6l Extra, aromatisiert mit Basilikum<\/em><\/strong><\/p><p>Entdecken Sie unser feines Natives Oliven\u00f6l Extra mit sizilianischem Basilikumgeschmack. Es handelt sich um ein sizilianisches \u00d6l, f\u00fcr das eine der wertvollsten Zutaten der italienischen Kultur verwendet wird: Basilikum. Ein vollmundiges EVO-\u00d6l mit einer Farbe von\u00a0<b>intensives Gelb<\/b>\u00a0und zeichnet sich durch besonders ausgepr\u00e4gte aromatische Noten und einen frischen Basilikumabgang aus.<\/p><p><strong style=\"background-color: transparent; color: var(--global-palette4); font-family: var(--global-body-font-family);\">Tricks in der K\u00fcche:<\/strong><span style=\"background-color: transparent; color: var(--global-palette4); font-family: var(--global-body-font-family);\">\u00a0<\/span>F\u00fcgen Sie Ihrem \u00fcblichen gro\u00dfen Salat, Fischgericht oder gegrilltem Fleisch eine besondere Note hinzu Basilikum\u00f6l ist der Verb\u00fcndete der Liebhaber kalter, frischer Gerichte. Mit nur wenigen Tropfen k\u00f6nnen Sie selbst einfachsten Speisen wie Salaten und B\u00fcffelmozzarella-Capresi einen Hauch von Geschmack verleihen.<span style=\"background-color: transparent; color: var(--global-palette4); font-family: var(--global-body-font-family);\">\u00a0<\/span><\/p>\t\t\t\t\t\t\t\t<\/div>\n\t\t\t\t<\/div>\n\t\t\t\t<div class=\"elementor-element elementor-element-b23032c elementor-widget elementor-widget-text-editor\" data-id=\"b23032c\" data-element_type=\"widget\" data-e-type=\"widget\" data-widget_type=\"text-editor.default\">\n\t\t\t\t<div class=\"elementor-widget-container\">\n\t\t\t\t\t\t\t\t\t<p><strong>SPECIFICHE TECNICHE<\/strong><\/p><p><strong>Zutaten:\u00a0<\/strong>Olio extravergine di oliva 100% italiano (98%)<br \/><strong>Aroma<\/strong>\u00a0<strong>naturale<\/strong> di Basilico (3%).<br \/><strong>Valori nutrizionali<\/strong>\u00a0per 100Gr: CALORIE: 3,374 KJ\/821 KCAL, GRASSI TOTALI: 94G, DI CUI ACIDI GRASSI SATURI: 14G, CARBOIDRATI 0G, DI CUI ZUCCHERI: 0G; PROTEINE: 0G; SALE: 0G.\u00a0<br \/><strong>Variet\u00e0 di Olive<\/strong>: Nocellara del Belice, Carolea, Cerasuola, 10% Coratina.<br \/><strong>Anno di Produzione<\/strong>: 2024\/2025<br \/><strong>Periodo di raccolta delle olive<\/strong>: OTTOBRE\/NOVEMBRE<br \/><strong>Metodo di estrazione<\/strong>: CICLO CONTINUO A FREDDO<br \/><strong>B\u00fcrgschaft:<\/strong>\u00a0Italienisches Produkt 100% aus kontrollierter Lieferkette<br \/><strong>Verpackung:<\/strong>\u00a0Bottiglia di vetro chiaro 250ml,<\/p>\t\t\t\t\t\t\t\t<\/div>\n\t\t\t\t<\/div>\n\t\t\t\t<div class=\"elementor-element elementor-element-38444d8 elementor-widget-divider--view-line elementor-widget elementor-widget-divider\" data-id=\"38444d8\" data-element_type=\"widget\" data-e-type=\"widget\" data-widget_type=\"divider.default\">\n\t\t\t\t<div class=\"elementor-widget-container\">\n\t\t\t\t\t\t\t<div class=\"elementor-divider\">\n\t\t\t<span class=\"elementor-divider-separator\">\n\t\t\t\t\t\t<\/span>\n\t\t<\/div>\n\t\t\t\t\t\t<\/div>\n\t\t\t\t<\/div>\n\t\t\t\t<div class=\"elementor-element elementor-element-8b9cedd elementor-widget elementor-widget-image\" data-id=\"8b9cedd\" data-element_type=\"widget\" data-e-type=\"widget\" data-widget_type=\"image.default\">\n\t\t\t\t<div class=\"elementor-widget-container\">\n\t\t\t\t\t\t\t\t\t\t\t\t\t\t\t<img fetchpriority=\"high\" decoding=\"async\" width=\"1024\" height=\"724\" src=\"https:\/\/www.oliosanfilippo.com\/wp-content\/uploads\/2024\/09\/OLI-AROMATIZZATI-Basilico-1024x724.png\" class=\"attachment-large size-large wp-image-22784\" alt=\"\" srcset=\"https:\/\/www.oliosanfilippo.com\/wp-content\/uploads\/2024\/09\/OLI-AROMATIZZATI-Basilico-1024x724.png 1024w, https:\/\/www.oliosanfilippo.com\/wp-content\/uploads\/2024\/09\/OLI-AROMATIZZATI-Basilico-300x212.png 300w, https:\/\/www.oliosanfilippo.com\/wp-content\/uploads\/2024\/09\/OLI-AROMATIZZATI-Basilico-768x543.png 768w, https:\/\/www.oliosanfilippo.com\/wp-content\/uploads\/2024\/09\/OLI-AROMATIZZATI-Basilico-1536x1086.png 1536w, https:\/\/www.oliosanfilippo.com\/wp-content\/uploads\/2024\/09\/OLI-AROMATIZZATI-Basilico-18x12.png 18w, https:\/\/www.oliosanfilippo.com\/wp-content\/uploads\/2024\/09\/OLI-AROMATIZZATI-Basilico-900x636.png 900w, https:\/\/www.oliosanfilippo.com\/wp-content\/uploads\/2024\/09\/OLI-AROMATIZZATI-Basilico-600x424.png 600w, https:\/\/www.oliosanfilippo.com\/wp-content\/uploads\/2024\/09\/OLI-AROMATIZZATI-Basilico.png 2000w\" sizes=\"(max-width: 1024px) 100vw, 1024px\" \/>\t\t\t\t\t\t\t\t\t\t\t\t\t\t\t<\/div>\n\t\t\t\t<\/div>\n\t\t\t\t\t<\/div>\n\t\t<\/div>\n\t\t\t\t\t<\/div>\n\t\t<\/section>\n\t\t\t\t<\/div>","protected":false},"excerpt":{"rendered":"<p>Warum w\u00e4hlen\u00a0<strong>l\u2019olio EVO\u00a0<em>Aromatizzato al Basilico<\/em><\/strong>:<br \/>\n\u25fe\u00a0Prodotto da olive Nocellara del Belice e coltivate nel territorio dei Monti Sicani<br \/>\n\u25fe\u00a0Aromi 100% Naturali<br \/>\n\u25fe\u00a0Colore\u00a0<strong>gelb<\/strong><b>, <\/b>dal profumo fresco e aromatico<br \/>\n\u25fe\u00a0Campagna olivicola attuale: stagione 2023\/2024<br \/>\n\u25fe Ideale per chi desidera condire velocemente e senza sforzo, mantenendo un alto standard di gusto e qualit\u00e0.<\/p>","protected":false},"featured_media":21776,"comment_status":"closed","ping_status":"closed","template":"","meta":{"_surecart_dashboard_logo_width":"180px","_surecart_dashboard_show_logo":true,"_surecart_dashboard_navigation_orders":true,"_surecart_dashboard_navigation_invoices":true,"_surecart_dashboard_navigation_subscriptions":true,"_surecart_dashboard_navigation_downloads":true,"_surecart_dashboard_navigation_billing":true,"_surecart_dashboard_navigation_account":true,"inline_featured_image":false,"_kad_post_transparent":"default","_kad_post_title":"","_kad_post_layout":"default","_kad_post_sidebar_id":"","_kad_post_content_style":"default","_kad_post_vertical_padding":"default","_kad_post_feature":"","_kad_post_feature_position":"","_kad_post_header":false,"_kad_post_footer":false,"_kad_post_classname":""},"product_brand":[],"product_cat":[40],"product_tag":[43,64,42],"class_list":{"0":"post-20302","1":"product","2":"type-product","3":"status-publish","4":"has-post-thumbnail","6":"product_cat-olio-extravergine-di-oliva","7":"product_tag-fruttato-intenso","8":"product_tag-oli-aromatizzati","9":"product_tag-olio-extravergine-di-oliva","11":"first","12":"instock","13":"featured","14":"shipping-taxable","15":"purchasable","16":"product-type-simple","17":"entry","18":"content-bg","19":"loop-entry"},"_links":{"self":[{"href":"http:\/\/www.oliosanfilippo.com\/de\/wp-json\/wp\/v2\/product\/20302","targetHints":{"allow":["GET"]}}],"collection":[{"href":"http:\/\/www.oliosanfilippo.com\/de\/wp-json\/wp\/v2\/product"}],"about":[{"href":"http:\/\/www.oliosanfilippo.com\/de\/wp-json\/wp\/v2\/types\/product"}],"replies":[{"embeddable":true,"href":"http:\/\/www.oliosanfilippo.com\/de\/wp-json\/wp\/v2\/comments?post=20302"}],"version-history":[{"count":20,"href":"http:\/\/www.oliosanfilippo.com\/de\/wp-json\/wp\/v2\/product\/20302\/revisions"}],"predecessor-version":[{"id":22794,"href":"http:\/\/www.oliosanfilippo.com\/de\/wp-json\/wp\/v2\/product\/20302\/revisions\/22794"}],"wp:featuredmedia":[{"embeddable":true,"href":"http:\/\/www.oliosanfilippo.com\/de\/wp-json\/wp\/v2\/media\/21776"}],"wp:attachment":[{"href":"http:\/\/www.oliosanfilippo.com\/de\/wp-json\/wp\/v2\/media?parent=20302"}],"wp:term":[{"taxonomy":"product_brand","embeddable":true,"href":"http:\/\/www.oliosanfilippo.com\/de\/wp-json\/wp\/v2\/product_brand?post=20302"},{"taxonomy":"product_cat","embeddable":true,"href":"http:\/\/www.oliosanfilippo.com\/de\/wp-json\/wp\/v2\/product_cat?post=20302"},{"taxonomy":"product_tag","embeddable":true,"href":"http:\/\/www.oliosanfilippo.com\/de\/wp-json\/wp\/v2\/product_tag?post=20302"}],"curies":[{"name":"wp","href":"https:\/\/api.w.org\/{rel}","templated":true}]}}