{"id":22645,"date":"2024-02-16T12:48:12","date_gmt":"2024-02-16T11:48:12","guid":{"rendered":"https:\/\/www.oliosanfilippo.com\/?post_type=product&#038;p=22645"},"modified":"2025-12-06T19:18:49","modified_gmt":"2025-12-06T18:18:49","slug":"bruschetta-montanara","status":"publish","type":"product","link":"http:\/\/www.oliosanfilippo.com\/fr\/abbonamento\/bruschetta-montanara\/","title":{"rendered":"Bruschetta Montanara"},"content":{"rendered":"<p><strong>Description :<\/strong><\/p>\n<p>Apportez l'authentique tradition de la bruschetta de montagne \u00e0 votre table avec notre Pat\u00e8 exclusif. Cette d\u00e9licatesse, enrichie de <strong>fenouil aromatique et tomates s\u00e9ch\u00e9es au soleil<\/strong>capture les saveurs de la <strong>terres de montagne<\/strong> dans chaque cuiller\u00e9e.<br \/>\nLe fenouil conf\u00e8re au p\u00e2t\u00e9 un parfum unique, tandis que les tomates s\u00e9ch\u00e9es au soleil ajoutent une touche d'intensit\u00e9 et de saveur m\u00e9diterran\u00e9enne. La combinaison de ces ingr\u00e9dients de haute qualit\u00e9 cr\u00e9e une bruschetta montanara qui vous transportera directement dans nos montagnes.<\/p>\n<p>Ce p\u00e2t\u00e9 n'est pas seulement un accompagnement pour les toasts :<br \/>\nTartiner g\u00e9n\u00e9reusement des tranches de pain croustillant pour obtenir un go\u00fbt agr\u00e9able. <strong>entr\u00e9e irr\u00e9sistible<\/strong> ou l'utiliser comme condiment pour aromatiser <strong>p\u00e2tes, risotto ou viandes grill\u00e9es<\/strong>. La polyvalence de ce p\u00e2t\u00e9 en fait le compagnon id\u00e9al de toutes les occasions culinaires.<\/p>\n<p>D\u00e9couvrez l'harmonie des saveurs de la montagne avec notre Pat\u00e8 Bruschetta Montanara. Elle allie tradition et modernit\u00e9 dans chaque bouch\u00e9e, en apportant \u00e0 la table le go\u00fbt enveloppant de nos terres et en vous faisant vivre une exp\u00e9rience gastronomique inoubliable.<\/p>","protected":false},"excerpt":{"rendered":"<p><strong>Ingr\u00e9dients :<\/strong><\/p>\n<div class=\"page\" title=\"Page 4\">\n<div class=\"layoutArea\">\n<div class=\"column\">\n<p>Fenouil sauvage 25%, huile de graines de tournesol, tomates s\u00e9ch\u00e9es 15%, artichauts, anchois, huile d'olive, vinaigre de vin, ail, piment, origan, correcteurs d'acidit\u00e9 : E330- E270<\/p>\n<p>Poids net gr. 180<\/p>\n<\/div>\n<\/div>\n<\/div>","protected":false},"featured_media":23178,"comment_status":"open","ping_status":"closed","template":"","meta":{"_surecart_dashboard_logo_width":"180px","_surecart_dashboard_show_logo":true,"_surecart_dashboard_navigation_orders":true,"_surecart_dashboard_navigation_invoices":true,"_surecart_dashboard_navigation_subscriptions":true,"_surecart_dashboard_navigation_downloads":true,"_surecart_dashboard_navigation_billing":true,"_surecart_dashboard_navigation_account":true,"inline_featured_image":false,"_kad_post_transparent":"default","_kad_post_title":"","_kad_post_layout":"default","_kad_post_sidebar_id":"","_kad_post_content_style":"default","_kad_post_vertical_padding":"default","_kad_post_feature":"","_kad_post_feature_position":"","_kad_post_header":false,"_kad_post_footer":false,"_kad_post_classname":""},"product_brand":[],"product_cat":[19,123],"product_tag":[116,115,22,62],"class_list":{"0":"post-22645","1":"product","2":"type-product","3":"status-publish","4":"has-post-thumbnail","6":"product_cat-conserve","7":"product_cat-pate","8":"product_tag-pesto-di-pistacchio","9":"product_tag-pistacchio","10":"product_tag-prodotti-siciliani","11":"product_tag-selezione-pate","13":"first","14":"instock","15":"shipping-taxable","16":"purchasable","17":"product-type-variable","18":"entry","19":"content-bg","20":"loop-entry"},"_links":{"self":[{"href":"http:\/\/www.oliosanfilippo.com\/fr\/wp-json\/wp\/v2\/product\/22645","targetHints":{"allow":["GET"]}}],"collection":[{"href":"http:\/\/www.oliosanfilippo.com\/fr\/wp-json\/wp\/v2\/product"}],"about":[{"href":"http:\/\/www.oliosanfilippo.com\/fr\/wp-json\/wp\/v2\/types\/product"}],"replies":[{"embeddable":true,"href":"http:\/\/www.oliosanfilippo.com\/fr\/wp-json\/wp\/v2\/comments?post=22645"}],"version-history":[{"count":6,"href":"http:\/\/www.oliosanfilippo.com\/fr\/wp-json\/wp\/v2\/product\/22645\/revisions"}],"predecessor-version":[{"id":23481,"href":"http:\/\/www.oliosanfilippo.com\/fr\/wp-json\/wp\/v2\/product\/22645\/revisions\/23481"}],"wp:featuredmedia":[{"embeddable":true,"href":"http:\/\/www.oliosanfilippo.com\/fr\/wp-json\/wp\/v2\/media\/23178"}],"wp:attachment":[{"href":"http:\/\/www.oliosanfilippo.com\/fr\/wp-json\/wp\/v2\/media?parent=22645"}],"wp:term":[{"taxonomy":"product_brand","embeddable":true,"href":"http:\/\/www.oliosanfilippo.com\/fr\/wp-json\/wp\/v2\/product_brand?post=22645"},{"taxonomy":"product_cat","embeddable":true,"href":"http:\/\/www.oliosanfilippo.com\/fr\/wp-json\/wp\/v2\/product_cat?post=22645"},{"taxonomy":"product_tag","embeddable":true,"href":"http:\/\/www.oliosanfilippo.com\/fr\/wp-json\/wp\/v2\/product_tag?post=22645"}],"curies":[{"name":"wp","href":"https:\/\/api.w.org\/{rel}","templated":true}]}}