{"id":10108,"date":"2017-04-24T17:58:41","date_gmt":"2017-04-24T15:58:41","guid":{"rendered":"http:\/\/www.oliosanfilippo.com\/?post_type=product&#038;p=7561"},"modified":"2025-12-06T20:01:41","modified_gmt":"2025-12-06T19:01:41","slug":"pate-cipolla-olio-sanfilippo","status":"publish","type":"product","link":"http:\/\/www.oliosanfilippo.com\/nl\/abbonamento\/pate-cipolla-olio-sanfilippo\/","title":{"rendered":"Pat\u00e8 di Tonno e Cipolla 180g"},"content":{"rendered":"<p><strong>Beschrijving:<\/strong><\/p>\n<p>Ontdek onze heerlijke Siciliaanse Pate met ui en tonijn, een onweerstaanbare combinatie van smaken. De zoetheid van de ui combineert met de delicatesse van de tonijn, waardoor een romige pat\u00e9 ontstaat die perfect is voor voorgerechten en snacks. Maar daar houdt het niet op! Deze pat\u00e8 is ook ideaal als kant-en-klare smaakmaker voor pasta, en geeft elk gerecht een mediterraan tintje. Bereid met ingredi\u00ebnten van hoge kwaliteit is het de perfecte keuze om van elke maaltijd een heerlijke en gemakkelijk te bereiden ervaring te maken.<\/p>","protected":false},"excerpt":{"rendered":"<p><strong>Ingredi\u00ebnten:<\/strong><\/p>\n<div class=\"page\" title=\"Pagina 4\">\n<div class=\"layoutArea\">\n<div class=\"column\">\n<p>Ui 52%, Tonijn in zaadolie 23%, zout, extra vierge olijfolie, suiker, sultana's, wijnazijn, zwarte peper, citroenzuur.<\/p>\n<p>Nettogewicht gr. 180<\/p>\n<\/div>\n<\/div>\n<\/div>","protected":false},"featured_media":23206,"comment_status":"open","ping_status":"closed","template":"","meta":{"_surecart_dashboard_logo_width":"180px","_surecart_dashboard_show_logo":true,"_surecart_dashboard_navigation_orders":true,"_surecart_dashboard_navigation_invoices":true,"_surecart_dashboard_navigation_subscriptions":true,"_surecart_dashboard_navigation_downloads":true,"_surecart_dashboard_navigation_billing":true,"_surecart_dashboard_navigation_account":true,"inline_featured_image":false,"_kad_post_transparent":"default","_kad_post_title":"","_kad_post_layout":"default","_kad_post_sidebar_id":"","_kad_post_content_style":"default","_kad_post_vertical_padding":"default","_kad_post_feature":"","_kad_post_feature_position":"","_kad_post_header":false,"_kad_post_footer":false,"_kad_post_classname":""},"product_brand":[],"product_cat":[19,123],"product_tag":[35,36,22,62],"class_list":{"0":"post-10108","1":"product","2":"type-product","3":"status-publish","4":"has-post-thumbnail","6":"product_cat-conserve","7":"product_cat-pate","8":"product_tag-cipolla","9":"product_tag-pate-di-cipolla","10":"product_tag-prodotti-siciliani","11":"product_tag-selezione-pate","13":"first","14":"instock","15":"shipping-taxable","16":"purchasable","17":"product-type-variable","18":"entry","19":"content-bg","20":"loop-entry"},"_links":{"self":[{"href":"http:\/\/www.oliosanfilippo.com\/nl\/wp-json\/wp\/v2\/product\/10108","targetHints":{"allow":["GET"]}}],"collection":[{"href":"http:\/\/www.oliosanfilippo.com\/nl\/wp-json\/wp\/v2\/product"}],"about":[{"href":"http:\/\/www.oliosanfilippo.com\/nl\/wp-json\/wp\/v2\/types\/product"}],"replies":[{"embeddable":true,"href":"http:\/\/www.oliosanfilippo.com\/nl\/wp-json\/wp\/v2\/comments?post=10108"}],"version-history":[{"count":4,"href":"http:\/\/www.oliosanfilippo.com\/nl\/wp-json\/wp\/v2\/product\/10108\/revisions"}],"predecessor-version":[{"id":23380,"href":"http:\/\/www.oliosanfilippo.com\/nl\/wp-json\/wp\/v2\/product\/10108\/revisions\/23380"}],"wp:featuredmedia":[{"embeddable":true,"href":"http:\/\/www.oliosanfilippo.com\/nl\/wp-json\/wp\/v2\/media\/23206"}],"wp:attachment":[{"href":"http:\/\/www.oliosanfilippo.com\/nl\/wp-json\/wp\/v2\/media?parent=10108"}],"wp:term":[{"taxonomy":"product_brand","embeddable":true,"href":"http:\/\/www.oliosanfilippo.com\/nl\/wp-json\/wp\/v2\/product_brand?post=10108"},{"taxonomy":"product_cat","embeddable":true,"href":"http:\/\/www.oliosanfilippo.com\/nl\/wp-json\/wp\/v2\/product_cat?post=10108"},{"taxonomy":"product_tag","embeddable":true,"href":"http:\/\/www.oliosanfilippo.com\/nl\/wp-json\/wp\/v2\/product_tag?post=10108"}],"curies":[{"name":"wp","href":"https:\/\/api.w.org\/{rel}","templated":true}]}}