{"id":21071,"date":"2022-10-19T11:52:00","date_gmt":"2022-10-19T09:52:00","guid":{"rendered":"http:\/\/www.oliosanfilippo.com\/?page_id=21071"},"modified":"2022-10-19T16:37:00","modified_gmt":"2022-10-19T14:37:00","slug":"olio-extravergine-di-oliva-siciliano","status":"publish","type":"page","link":"https:\/\/www.oliosanfilippo.com\/de\/olio-extravergine-di-oliva-siciliano\/","title":{"rendered":"Unser \u00d6l"},"content":{"rendered":"<div data-elementor-type=\"wp-page\" data-elementor-id=\"21071\" class=\"elementor elementor-21071\" data-elementor-post-type=\"page\">\n\t\t\t\t\t\t<section data-particle_enable=\"false\" data-particle-mobile-disabled=\"false\" class=\"elementor-section elementor-top-section elementor-element elementor-element-c8ddeb6 elementor-section-height-min-height elementor-section-boxed elementor-section-height-default elementor-section-items-middle\" data-id=\"c8ddeb6\" data-element_type=\"section\" data-e-type=\"section\" data-settings=\"{&quot;background_background&quot;:&quot;classic&quot;}\">\n\t\t\t\t\t\t\t<div class=\"elementor-background-overlay\"><\/div>\n\t\t\t\t\t\t\t<div class=\"elementor-container elementor-column-gap-default\">\n\t\t\t\t\t<div class=\"elementor-column elementor-col-100 elementor-top-column elementor-element elementor-element-6a5337e\" data-id=\"6a5337e\" data-element_type=\"column\" data-e-type=\"column\">\n\t\t\t<div class=\"elementor-widget-wrap elementor-element-populated\">\n\t\t\t\t\t\t<div class=\"elementor-element elementor-element-9f8a183 elementor-widget elementor-widget-image\" data-id=\"9f8a183\" data-element_type=\"widget\" data-e-type=\"widget\" data-widget_type=\"image.default\">\n\t\t\t\t<div class=\"elementor-widget-container\">\n\t\t\t\t\t\t\t\t\t\t\t\t\t\t\t<img fetchpriority=\"high\" decoding=\"async\" width=\"512\" height=\"512\" src=\"https:\/\/www.oliosanfilippo.com\/wp-content\/uploads\/2022\/10\/cropped-logo-icona-1-6.png\" class=\"attachment-large size-large wp-image-20687\" alt=\"\" srcset=\"https:\/\/www.oliosanfilippo.com\/wp-content\/uploads\/2022\/10\/cropped-logo-icona-1-6.png 512w, https:\/\/www.oliosanfilippo.com\/wp-content\/uploads\/2022\/10\/cropped-logo-icona-1-6-300x300.png 300w, https:\/\/www.oliosanfilippo.com\/wp-content\/uploads\/2022\/10\/cropped-logo-icona-1-6-150x150.png 150w, https:\/\/www.oliosanfilippo.com\/wp-content\/uploads\/2022\/10\/cropped-logo-icona-1-6-100x100.png 100w, https:\/\/www.oliosanfilippo.com\/wp-content\/uploads\/2022\/10\/cropped-logo-icona-1-6-50x50.png 50w\" sizes=\"(max-width: 512px) 100vw, 512px\" \/>\t\t\t\t\t\t\t\t\t\t\t\t\t\t\t<\/div>\n\t\t\t\t<\/div>\n\t\t\t\t<div class=\"elementor-element elementor-element-c3ce199 elementor-widget elementor-widget-heading\" data-id=\"c3ce199\" data-element_type=\"widget\" data-e-type=\"widget\" data-widget_type=\"heading.default\">\n\t\t\t\t<div class=\"elementor-widget-container\">\n\t\t\t\t\t<h1 class=\"elementor-heading-title elementor-size-default\">Unser sizilianisches EVO-\u00d6l<\/h1>\t\t\t\t<\/div>\n\t\t\t\t<\/div>\n\t\t\t\t<div class=\"elementor-element elementor-element-a65c235 elementor-widget elementor-widget-text-editor\" data-id=\"a65c235\" data-element_type=\"widget\" data-e-type=\"widget\" data-widget_type=\"text-editor.default\">\n\t\t\t\t<div class=\"elementor-widget-container\">\n\t\t\t\t\t\t\t\t\t<p>Die besten Sorten aus unserem Gebiet wurden ausgew\u00e4hlt, um den Perfect Blend zu kreieren.<\/p>\t\t\t\t\t\t\t\t<\/div>\n\t\t\t\t<\/div>\n\t\t\t\t\t<\/div>\n\t\t<\/div>\n\t\t\t\t\t<\/div>\n\t\t<\/section>\n\t\t\t\t<section data-particle_enable=\"false\" data-particle-mobile-disabled=\"false\" class=\"elementor-section elementor-top-section elementor-element elementor-element-034f786 elementor-section-boxed elementor-section-height-default elementor-section-height-default\" data-id=\"034f786\" data-element_type=\"section\" data-e-type=\"section\">\n\t\t\t\t\t\t<div class=\"elementor-container elementor-column-gap-default\">\n\t\t\t\t\t<div class=\"elementor-column elementor-col-100 elementor-top-column elementor-element elementor-element-ba0c118\" data-id=\"ba0c118\" data-element_type=\"column\" data-e-type=\"column\">\n\t\t\t<div class=\"elementor-widget-wrap elementor-element-populated\">\n\t\t\t\t\t\t<div class=\"elementor-element elementor-element-d7f155a elementor-widget elementor-widget-text-editor\" data-id=\"d7f155a\" data-element_type=\"widget\" data-e-type=\"widget\" data-widget_type=\"text-editor.default\">\n\t\t\t\t<div class=\"elementor-widget-container\">\n\t\t\t\t\t\t\t\t\t<p>Unser \u00d6l ist ein ausgewogenes \u00d6l mit unverwechselbarem Geschmack<\/p>\t\t\t\t\t\t\t\t<\/div>\n\t\t\t\t<\/div>\n\t\t\t\t<div class=\"elementor-element elementor-element-3dc998b elementor-widget elementor-widget-heading\" data-id=\"3dc998b\" data-element_type=\"widget\" data-e-type=\"widget\" data-widget_type=\"heading.default\">\n\t\t\t\t<div class=\"elementor-widget-container\">\n\t\t\t\t\t<h2 class=\"elementor-heading-title elementor-size-default\">Unsere Spezialmischung Cultivars<\/h2>\t\t\t\t<\/div>\n\t\t\t\t<\/div>\n\t\t\t\t<div class=\"elementor-element elementor-element-71d7428 elementor-widget elementor-widget-text-editor\" data-id=\"71d7428\" data-element_type=\"widget\" data-e-type=\"widget\" data-widget_type=\"text-editor.default\">\n\t\t\t\t<div class=\"elementor-widget-container\">\n\t\t\t\t\t\t\t\t\t<p>L'\u00a0<strong>natives \u00d6l extra<\/strong>\u00a0von Oliven\u00a0<strong>Sizilianisch<\/strong>\u00a0Das von Sanfilippo ausgew\u00e4hlte \u00d6l ist ein hundertprozentiges sizilianisches Superior-\u00d6l extra vergine. Unter dem Begriff\u00a0<strong>extra vergine<\/strong>\u00a0kann nur als \u00d6l definiert werden, das aus der Frucht des Olivenbaums gewonnen wird (<em>Olea europaea sativa L.<\/em>) durch mechanische oder physikalische Verfahren, die das Produkt in keiner Weise ver\u00e4ndern, im Gegensatz zu anderen \u00d6len, die aus Samen gewonnen werden (z. B. Sonnenblumen-, Erdnuss-, Mais- und Raps\u00f6l) und haupts\u00e4chlich mit organischen L\u00f6sungsmitteln extrahiert werden.<\/p><p><strong><em>Sensorische Qualit\u00e4ten mit w\u00fcrzigen und krautigen Noten sowie ein hoher N\u00e4hrwert machen unser natives Oliven\u00f6l extra aus Sizilien einzigartig und unverwechselbar.<\/em><\/strong><\/p><p>Unsere M\u00fchle produziert verschiedene Qualit\u00e4ten von nativem Oliven\u00f6l extra aus Sizilien, je nach den beim Mahlen verwendeten Sorten oder den Verschnitten: <i>Blend<\/i> desselben.<\/p><p>\u00a0Nachfolgend finden Sie eine \u00dcbersicht \u00fcber unsere Cultivars:<\/p>\t\t\t\t\t\t\t\t<\/div>\n\t\t\t\t<\/div>\n\t\t\t\t\t<\/div>\n\t\t<\/div>\n\t\t\t\t\t<\/div>\n\t\t<\/section>\n\t\t\t\t<section data-particle_enable=\"false\" data-particle-mobile-disabled=\"false\" class=\"elementor-section elementor-top-section elementor-element elementor-element-6f786e5 elementor-section-boxed elementor-section-height-default elementor-section-height-default\" data-id=\"6f786e5\" data-element_type=\"section\" data-e-type=\"section\" data-settings=\"{&quot;background_background&quot;:&quot;classic&quot;}\">\n\t\t\t\t\t\t<div class=\"elementor-container elementor-column-gap-default\">\n\t\t\t\t\t<div class=\"elementor-column elementor-col-50 elementor-top-column elementor-element elementor-element-c987ff8\" data-id=\"c987ff8\" data-element_type=\"column\" data-e-type=\"column\">\n\t\t\t<div class=\"elementor-widget-wrap elementor-element-populated\">\n\t\t\t\t\t\t<div class=\"elementor-element elementor-element-dd9f96f elementor-widget elementor-widget-text-editor\" data-id=\"dd9f96f\" data-element_type=\"widget\" data-e-type=\"widget\" data-widget_type=\"text-editor.default\">\n\t\t\t\t<div class=\"elementor-widget-container\">\n\t\t\t\t\t\t\t\t\t<p>Eine fruchtige, breiige Olive mit intensivem Geschmack<\/p>\t\t\t\t\t\t\t\t<\/div>\n\t\t\t\t<\/div>\n\t\t\t\t<div class=\"elementor-element elementor-element-a04ceb6 elementor-widget elementor-widget-heading\" data-id=\"a04ceb6\" data-element_type=\"widget\" data-e-type=\"widget\" data-widget_type=\"heading.default\">\n\t\t\t\t<div class=\"elementor-widget-container\">\n\t\t\t\t\t<h4 class=\"elementor-heading-title elementor-size-default\">Nocellara del Belice<\/h4>\t\t\t\t<\/div>\n\t\t\t\t<\/div>\n\t\t\t\t<div class=\"elementor-element elementor-element-bd47d58 elementor-widget elementor-widget-text-editor\" data-id=\"bd47d58\" data-element_type=\"widget\" data-e-type=\"widget\" data-widget_type=\"text-editor.default\">\n\t\t\t\t<div class=\"elementor-widget-container\">\n\t\t\t\t\t\t\t\t\t<p>Lernen Sie eine besondere Olive kennen, einen lokalen \u00d6kotyp, der im sizilianischen Dialekt 'MAZZARA' genannt wird. Diese Sorte eignet sich nicht nur zum Mahlen, sondern wird dank ihres fruchtigen Geschmacks und ihres \u00fcppigen Fruchtfleisches auch als Tafelolive verzehrt.<\/p><p>Aus unserer Olive Nocellara del Belice wird ein rein sizilianisches natives Oliven\u00f6l extra mit einem intensiven und delikaten Geschmack, fruchtig mit einem Hauch von Tomate, gewonnen.<\/p><p>L' <strong>Natives Oliven\u00f6l extra aus Sizilien<\/strong>\u00a0Er wird aus dem Fruchtfleisch der Olive Nocellara del Belice gewonnen, hat einen sehr geringen S\u00e4uregehalt und wird roh zu gr\u00fcnen Salaten, Braten und verschiedenen Gerichten empfohlen. Sie kommt vor allem in der Gegend von Trapani vor und erstreckt sich bis in die Gegend von Palermo und einen gro\u00dfen Teil der Gegend von Agrigento sowie auf unsere sizilianischen Berge.<\/p>\t\t\t\t\t\t\t\t<\/div>\n\t\t\t\t<\/div>\n\t\t\t\t\t<\/div>\n\t\t<\/div>\n\t\t\t\t<div class=\"elementor-column elementor-col-50 elementor-top-column elementor-element elementor-element-5e10df2\" data-id=\"5e10df2\" data-element_type=\"column\" data-e-type=\"column\">\n\t\t\t<div class=\"elementor-widget-wrap elementor-element-populated\">\n\t\t\t\t\t\t<div class=\"elementor-element elementor-element-631ad09 elementor-widget elementor-widget-image\" data-id=\"631ad09\" data-element_type=\"widget\" data-e-type=\"widget\" data-widget_type=\"image.default\">\n\t\t\t\t<div class=\"elementor-widget-container\">\n\t\t\t\t\t\t\t\t\t\t\t\t\t\t\t<img decoding=\"async\" width=\"508\" height=\"339\" src=\"https:\/\/www.oliosanfilippo.com\/wp-content\/uploads\/2017\/12\/olio-siciliano-frantoio-sanfilippo.jpg\" class=\"attachment-full size-full wp-image-10523\" alt=\"nocellara del belice\" srcset=\"https:\/\/www.oliosanfilippo.com\/wp-content\/uploads\/2017\/12\/olio-siciliano-frantoio-sanfilippo.jpg 508w, https:\/\/www.oliosanfilippo.com\/wp-content\/uploads\/2017\/12\/olio-siciliano-frantoio-sanfilippo-500x334.jpg 500w, https:\/\/www.oliosanfilippo.com\/wp-content\/uploads\/2017\/12\/olio-siciliano-frantoio-sanfilippo-300x200.jpg 300w\" sizes=\"(max-width: 508px) 100vw, 508px\" \/>\t\t\t\t\t\t\t\t\t\t\t\t\t\t\t<\/div>\n\t\t\t\t<\/div>\n\t\t\t\t\t<\/div>\n\t\t<\/div>\n\t\t\t\t\t<\/div>\n\t\t<\/section>\n\t\t\t\t<section data-particle_enable=\"false\" data-particle-mobile-disabled=\"false\" class=\"elementor-section elementor-top-section elementor-element elementor-element-c76d819 elementor-reverse-mobile elementor-section-boxed elementor-section-height-default elementor-section-height-default\" data-id=\"c76d819\" data-element_type=\"section\" data-e-type=\"section\" data-settings=\"{&quot;background_background&quot;:&quot;classic&quot;}\">\n\t\t\t\t\t\t<div class=\"elementor-container elementor-column-gap-default\">\n\t\t\t\t\t<div class=\"elementor-column elementor-col-50 elementor-top-column elementor-element elementor-element-ea96ffe\" data-id=\"ea96ffe\" data-element_type=\"column\" data-e-type=\"column\">\n\t\t\t<div class=\"elementor-widget-wrap elementor-element-populated\">\n\t\t\t\t\t\t<div class=\"elementor-element elementor-element-0de6584 elementor-widget elementor-widget-image\" data-id=\"0de6584\" data-element_type=\"widget\" data-e-type=\"widget\" data-widget_type=\"image.default\">\n\t\t\t\t<div class=\"elementor-widget-container\">\n\t\t\t\t\t\t\t\t\t\t\t\t\t\t\t<img decoding=\"async\" width=\"508\" height=\"339\" src=\"https:\/\/www.oliosanfilippo.com\/wp-content\/uploads\/2017\/12\/oliva-nocellara.jpg\" class=\"attachment-full size-full wp-image-10521\" alt=\"oliva nocellara\" srcset=\"https:\/\/www.oliosanfilippo.com\/wp-content\/uploads\/2017\/12\/oliva-nocellara.jpg 508w, https:\/\/www.oliosanfilippo.com\/wp-content\/uploads\/2017\/12\/oliva-nocellara-500x334.jpg 500w, https:\/\/www.oliosanfilippo.com\/wp-content\/uploads\/2017\/12\/oliva-nocellara-300x200.jpg 300w\" sizes=\"(max-width: 508px) 100vw, 508px\" \/>\t\t\t\t\t\t\t\t\t\t\t\t\t\t\t<\/div>\n\t\t\t\t<\/div>\n\t\t\t\t\t<\/div>\n\t\t<\/div>\n\t\t\t\t<div class=\"elementor-column elementor-col-50 elementor-top-column elementor-element elementor-element-9fec6cf\" data-id=\"9fec6cf\" data-element_type=\"column\" data-e-type=\"column\">\n\t\t\t<div class=\"elementor-widget-wrap elementor-element-populated\">\n\t\t\t\t\t\t<div class=\"elementor-element elementor-element-e183dce elementor-widget elementor-widget-text-editor\" data-id=\"e183dce\" data-element_type=\"widget\" data-e-type=\"widget\" data-widget_type=\"text-editor.default\">\n\t\t\t\t<div class=\"elementor-widget-container\">\n\t\t\t\t\t\t\t\t\t<p>Eine kleine Olive mit kr\u00e4ftigen, w\u00fcrzigen Noten<\/p>\t\t\t\t\t\t\t\t<\/div>\n\t\t\t\t<\/div>\n\t\t\t\t<div class=\"elementor-element elementor-element-c7abab7 elementor-widget elementor-widget-heading\" data-id=\"c7abab7\" data-element_type=\"widget\" data-e-type=\"widget\" data-widget_type=\"heading.default\">\n\t\t\t\t<div class=\"elementor-widget-container\">\n\t\t\t\t\t<h4 class=\"elementor-heading-title elementor-size-default\">La Biancolilla<\/h4>\t\t\t\t<\/div>\n\t\t\t\t<\/div>\n\t\t\t\t<div class=\"elementor-element elementor-element-6eae789 elementor-widget elementor-widget-text-editor\" data-id=\"6eae789\" data-element_type=\"widget\" data-e-type=\"widget\" data-widget_type=\"text-editor.default\">\n\t\t\t\t<div class=\"elementor-widget-container\">\n\t\t\t\t\t\t\t\t\t<p>Diese Olive ist <b>eine einheimische Sorte<\/b> ist daran zu erkennen, dass er eine kleinere, zartere Form hat und dem \u00d6l eine w\u00fcrzige, bittere Note verleiht. Das sollte Sie nicht in die Irre f\u00fchren, denn durch die Vermahlung entsteht ein sizilianisches natives Oliven\u00f6l extra mit einem sehr geringen S\u00e4uregehalt. Dieses \u00d6l mit seinem feinen Geschmack und seinen ausgewogenen N\u00e4hrwerten wird auch f\u00fcr Menschen empfohlen, in deren Familie Herzkrankheiten vorkommen.\u00a0<\/p><p>Unmittelbar nach dem Mahlen hat das \u00d6l eine hellgr\u00fcne Farbe und nach einigen Monaten eine strohgelbe Farbe, die durch die nat\u00fcrliche Ablagerung entsteht. Der Ertrag dieser Sorte schwankt zwischen 16 und 18 % Erntegewicht, was sie in jeder Hinsicht zu einer gro\u00dfz\u00fcgigen Olive macht. Sie ist vor allem in den Provinzen Messina, Palermo, Agrigento und Ragusa verbreitet.<\/p>\t\t\t\t\t\t\t\t<\/div>\n\t\t\t\t<\/div>\n\t\t\t\t\t<\/div>\n\t\t<\/div>\n\t\t\t\t\t<\/div>\n\t\t<\/section>\n\t\t\t\t<section data-particle_enable=\"false\" data-particle-mobile-disabled=\"false\" class=\"elementor-section elementor-top-section elementor-element elementor-element-232cab8 elementor-section-boxed elementor-section-height-default elementor-section-height-default\" data-id=\"232cab8\" data-element_type=\"section\" data-e-type=\"section\" data-settings=\"{&quot;background_background&quot;:&quot;classic&quot;}\">\n\t\t\t\t\t\t<div class=\"elementor-container elementor-column-gap-default\">\n\t\t\t\t\t<div class=\"elementor-column elementor-col-50 elementor-top-column elementor-element elementor-element-0c1ac07\" data-id=\"0c1ac07\" data-element_type=\"column\" data-e-type=\"column\">\n\t\t\t<div class=\"elementor-widget-wrap elementor-element-populated\">\n\t\t\t\t\t\t<div class=\"elementor-element elementor-element-b0f7a13 elementor-widget elementor-widget-text-editor\" data-id=\"b0f7a13\" data-element_type=\"widget\" data-e-type=\"widget\" data-widget_type=\"text-editor.default\">\n\t\t\t\t<div class=\"elementor-widget-container\">\n\t\t\t\t\t\t\t\t\t<p>Die Olive, die S\u00fcditalien erobert hat<\/p>\t\t\t\t\t\t\t\t<\/div>\n\t\t\t\t<\/div>\n\t\t\t\t<div class=\"elementor-element elementor-element-b319221 elementor-widget elementor-widget-heading\" data-id=\"b319221\" data-element_type=\"widget\" data-e-type=\"widget\" data-widget_type=\"heading.default\">\n\t\t\t\t<div class=\"elementor-widget-container\">\n\t\t\t\t\t<h4 class=\"elementor-heading-title elementor-size-default\">Die Carolea<\/h4>\t\t\t\t<\/div>\n\t\t\t\t<\/div>\n\t\t\t\t<div class=\"elementor-element elementor-element-08b4d81 elementor-widget elementor-widget-text-editor\" data-id=\"08b4d81\" data-element_type=\"widget\" data-e-type=\"widget\" data-widget_type=\"text-editor.default\">\n\t\t\t\t<div class=\"elementor-widget-container\">\n\t\t\t\t\t\t\t\t\t<p>Es handelt sich um eine Sorte, die nicht nur ein ausgezeichnetes natives Oliven\u00f6l extra mit niedrigem S\u00e4uregehalt ergibt, sondern auch als Tafelolive verwendet werden kann. Diese Sorte ist in ganz S\u00fcditalien verbreitet, vor allem in Sizilien, insbesondere in den Gebieten von Palermo, Agrigento und Messina.\u00a0<\/p><p>Diese einzigartig aromatisierte Olive hat einen \u00d6lertrag von 20-25 % und gilt als qualitativ hochwertige Olive. Das aus Sizilien stammende native Oliven\u00f6l extra hat eine intensive Fruchtigkeit mit Noten von gr\u00fcnem Apfel, Mandel und Artischocke. Am Gaumen hat er einen bitteren Geschmack, begleitet von einem w\u00fcrzigen Nachgeschmack. Seine Farbe ist gr\u00fcnlich mit goldgelben Reflexen.<\/p>\t\t\t\t\t\t\t\t<\/div>\n\t\t\t\t<\/div>\n\t\t\t\t<div class=\"elementor-element elementor-element-9448cc5 elementor-widget elementor-widget-button\" data-id=\"9448cc5\" data-element_type=\"widget\" data-e-type=\"widget\" data-widget_type=\"button.default\">\n\t\t\t\t<div class=\"elementor-widget-container\">\n\t\t\t\t\t\t\t\t\t<div class=\"elementor-button-wrapper\">\n\t\t\t\t\t<a class=\"elementor-button elementor-button-link elementor-size-sm\" href=\"\/de\/la-nostra-storia\/\">\n\t\t\t\t\t\t<span class=\"elementor-button-content-wrapper\">\n\t\t\t\t\t\t\t\t\t<span class=\"elementor-button-text\">Entdecken Sie unser Land '<\/span>\n\t\t\t\t\t<\/span>\n\t\t\t\t\t<\/a>\n\t\t\t\t<\/div>\n\t\t\t\t\t\t\t\t<\/div>\n\t\t\t\t<\/div>\n\t\t\t\t\t<\/div>\n\t\t<\/div>\n\t\t\t\t<div class=\"elementor-column elementor-col-50 elementor-top-column elementor-element elementor-element-af93366\" data-id=\"af93366\" data-element_type=\"column\" data-e-type=\"column\">\n\t\t\t<div class=\"elementor-widget-wrap elementor-element-populated\">\n\t\t\t\t\t\t<div class=\"elementor-element elementor-element-b92bb90 elementor-widget elementor-widget-image\" data-id=\"b92bb90\" data-element_type=\"widget\" data-e-type=\"widget\" data-widget_type=\"image.default\">\n\t\t\t\t<div class=\"elementor-widget-container\">\n\t\t\t\t\t\t\t\t\t\t\t\t\t\t\t<img loading=\"lazy\" decoding=\"async\" width=\"500\" height=\"348\" src=\"https:\/\/www.oliosanfilippo.com\/wp-content\/uploads\/2017\/12\/oliva-sicilia-olio.jpg\" class=\"attachment-full size-full wp-image-10525\" alt=\"\" srcset=\"https:\/\/www.oliosanfilippo.com\/wp-content\/uploads\/2017\/12\/oliva-sicilia-olio.jpg 500w, https:\/\/www.oliosanfilippo.com\/wp-content\/uploads\/2017\/12\/oliva-sicilia-olio-300x209.jpg 300w\" sizes=\"(max-width: 500px) 100vw, 500px\" \/>\t\t\t\t\t\t\t\t\t\t\t\t\t\t\t<\/div>\n\t\t\t\t<\/div>\n\t\t\t\t\t<\/div>\n\t\t<\/div>\n\t\t\t\t\t<\/div>\n\t\t<\/section>\n\t\t\t\t<section data-particle_enable=\"false\" data-particle-mobile-disabled=\"false\" class=\"elementor-section elementor-top-section elementor-element elementor-element-d1ac93f elementor-reverse-mobile elementor-section-boxed elementor-section-height-default elementor-section-height-default\" data-id=\"d1ac93f\" data-element_type=\"section\" data-e-type=\"section\" data-settings=\"{&quot;background_background&quot;:&quot;classic&quot;}\">\n\t\t\t\t\t\t<div class=\"elementor-container elementor-column-gap-default\">\n\t\t\t\t\t<div class=\"elementor-column elementor-col-50 elementor-top-column elementor-element elementor-element-7078b2f\" data-id=\"7078b2f\" data-element_type=\"column\" data-e-type=\"column\">\n\t\t\t<div class=\"elementor-widget-wrap elementor-element-populated\">\n\t\t\t\t\t\t<div class=\"elementor-element elementor-element-7eb597b elementor-widget elementor-widget-image\" data-id=\"7eb597b\" data-element_type=\"widget\" data-e-type=\"widget\" data-widget_type=\"image.default\">\n\t\t\t\t<div class=\"elementor-widget-container\">\n\t\t\t\t\t\t\t\t\t\t\t\t\t\t\t<img loading=\"lazy\" decoding=\"async\" width=\"1080\" height=\"1350\" src=\"https:\/\/www.oliosanfilippo.com\/wp-content\/uploads\/2022\/10\/cerasuola.jpg\" class=\"attachment-full size-full wp-image-21095\" alt=\"\" srcset=\"https:\/\/www.oliosanfilippo.com\/wp-content\/uploads\/2022\/10\/cerasuola.jpg 1080w, https:\/\/www.oliosanfilippo.com\/wp-content\/uploads\/2022\/10\/cerasuola-240x300.jpg 240w, https:\/\/www.oliosanfilippo.com\/wp-content\/uploads\/2022\/10\/cerasuola-819x1024.jpg 819w, https:\/\/www.oliosanfilippo.com\/wp-content\/uploads\/2022\/10\/cerasuola-768x960.jpg 768w, https:\/\/www.oliosanfilippo.com\/wp-content\/uploads\/2022\/10\/cerasuola-900x1125.jpg 900w, https:\/\/www.oliosanfilippo.com\/wp-content\/uploads\/2022\/10\/cerasuola-600x750.jpg 600w\" sizes=\"(max-width: 1080px) 100vw, 1080px\" \/>\t\t\t\t\t\t\t\t\t\t\t\t\t\t\t<\/div>\n\t\t\t\t<\/div>\n\t\t\t\t\t<\/div>\n\t\t<\/div>\n\t\t\t\t<div class=\"elementor-column elementor-col-50 elementor-top-column elementor-element elementor-element-a90c9f4\" data-id=\"a90c9f4\" data-element_type=\"column\" data-e-type=\"column\">\n\t\t\t<div class=\"elementor-widget-wrap elementor-element-populated\">\n\t\t\t\t\t\t<div class=\"elementor-element elementor-element-cfa32a3 elementor-widget elementor-widget-text-editor\" data-id=\"cfa32a3\" data-element_type=\"widget\" data-e-type=\"widget\" data-widget_type=\"text-editor.default\">\n\t\t\t\t<div class=\"elementor-widget-container\">\n\t\t\t\t\t\t\t\t\t<p>Die Oliva Sicialiana schlechthin<\/p>\t\t\t\t\t\t\t\t<\/div>\n\t\t\t\t<\/div>\n\t\t\t\t<div class=\"elementor-element elementor-element-992bd1f elementor-widget elementor-widget-heading\" data-id=\"992bd1f\" data-element_type=\"widget\" data-e-type=\"widget\" data-widget_type=\"heading.default\">\n\t\t\t\t<div class=\"elementor-widget-container\">\n\t\t\t\t\t<h4 class=\"elementor-heading-title elementor-size-default\">Die Cerasuola<\/h4>\t\t\t\t<\/div>\n\t\t\t\t<\/div>\n\t\t\t\t<div class=\"elementor-element elementor-element-d5addf0 elementor-widget elementor-widget-text-editor\" data-id=\"d5addf0\" data-element_type=\"widget\" data-e-type=\"widget\" data-widget_type=\"text-editor.default\">\n\t\t\t\t<div class=\"elementor-widget-container\">\n\t\t\t\t\t\t\t\t\t<p>Die 'Cerasuola'-Olive ist eine der am weitesten verbreiteten Sorten in Sizilien. Es handelt sich um eine Olive, die ausschlie\u00dflich f\u00fcr die \u00d6lgewinnung bestimmt ist und nicht als Tafelolive verwendet wird. Das sizilianische native Oliven\u00f6l extra, das aus Cerasuola gewonnen wird, hat eine goldgr\u00fcne Farbe und ist reich an Polyphenolen - Antioxidantien, die gut f\u00fcr das Herz sind und das Risiko von Herzinfarkten und Herz-Kreislauf-Erkrankungen verhindern.\u00a0<\/p><p>Das gewonnene \u00d6l hat einen intensiven Geschmack mit einem Hauch von Bitterkeit und Sch\u00e4rfe.                Am Gaumen schmeckt er nach frisch geschnittenem Gras, Artischocke und Tomate. Cerasuola-\u00d6l eignet sich hervorragend zum W\u00fcrzen von gekochtem oder gegrilltem Fleisch und Fisch, von Suppen, Salaten und Bruschetta.<\/p><p>\u00a0<\/p>\t\t\t\t\t\t\t\t<\/div>\n\t\t\t\t<\/div>\n\t\t\t\t\t<\/div>\n\t\t<\/div>\n\t\t\t\t\t<\/div>\n\t\t<\/section>\n\t\t\t\t<\/div>","protected":false},"excerpt":{"rendered":"<p>Unser sizilianisches Natives Oliven\u00f6l Extra Die besten Sorten unseres Gebiets, ausgew\u00e4hlt f\u00fcr die perfekte Mischung Unser \u00d6l ist ein ausgewogenes \u00d6l mit einem unverwechselbaren Geschmack Die Sorten unserer besonderen Mischung Das von Sanfilippo Oil ausgew\u00e4hlte sizilianische Native Oliven\u00f6l Extra ist ein hundertprozentiges sizilianisches Natives Oliven\u00f6l Extra. Der Begriff extra nativ kann ausschlie\u00dflich definiert werden...<\/p>","protected":false},"author":26,"featured_media":0,"parent":0,"menu_order":0,"comment_status":"closed","ping_status":"closed","template":"elementor_header_footer","meta":{"_surecart_dashboard_logo_width":"180px","_surecart_dashboard_show_logo":true,"_surecart_dashboard_navigation_orders":true,"_surecart_dashboard_navigation_invoices":true,"_surecart_dashboard_navigation_subscriptions":true,"_surecart_dashboard_navigation_downloads":true,"_surecart_dashboard_navigation_billing":true,"_surecart_dashboard_navigation_account":true,"inline_featured_image":false,"_kad_post_transparent":"","_kad_post_title":"","_kad_post_layout":"","_kad_post_sidebar_id":"","_kad_post_content_style":"","_kad_post_vertical_padding":"","_kad_post_feature":"","_kad_post_feature_position":"","_kad_post_header":false,"_kad_post_footer":false,"_kad_post_classname":"","footnotes":""},"class_list":["post-21071","page","type-page","status-publish","hentry"],"_links":{"self":[{"href":"https:\/\/www.oliosanfilippo.com\/de\/wp-json\/wp\/v2\/pages\/21071","targetHints":{"allow":["GET"]}}],"collection":[{"href":"https:\/\/www.oliosanfilippo.com\/de\/wp-json\/wp\/v2\/pages"}],"about":[{"href":"https:\/\/www.oliosanfilippo.com\/de\/wp-json\/wp\/v2\/types\/page"}],"author":[{"embeddable":true,"href":"https:\/\/www.oliosanfilippo.com\/de\/wp-json\/wp\/v2\/users\/26"}],"replies":[{"embeddable":true,"href":"https:\/\/www.oliosanfilippo.com\/de\/wp-json\/wp\/v2\/comments?post=21071"}],"version-history":[{"count":32,"href":"https:\/\/www.oliosanfilippo.com\/de\/wp-json\/wp\/v2\/pages\/21071\/revisions"}],"predecessor-version":[{"id":21326,"href":"https:\/\/www.oliosanfilippo.com\/de\/wp-json\/wp\/v2\/pages\/21071\/revisions\/21326"}],"wp:attachment":[{"href":"https:\/\/www.oliosanfilippo.com\/de\/wp-json\/wp\/v2\/media?parent=21071"}],"curies":[{"name":"wp","href":"https:\/\/api.w.org\/{rel}","templated":true}]}}