{"id":21241,"date":"2022-10-19T15:49:41","date_gmt":"2022-10-19T13:49:41","guid":{"rendered":"http:\/\/www.oliosanfilippo.com\/?page_id=21241"},"modified":"2022-10-19T15:58:18","modified_gmt":"2022-10-19T13:58:18","slug":"cookies","status":"publish","type":"page","link":"https:\/\/www.oliosanfilippo.com\/de\/cookies\/","title":{"rendered":"Cookies"},"content":{"rendered":"<div data-elementor-type=\"wp-page\" data-elementor-id=\"21241\" class=\"elementor elementor-21241\" data-elementor-post-type=\"page\">\n\t\t\t\t\t\t<section data-particle_enable=\"false\" data-particle-mobile-disabled=\"false\" class=\"elementor-section elementor-top-section elementor-element elementor-element-b1ddba4 elementor-section-boxed elementor-section-height-default elementor-section-height-default\" data-id=\"b1ddba4\" data-element_type=\"section\" data-e-type=\"section\" data-settings=\"{&quot;background_background&quot;:&quot;classic&quot;}\">\n\t\t\t\t\t\t<div class=\"elementor-container elementor-column-gap-default\">\n\t\t\t\t\t<div class=\"elementor-column elementor-col-100 elementor-top-column elementor-element elementor-element-ad8651b\" data-id=\"ad8651b\" data-element_type=\"column\" data-e-type=\"column\">\n\t\t\t<div class=\"elementor-widget-wrap elementor-element-populated\">\n\t\t\t\t\t\t<div class=\"elementor-element elementor-element-54aaa28 elementor-widget elementor-widget-text-editor\" data-id=\"54aaa28\" data-element_type=\"widget\" data-e-type=\"widget\" data-widget_type=\"text-editor.default\">\n\t\t\t\t<div class=\"elementor-widget-container\">\n\t\t\t\t\t\t\t\t\t\n<h1 style=\"font-size: 50px; text-align: center;\">COOKIE-POLITIK<\/h1>\n<p>Cookie-Politik<br \/>Datum des Inkrafttretens: 07-Okt-2022<br \/>Letzte Aktualisierung: 07-Okt-2022<\/p>\n\n\n\n<p>Was sind Cookies?<br \/>In dieser Cookie-Richtlinie wird erkl\u00e4rt, was Cookies sind und wie wir sie verwenden, welche Arten von Cookies wir verwenden, welche Informationen wir durch Cookies sammeln und wie sie verwendet werden und wie Sie Ihre Cookie-Einstellungen verwalten k\u00f6nnen.<\/p>\n\n\n\n<p>Cookies sind kleine Textdateien, die dazu dienen, kleine Informationen zu speichern. Sie werden auf Ihrem Ger\u00e4t gespeichert, wenn die Website in Ihrem Browser geladen wird. Diese Cookies helfen uns, die Website ordnungsgem\u00e4\u00df zu betreiben, sie sicherer zu machen, die Nutzererfahrung zu verbessern, zu verstehen, wie die Website funktioniert, und zu analysieren, was funktioniert und wo wir sie verbessern m\u00fcssen.<\/p>\n\n\n\n<p>Wie verwenden wir Cookies?<br \/>Wie die meisten Online-Dienste verwendet auch unsere Website Cookies von Erstanbietern und Drittanbietern f\u00fcr unterschiedliche Zwecke. Erstanbieter-Cookies sind in den meisten F\u00e4llen f\u00fcr das ordnungsgem\u00e4\u00dfe Funktionieren der Website erforderlich und erfassen keine personenbezogenen Daten.<\/p>\n\n\n\n<p>Die auf unserer Website verwendeten Cookies von Drittanbietern werden haupts\u00e4chlich verwendet, um zu verstehen, wie die Website funktioniert, wie Sie mit unserer Website interagieren, um unsere Dienste sicher zu halten, um f\u00fcr Sie relevante Werbung bereitzustellen und um Ihnen generell eine bessere und verbesserte Benutzererfahrung zu bieten und Ihre zuk\u00fcnftigen Interaktionen mit unserer Website zu beschleunigen.<\/p>\n\n\n\n<p>Die Arten von Cookies, die wir verwenden<\/p>\n\n\n\n<div class=\"cky-audit-table-element\">\u00a0<\/div>\n\n\n\n<p>Verwaltung von Cookie-Einstellungen<\/p>\n\n\n\n<p><a class=\"cky-banner-element\"><u>Cookies Einstellungen<\/u><\/a><\/p>\n\n\n\n<p><br \/>Sie k\u00f6nnen Ihre Cookie-Einstellungen jederzeit \u00e4ndern, indem Sie auf die obige Schaltfl\u00e4che klicken. Auf diese Weise k\u00f6nnen Sie das Cookie-Einwilligungsbanner erneut aufrufen und Ihre Einstellungen \u00e4ndern oder Ihre Einwilligung sofort widerrufen.<\/p>\n\n\n\n<p>Au\u00dferdem bieten die verschiedenen Browser unterschiedliche Methoden zum Blockieren und L\u00f6schen von Cookies, die von Websites verwendet werden. Sie k\u00f6nnen Ihre Browsereinstellungen \u00e4ndern, um Cookies zu blockieren oder zu l\u00f6schen. Nachfolgend finden Sie Links zu Support-Dokumenten, in denen beschrieben wird, wie Sie Cookies in den wichtigsten Webbrowsern verwalten und l\u00f6schen k\u00f6nnen.<\/p>\n\n\n\n<p>Chrom: https:\/\/support.google.com\/accounts\/answer\/32050<\/p>\n\n\n\n<p>Safari: https:\/\/support.apple.com\/en-in\/guide\/safari\/sfri11471\/mac<\/p>\n\n\n\n<p>Firefox: https:\/\/support.mozilla.org\/en-US\/kb\/clear-cookies-and-site-data-firefox?redirectslug=delete-cookies-remove-info-websites-stored&amp;redirectlocale=en-US<\/p>\n\n\n\n<p>Internet Explorer: https:\/\/support.microsoft.com\/en-us\/topic\/how-to-delete-cookie-files-in-internet-explorer-bca9446f-d873-78de-77ba-d42645fa52fc<\/p>\n\n\n\n<p>Wenn Sie einen anderen Webbrowser verwenden, lesen Sie bitte die offiziellen Support-Dokumente des Browsers.<\/p>\n\n\n\n<p>Cookie-Richtlinie generiert von CookieYes - Cookie-Richtlinien-Generator.<\/p>\n\t\t\t\t\t\t\t\t<\/div>\n\t\t\t\t<\/div>\n\t\t\t\t\t<\/div>\n\t\t<\/div>\n\t\t\t\t\t<\/div>\n\t\t<\/section>\n\t\t\t\t<\/div>","protected":false},"excerpt":{"rendered":"<p>COOKIE POLICY Cookie PolicyEffective Date: 07-Oct-2022Last Updated: 07-Oct-2022 Was sind Cookies? Diese Cookie Policy erkl\u00e4rt, was Cookies sind und wie wir sie verwenden, welche Arten von Cookies wir verwenden, welche Informationen wir durch Cookies sammeln und wie sie verwendet werden, und wie Sie Ihre Cookie-Einstellungen verwalten k\u00f6nnen. I...<\/p>","protected":false},"author":26,"featured_media":0,"parent":0,"menu_order":0,"comment_status":"closed","ping_status":"closed","template":"","meta":{"_surecart_dashboard_logo_width":"180px","_surecart_dashboard_show_logo":true,"_surecart_dashboard_navigation_orders":true,"_surecart_dashboard_navigation_invoices":true,"_surecart_dashboard_navigation_subscriptions":true,"_surecart_dashboard_navigation_downloads":true,"_surecart_dashboard_navigation_billing":true,"_surecart_dashboard_navigation_account":true,"inline_featured_image":false,"_kad_post_transparent":"disable","_kad_post_title":"hide","_kad_post_layout":"fullwidth","_kad_post_sidebar_id":"","_kad_post_content_style":"unboxed","_kad_post_vertical_padding":"hide","_kad_post_feature":"hide","_kad_post_feature_position":"","_kad_post_header":false,"_kad_post_footer":false,"_kad_post_classname":"","footnotes":""},"class_list":["post-21241","page","type-page","status-publish","hentry"],"_links":{"self":[{"href":"https:\/\/www.oliosanfilippo.com\/de\/wp-json\/wp\/v2\/pages\/21241","targetHints":{"allow":["GET"]}}],"collection":[{"href":"https:\/\/www.oliosanfilippo.com\/de\/wp-json\/wp\/v2\/pages"}],"about":[{"href":"https:\/\/www.oliosanfilippo.com\/de\/wp-json\/wp\/v2\/types\/page"}],"author":[{"embeddable":true,"href":"https:\/\/www.oliosanfilippo.com\/de\/wp-json\/wp\/v2\/users\/26"}],"replies":[{"embeddable":true,"href":"https:\/\/www.oliosanfilippo.com\/de\/wp-json\/wp\/v2\/comments?post=21241"}],"version-history":[{"count":16,"href":"https:\/\/www.oliosanfilippo.com\/de\/wp-json\/wp\/v2\/pages\/21241\/revisions"}],"predecessor-version":[{"id":21279,"href":"https:\/\/www.oliosanfilippo.com\/de\/wp-json\/wp\/v2\/pages\/21241\/revisions\/21279"}],"wp:attachment":[{"href":"https:\/\/www.oliosanfilippo.com\/de\/wp-json\/wp\/v2\/media?parent=21241"}],"curies":[{"name":"wp","href":"https:\/\/api.w.org\/{rel}","templated":true}]}}