{"id":22340,"date":"2023-10-13T11:23:38","date_gmt":"2023-10-13T09:23:38","guid":{"rendered":"https:\/\/www.oliosanfilippo.com\/guardare\/"},"modified":"2023-10-13T12:06:42","modified_gmt":"2023-10-13T10:06:42","slug":"abbonamento-olio-intenso","status":"publish","type":"page","link":"https:\/\/www.oliosanfilippo.com\/de\/abbonamento-olio-intenso\/","title":{"rendered":"Intensiv\u00f6l-Abonnement"},"content":{"rendered":"<div class=\"wp-block-surecart-checkout-form\"><sc-checkout\n\tclass=\"checkout\"\n\tid=\"sc-checkout-22339\"\n\tstyle=\"text-align: left;--sc-form-row-spacing: 25px;\"\n\tmodified=\"2023-10-13 10:26:56\"\n\talignment=\"\"\n\tsuccess-url=\"\"\n>\n\t<sc-form>\n\t\t\t\t\t<sc-checkbox name=\"get_feedback\" value=\"Feedback\" style=\"display: none !important;\"><\/sc-checkbox>\n\t\t\t\t\n\n<div class=\"wp-block-surecart-columns is-full-height has-background is-layout-flex wp-block-surecart-columns-is-layout-flex\" style=\"background-color:#f3f4f6\">\n<div class=\"wp-block-surecart-column is-layout-constrained is-horizontally-aligned-right has-white-background-color has-background\" style=\"padding-top:60px;padding-right:60px;padding-bottom:60px;padding-left:60px;--sc-column-content-width:450px;--sc-form-row-spacing:30px\">\n\t\t<div>\n\n\t\t\t\t\t<div style=\"\">\n\t\t\n\t\t\t<img\n\t\t\t\tsrc=\"https:\/\/media.surecart.com\/ujaqpriewunbpwfnsmrttr6360cq\"\n\t\t\t\tstyle=\"object-fit: contain; object-position: left;width: 233px; max-width: 180px; max-height: 66px; \"\n\t\t\t\talt=\"\"\n\t\t\t\/>\n\n\t\t\t\t\t<\/div>\n\t\t\n\t\t<\/div>\n\n\t\t\n\n\n<sc-checkout-form-errors><\/sc-checkout-form-errors>\n\n\n\n<figure class=\"wp-block-image size-large\"><img fetchpriority=\"high\" decoding=\"async\" width=\"1024\" height=\"907\" src=\"https:\/\/www.oliosanfilippo.com\/wp-content\/uploads\/2022\/10\/Fruttato-Intenso-1024x907.jpg\" alt=\"\" class=\"wp-image-21959\" srcset=\"https:\/\/www.oliosanfilippo.com\/wp-content\/uploads\/2022\/10\/Fruttato-Intenso-1024x907.jpg 1024w, https:\/\/www.oliosanfilippo.com\/wp-content\/uploads\/2022\/10\/Fruttato-Intenso-300x266.jpg 300w, https:\/\/www.oliosanfilippo.com\/wp-content\/uploads\/2022\/10\/Fruttato-Intenso-768x680.jpg 768w, https:\/\/www.oliosanfilippo.com\/wp-content\/uploads\/2022\/10\/Fruttato-Intenso-1536x1360.jpg 1536w, https:\/\/www.oliosanfilippo.com\/wp-content\/uploads\/2022\/10\/Fruttato-Intenso-2048x1814.jpg 2048w, https:\/\/www.oliosanfilippo.com\/wp-content\/uploads\/2022\/10\/Fruttato-Intenso-14x12.jpg 14w, https:\/\/www.oliosanfilippo.com\/wp-content\/uploads\/2022\/10\/Fruttato-Intenso-900x797.jpg 900w, https:\/\/www.oliosanfilippo.com\/wp-content\/uploads\/2022\/10\/Fruttato-Intenso-600x531.jpg 600w\" sizes=\"(max-width: 1024px) 100vw, 1024px\" \/><\/figure>\n\n\n\n<h4 class=\"wp-block-heading\">Unser Natives Berg-Oliven\u00f6l Extra Intensiv Fruchtig<\/h4>\n\n\n\n<p><strong><em>Jetzt als Abonnement erh\u00e4ltlich!<\/em><\/strong><\/p>\n\n\n\n<p>Warum w\u00e4hlen\u00a0<strong>intensiv fruchtiges natives Oliven\u00f6l extra\u00a0<\/strong>im Format\u00a0<strong>Tasche im Karton<\/strong>:<br>\u25fe Hergestellt aus den Oliven Nocellara del Belice, Carolea, Cerasuola, 10% Coratina.<br>\u25fe Empfohlen, wenn Sie ein \u00d6l mit einer starken aromatischen Intensit\u00e4t und Geschmack suchen<br>\u25fe Neue innovative Verpackung gew\u00e4hrleistet perfekte \u00d6lkonservierung<br>\u25fe Berg\u00f6l mit hohem Polyphenolgehalt<\/p>\n\n\n\n<h5 class=\"wp-block-heading\"><strong>Warum ein Abonnement?<\/strong><\/h5>\n\n\n\n<p>Unser <strong>Berg\u00f6l<\/strong> bringt die reine Essenz der H\u00f6henlagen mit sich. Wenn Sie sich f\u00fcr ein Abonnement entscheiden, haben Sie eine Reihe von unvergleichlichen Vorteilen:<\/p>\n\n\n\n<ul class=\"wp-block-list\">\n<li><strong>T\u00e4gliche Erfahrung:<\/strong> Genie\u00dfen Sie stets die Authentizit\u00e4t und Frische unseres Berg\u00f6ls und lassen Sie es nie ausgehen.<\/li>\n\n\n\n<li><strong>Kosteng\u00fcnstig:<\/strong> erhalten Sie immer den g\u00fcnstigsten Preis f\u00fcr unser \u00d6l, wodurch jeder Tropfen noch wertvoller wird.<\/li>\n\n\n\n<li><strong>Sie m\u00fcssen nicht daran denken, es zu bestellen:<\/strong> Nie wieder ohne Ihr Lieblings\u00f6l, es wird Ihnen regelm\u00e4\u00dfig und unbesorgt nach Hause geliefert.<\/li>\n<\/ul>\n\n\n\n<p><strong>Freiheit:<\/strong><br>Ihre Wahl steht im Mittelpunkt unseres Handelns. <strong>Das Abonnement ist an keine Bedingungen gekn\u00fcpft:<\/strong> Sie k\u00f6nnen ihn jederzeit k\u00fcndigen, auch unmittelbar nach der ersten Lieferung.<\/p>\n<\/div>\n\n\n\n<div class=\"wp-block-surecart-column is-sticky is-layout-constrained is-horizontally-aligned-left\" style=\"padding-top:60px;padding-right:60px;padding-bottom:60px;padding-left:60px;--sc-column-content-width:450px;--sc-form-row-spacing:30px\">\n<h5 class=\"wp-block-heading\"><strong>Geben Sie Ihre Bestellung auf:<\/strong><\/h5>\n\n\n\n<sc-customer-name label=\"Nome e Cognome\" placeholder=\"Nome Cognome\" required class=\"wp-block-surecart-name\"><\/sc-customer-name>\n\n\n\n\t\t<sc-customer-email\n\t\t\tclass=\"\"\n\t\t\tlabel=\"Email\"\n\t\t\tplaceholder=\"la tua email\"\t\t\t\t\t\t\t\t\ttracking-confirmation-message=\"La tua email e il carrello vengono salvati in modo da poter inviare e-mail di promemoria per l&#039;ordine.\"\t\t\trequired\n\t\t\tautocomplete='email'\n\t\t\tinputmode='email'\n\t\t>\n\t\t<\/sc-customer-email>\n\n\t\t\n\n<sc-price-choices\n\t\t\t\t\tclass=\"wp-block-surecart-price-choice\"\n\t\t\t\t\tlabel=\"Scegli la formula pi\u00f9 addatta al tuo consumo:\"\n\t\t\t\t\ttype=\"radio\"\n\t\t\t\t\tcolumns=\"2\"\n\t\t\t\t>\n\t\t<sc-price-choice\n\t\t\tid=\"sc-price-choice-1\"\n\t\t\tprice-id=\"818e0d34-2022-41de-9dc1-f84d31c5213c\"\n\t\t\ttype=\"radio\"\n\t\t\tlabel=\"3 litri ogni mese\"\n\t\t\tdescription=\"\"\n\t\t\tchecked=\"true\"\n\t\t\tshow-label=\"true\"\n\t\t\tshow-price=\"true\"\n\t\t\tshow-control=\"false\"\n\t\t\tquantity=\"1\"\n\t\t><\/sc-price-choice>\n\t\t\n\n\t\t<sc-price-choice\n\t\t\tid=\"sc-price-choice-2\"\n\t\t\tprice-id=\"9c2211fe-1082-4349-b9ec-c4b5ed25fba8\"\n\t\t\ttype=\"radio\"\n\t\t\tlabel=\"5 litri ogni mese\"\n\t\t\tdescription=\"\"\n\t\t\tchecked=\"false\"\n\t\t\tshow-label=\"true\"\n\t\t\tshow-price=\"true\"\n\t\t\tshow-control=\"false\"\n\t\t\tquantity=\"1\"\n\t\t><\/sc-price-choice>\n\t\t\n\n\t\t<sc-price-choice\n\t\t\tid=\"sc-price-choice-3\"\n\t\t\tprice-id=\"99924e48-0f37-4572-835d-fa1710089287\"\n\t\t\ttype=\"radio\"\n\t\t\tlabel=\"3 litri ogni due mesi\"\n\t\t\tdescription=\"\"\n\t\t\tchecked=\"false\"\n\t\t\tshow-label=\"true\"\n\t\t\tshow-price=\"true\"\n\t\t\tshow-control=\"false\"\n\t\t\tquantity=\"1\"\n\t\t><\/sc-price-choice>\n\t\t\n\n\t\t<sc-price-choice\n\t\t\tid=\"sc-price-choice-4\"\n\t\t\tprice-id=\"a907dcbe-339d-4b35-88d9-0608ee06075f\"\n\t\t\ttype=\"radio\"\n\t\t\tlabel=\"5 litri ogni due mesi\"\n\t\t\tdescription=\"\"\n\t\t\tchecked=\"false\"\n\t\t\tshow-label=\"true\"\n\t\t\tshow-price=\"true\"\n\t\t\tshow-control=\"false\"\n\t\t\tquantity=\"1\"\n\t\t><\/sc-price-choice>\n\t\t\n\n\t\t<sc-price-choice\n\t\t\tid=\"sc-price-choice-5\"\n\t\t\tprice-id=\"e6725007-593b-411f-b6fe-3f97c6ecab88\"\n\t\t\ttype=\"radio\"\n\t\t\tlabel=\"3 litri ogni tre mesi\"\n\t\t\tdescription=\"\"\n\t\t\tchecked=\"false\"\n\t\t\tshow-label=\"true\"\n\t\t\tshow-price=\"true\"\n\t\t\tshow-control=\"false\"\n\t\t\tquantity=\"1\"\n\t\t><\/sc-price-choice>\n\t\t\n\n\t\t<sc-price-choice\n\t\t\tid=\"sc-price-choice-6\"\n\t\t\tprice-id=\"20189ec0-19dc-47f2-90d4-eb85ad2921ac\"\n\t\t\ttype=\"radio\"\n\t\t\tlabel=\"5 litri ogni tre mesi\"\n\t\t\tdescription=\"\"\n\t\t\tchecked=\"false\"\n\t\t\tshow-label=\"true\"\n\t\t\tshow-price=\"true\"\n\t\t\tshow-control=\"false\"\n\t\t\tquantity=\"1\"\n\t\t><\/sc-price-choice>\n\t\t\n\n\t\t<sc-price-choice\n\t\t\tid=\"sc-price-choice-7\"\n\t\t\tprice-id=\"d7c7b5f4-7011-48ee-b908-c4aeabf01d60\"\n\t\t\ttype=\"radio\"\n\t\t\tlabel=\"20 litri ogni quattro mesi\"\n\t\t\tdescription=\"\"\n\t\t\tchecked=\"false\"\n\t\t\tshow-label=\"true\"\n\t\t\tshow-price=\"true\"\n\t\t\tshow-control=\"false\"\n\t\t\tquantity=\"1\"\n\t\t><\/sc-price-choice>\n\t\t\n\n\t\t<sc-price-choice\n\t\t\tid=\"sc-price-choice-8\"\n\t\t\tprice-id=\"301df0a4-3b14-4c63-85a3-e3115a5b0211\"\n\t\t\ttype=\"radio\"\n\t\t\tlabel=\"20 litri ogni sei mesi\"\n\t\t\tdescription=\"\"\n\t\t\tchecked=\"false\"\n\t\t\tshow-label=\"true\"\n\t\t\tshow-price=\"true\"\n\t\t\tshow-control=\"false\"\n\t\t\tquantity=\"1\"\n\t\t><\/sc-price-choice>\n\t\t\n<\/sc-price-choices>\n\n\n<sc-order-summary collapsible=\"1\" closed-text=\"Riepilogo ordine\" open-text=\"Riepilogo ordine\" class=\"wp-block-surecart-totals\">\n<sc-divider><\/sc-divider>\n\n\n\n<sc-line-items removable=\"1\" editable=\"1\" class=\"wp-block-surecart-line-items\"><\/sc-line-items>\n\n\n\n<sc-divider><\/sc-divider>\n\n\n\n<sc-line-item-total total=\"subtotal\" class=\"wp-block-surecart-subtotal\"><span slot=\"description\">Zwischensumme<\/span><\/sc-line-item-total>\n\n\n\t\t<sc-order-coupon-form\n\t\t\tlabel=\"\"\n\t\t\tplaceholder=\"Inserisci il codice sconto\"\n\t\t\tbutton-text=\"\"\n\t\t\tcollapsed>\n\t\t<\/sc-order-coupon-form>\n\t\t\n\n\n<sc-line-item-tax class=\"wp-block-surecart-tax-line-item\"><\/sc-line-item-tax>\n\n\n\n<sc-divider><\/sc-divider>\n\n\n\n<sc-line-item-total total=\"total\" size=\"large\" show-currency=\"1\" class=\"wp-block-surecart-total\"><span slot=\"title\">Insgesamt<\/span><span slot=\"subscription-title\">Heute zu zahlen<\/span><\/sc-line-item-total>\n<\/sc-order-summary>\n\n\n\t\t<sc-order-shipping-address\n\t\t\tlabel=\"Indirizzo di spedizione\"\n\t\t\tfull\t\t\t\t\t\t\t\t\trequired=\"true\"\n\t\t\tdefault-country=\"IT\"\n\t\t><\/sc-order-shipping-address>\n\t\t\t\t\t<sc-order-billing-address\n\t\t\tlabel=\"Billing Address\"\n\t\t\ttoggle-label=\"Billing address is same as shipping\"\n\t\t\t\t\t\t\t\t\tdefault-country=\"IT\"\n\t\t><\/sc-order-billing-address>\n\t\t\t\n\n\n\t\t<sc-payment\n\t\t\tid=\"sc-payment-0\"\n\t\t\tclass=\"\"\n\t\t>\n\t\t\t\t\t\t\t<sc-stripe-payment-element slot=\"stripe\"><\/sc-stripe-payment-element>\n\t\t\t\n\t\t\t\t\t<\/sc-payment>\n\t\t\n\n\t\t<sc-order-submit\n\t\t\ttype=\"primary\"\n\t\t\tfull=\"true\"\n\t\t\tsize=\"large\"\n\t\t\ticon=\"lock\"\t\t\tshow-total=\"true\"\n\t\t\tsecure-notice=\"true\"\n\t\t\tsecure-notice-text=\"Pagamento sicuro e criptato.\"\n\t\t\t\t\t\t\t\t\tclass=\"wp-block-surecart-submit\"\n\t\t>Abonnieren<\/sc-order-submit>\n\t\t<\/div>\n<\/div>\n\n\t<\/sc-form>\n<\/sc-checkout>\n<\/div>","protected":false},"excerpt":{"rendered":"","protected":false},"author":1,"featured_media":0,"parent":0,"menu_order":0,"comment_status":"closed","ping_status":"closed","template":"pages\/template-surecart-blank.php","meta":{"_surecart_dashboard_logo_width":"180px","_surecart_dashboard_show_logo":true,"_surecart_dashboard_navigation_orders":true,"_surecart_dashboard_navigation_invoices":true,"_surecart_dashboard_navigation_subscriptions":true,"_surecart_dashboard_navigation_downloads":true,"_surecart_dashboard_navigation_billing":true,"_surecart_dashboard_navigation_account":true,"inline_featured_image":false,"_kad_post_transparent":"","_kad_post_title":"","_kad_post_layout":"","_kad_post_sidebar_id":"","_kad_post_content_style":"","_kad_post_vertical_padding":"","_kad_post_feature":"","_kad_post_feature_position":"","_kad_post_header":false,"_kad_post_footer":false,"_kad_post_classname":"","footnotes":""},"class_list":["post-22340","page","type-page","status-publish","hentry"],"_links":{"self":[{"href":"https:\/\/www.oliosanfilippo.com\/de\/wp-json\/wp\/v2\/pages\/22340","targetHints":{"allow":["GET"]}}],"collection":[{"href":"https:\/\/www.oliosanfilippo.com\/de\/wp-json\/wp\/v2\/pages"}],"about":[{"href":"https:\/\/www.oliosanfilippo.com\/de\/wp-json\/wp\/v2\/types\/page"}],"author":[{"embeddable":true,"href":"https:\/\/www.oliosanfilippo.com\/de\/wp-json\/wp\/v2\/users\/1"}],"replies":[{"embeddable":true,"href":"https:\/\/www.oliosanfilippo.com\/de\/wp-json\/wp\/v2\/comments?post=22340"}],"version-history":[{"count":2,"href":"https:\/\/www.oliosanfilippo.com\/de\/wp-json\/wp\/v2\/pages\/22340\/revisions"}],"predecessor-version":[{"id":22350,"href":"https:\/\/www.oliosanfilippo.com\/de\/wp-json\/wp\/v2\/pages\/22340\/revisions\/22350"}],"wp:attachment":[{"href":"https:\/\/www.oliosanfilippo.com\/de\/wp-json\/wp\/v2\/media?parent=22340"}],"curies":[{"name":"wp","href":"https:\/\/api.w.org\/{rel}","templated":true}]}}