{"id":26,"date":"2014-11-05T15:48:27","date_gmt":"2014-11-05T14:48:27","guid":{"rendered":"http:\/\/www.oliosanfilippo.com\/?page_id=26"},"modified":"2014-11-05T15:48:27","modified_gmt":"2014-11-05T14:48:27","slug":"disclaimer","status":"publish","type":"page","link":"https:\/\/www.oliosanfilippo.com\/de\/disclaimer\/","title":{"rendered":"Haftungsausschluss"},"content":{"rendered":"<p style=\"text-align: justify;\">ZUL\u00c4SSIGE NUTZUNG<\/p>\n<p>Die <strong>Frantoio Oleario Di Sanfilippo Daniele<\/strong> ist der Eigent\u00fcmer dieser Website und pflegt sie. Die <em>Frantoio Oleario Di Sanfilippo Daniele<\/em> gestattet den Nutzern den Zugang und die Nutzung der Website, einschlie\u00dflich Texten, Bildern, Audio- und Videodateien oder Software, ausschlie\u00dflich zu pers\u00f6nlichen Informationszwecken. Das Herunterladen von Materialien und Inhalten, die auf der Website pr\u00e4sentiert werden, ist ausschlie\u00dflich f\u00fcr pers\u00f6nliche und nicht-kommerzielle Zwecke gestattet, vorausgesetzt, dass alle in diesen Materialien enthaltenen Eigentums- und Urheberrechtsvermerke beachtet werden. Es ist Ihnen nicht gestattet, den Inhalt der Website, einschlie\u00dflich Text, Bilder, Audio- und Videodateien oder Software, ohne vorherige schriftliche Genehmigung der <em>Frantoio Oleario Di Sanfilippo Daniele<\/em>. Sie d\u00fcrfen die Website in keiner Weise nutzen, wenn eine solche Nutzung einen Server besch\u00e4digen, deaktivieren, \u00fcberlasten oder beeintr\u00e4chtigen oder die Nutzung der Website durch Dritte beeintr\u00e4chtigen k\u00f6nnte. Sofern nicht anders angegeben, d\u00fcrfen Sie die auf dieser Website ver\u00f6ffentlichten Simulationen und Testergebnisse im Umgang mit Ihren Kunden verwenden.<\/p>\n<p>DIE AUF DER WEBSITE VER\u00d6FFENTLICHTEN INHALTE<\/p>\n<p>Die Materialien und Inhalte der Website, einschlie\u00dflich des gesamten geistigen Eigentums, sind Eigentum der <em>Frantoio Oleario Di Sanfilippo Daniele<\/em>. Alle Materialien, Inhalte und Funktionen der Website, einschlie\u00dflich, aber nicht beschr\u00e4nkt auf Texte, Grafiken, Logos, Icons und Bilder sowie deren Auswahl und Anordnung, sind das ausschlie\u00dfliche Eigentum der <em>Frantoio Oleario Di Sanfilippo Daniele<\/em> und sind durch nationale und internationale Urheberrechtsgesetze gesch\u00fctzt. Alle nicht ausdr\u00fccklich gew\u00e4hrten Rechte sind vorbehalten. Es ist verboten, Schriftz\u00fcge zum Schutz des geistigen Eigentums, einschlie\u00dflich Urheberrechtsvermerke, zu entfernen, die an Inhalten oder Materialien angebracht sind, die von der Website heruntergeladen wurden. Die auf der Website dargestellten Bilder und Grafiken sind Eigentum der <em>Frantoio Oleario Di Sanfilippo Daniele<\/em> oder von letzteren mit der Erlaubnis eines Dritten verwendet werden. Die Verwendung dieser Bilder durch den Nutzer oder von ihm bevollm\u00e4chtigte Personen ist untersagt, es sei denn, es liegt eine ausdr\u00fcckliche Genehmigung in diesen Bedingungen oder an anderer Stelle auf der Website vor. Die unbefugte Verwendung solcher Bilder kann eine Verletzung des Urheberrechts, des Markenrechts, des Rechts auf Privatsph\u00e4re oder der Publizit\u00e4tsvorschriften sowie der Kommunikationsregeln und -gesetze darstellen.<\/p>","protected":false},"excerpt":{"rendered":"<p>USO CONSENTITO Il Frantoio Oleario Di Sanfilippo Daniele \u00e8 proprietario di questo sito e ne cura la\u00a0 gestione. Il Frantoio Oleario Di Sanfilippo Daniele autorizza agli utenti l\u2019accesso al Sito e l\u2019utilizzo dello stesso, ivi compresi testi, immagini, audio, video o software, a solo scopo di informazione personale. \u00c8 consentito, esclusivamente per scopo personale e&#8230;<\/p>","protected":false},"author":26,"featured_media":0,"parent":0,"menu_order":0,"comment_status":"closed","ping_status":"closed","template":"","meta":{"_surecart_dashboard_logo_width":"180px","_surecart_dashboard_show_logo":true,"_surecart_dashboard_navigation_orders":true,"_surecart_dashboard_navigation_invoices":true,"_surecart_dashboard_navigation_subscriptions":true,"_surecart_dashboard_navigation_downloads":true,"_surecart_dashboard_navigation_billing":true,"_surecart_dashboard_navigation_account":true,"inline_featured_image":false,"_kad_post_transparent":"","_kad_post_title":"","_kad_post_layout":"","_kad_post_sidebar_id":"","_kad_post_content_style":"","_kad_post_vertical_padding":"","_kad_post_feature":"","_kad_post_feature_position":"","_kad_post_header":false,"_kad_post_footer":false,"_kad_post_classname":"","footnotes":""},"class_list":["post-26","page","type-page","status-publish","hentry"],"_links":{"self":[{"href":"https:\/\/www.oliosanfilippo.com\/de\/wp-json\/wp\/v2\/pages\/26","targetHints":{"allow":["GET"]}}],"collection":[{"href":"https:\/\/www.oliosanfilippo.com\/de\/wp-json\/wp\/v2\/pages"}],"about":[{"href":"https:\/\/www.oliosanfilippo.com\/de\/wp-json\/wp\/v2\/types\/page"}],"author":[{"embeddable":true,"href":"https:\/\/www.oliosanfilippo.com\/de\/wp-json\/wp\/v2\/users\/26"}],"replies":[{"embeddable":true,"href":"https:\/\/www.oliosanfilippo.com\/de\/wp-json\/wp\/v2\/comments?post=26"}],"version-history":[{"count":0,"href":"https:\/\/www.oliosanfilippo.com\/de\/wp-json\/wp\/v2\/pages\/26\/revisions"}],"wp:attachment":[{"href":"https:\/\/www.oliosanfilippo.com\/de\/wp-json\/wp\/v2\/media?parent=26"}],"curies":[{"name":"wp","href":"https:\/\/api.w.org\/{rel}","templated":true}]}}