{"id":10107,"date":"2017-04-24T17:46:22","date_gmt":"2017-04-24T15:46:22","guid":{"rendered":"http:\/\/www.oliosanfilippo.com\/?post_type=product&#038;p=7560"},"modified":"2025-12-06T22:24:17","modified_gmt":"2025-12-06T21:24:17","slug":"pate-finochietto-selvatico-olio-sanfilippo","status":"publish","type":"product","link":"https:\/\/www.oliosanfilippo.com\/de\/abbonamento\/pate-finochietto-selvatico-olio-sanfilippo\/","title":{"rendered":"Pat\u00e8 di Finocchietto selvatico 180g"},"content":{"rendered":"<p><strong>Beschreibung:<\/strong><\/p>\n<p>Wilder Fenchel ist eine im Mittelmeerraum weit verbreitete Pflanze, die seit jeher f\u00fcr ihre aromatischen Eigenschaften bekannt ist. Daher eignet sich diese Pastete hervorragend f\u00fcr die Zubereitung von Pastagerichten oder einfach zum W\u00fcrzen einer knusprigen Scheibe Toast.<\/p>","protected":false},"excerpt":{"rendered":"<p><strong>Zutaten:<\/strong><\/p>\n<div class=\"page\" title=\"Seite 4\">\n<div class=\"layoutArea\">\n<div class=\"column\">\n<p>Wilder Fenchel 90%, Zwiebel,<br \/>\nSultaninen, Pinienkerne, Anchovis, Salz, Chili, Sonnenblumen\u00f6l, Oliven\u00f6l.<\/p>\n<p>Nettogewicht gr. 180<\/p>\n<\/div>\n<\/div>\n<\/div>","protected":false},"featured_media":10709,"comment_status":"open","ping_status":"closed","template":"","meta":{"_surecart_dashboard_logo_width":"180px","_surecart_dashboard_show_logo":true,"_surecart_dashboard_navigation_orders":true,"_surecart_dashboard_navigation_invoices":true,"_surecart_dashboard_navigation_subscriptions":true,"_surecart_dashboard_navigation_downloads":true,"_surecart_dashboard_navigation_billing":true,"_surecart_dashboard_navigation_account":true,"inline_featured_image":false,"_kad_post_transparent":"default","_kad_post_title":"","_kad_post_layout":"default","_kad_post_sidebar_id":"","_kad_post_content_style":"default","_kad_post_vertical_padding":"default","_kad_post_feature":"","_kad_post_feature_position":"","_kad_post_header":false,"_kad_post_footer":false,"_kad_post_classname":""},"product_brand":[],"product_cat":[19,123],"product_tag":[37,22,62],"class_list":{"0":"post-10107","1":"product","2":"type-product","3":"status-publish","4":"has-post-thumbnail","6":"product_cat-conserve","7":"product_cat-pate","8":"product_tag-finocchietto","9":"product_tag-prodotti-siciliani","10":"product_tag-selezione-pate","12":"first","13":"instock","14":"shipping-taxable","15":"purchasable","16":"product-type-variable","17":"entry","18":"content-bg","19":"loop-entry"},"_links":{"self":[{"href":"https:\/\/www.oliosanfilippo.com\/de\/wp-json\/wp\/v2\/product\/10107","targetHints":{"allow":["GET"]}}],"collection":[{"href":"https:\/\/www.oliosanfilippo.com\/de\/wp-json\/wp\/v2\/product"}],"about":[{"href":"https:\/\/www.oliosanfilippo.com\/de\/wp-json\/wp\/v2\/types\/product"}],"replies":[{"embeddable":true,"href":"https:\/\/www.oliosanfilippo.com\/de\/wp-json\/wp\/v2\/comments?post=10107"}],"version-history":[{"count":4,"href":"https:\/\/www.oliosanfilippo.com\/de\/wp-json\/wp\/v2\/product\/10107\/revisions"}],"predecessor-version":[{"id":23381,"href":"https:\/\/www.oliosanfilippo.com\/de\/wp-json\/wp\/v2\/product\/10107\/revisions\/23381"}],"wp:featuredmedia":[{"embeddable":true,"href":"https:\/\/www.oliosanfilippo.com\/de\/wp-json\/wp\/v2\/media\/10709"}],"wp:attachment":[{"href":"https:\/\/www.oliosanfilippo.com\/de\/wp-json\/wp\/v2\/media?parent=10107"}],"wp:term":[{"taxonomy":"product_brand","embeddable":true,"href":"https:\/\/www.oliosanfilippo.com\/de\/wp-json\/wp\/v2\/product_brand?post=10107"},{"taxonomy":"product_cat","embeddable":true,"href":"https:\/\/www.oliosanfilippo.com\/de\/wp-json\/wp\/v2\/product_cat?post=10107"},{"taxonomy":"product_tag","embeddable":true,"href":"https:\/\/www.oliosanfilippo.com\/de\/wp-json\/wp\/v2\/product_tag?post=10107"}],"curies":[{"name":"wp","href":"https:\/\/api.w.org\/{rel}","templated":true}]}}