{"id":11125,"date":"2018-01-17T01:36:36","date_gmt":"2018-01-17T00:36:36","guid":{"rendered":"https:\/\/www.oliosanfilippo.com\/?post_type=product&#038;p=11125"},"modified":"2025-10-11T11:43:50","modified_gmt":"2025-10-11T09:43:50","slug":"kit-degustazione-olio","status":"publish","type":"product","link":"https:\/\/www.oliosanfilippo.com\/de\/abbonamento\/kit-degustazione-olio\/","title":{"rendered":"Kit Degustazione Olio EVO 2025\/2026"},"content":{"rendered":"<p><em><span style=\"font-size: 14pt;\">1. <\/span><strong><span style=\"font-size: 14pt;\">Intensive Fruchtigkeit.<\/span><\/strong><\/em><\/p>\n<p><strong><em>Kaltgepresstes, intensiv-fruchtiges Natives Oliven\u00f6l Extra<\/em><\/strong><\/p>\n<p><span style=\"font-size: 12pt;\"><em>\u00a0<\/em>Unser Natives Oliven\u00f6l Extra Intensiv Fruchtig ist ein vollmundiges sizilianisches Oliven\u00f6l mit einer Farbe von\u00a0<strong>tiefgr\u00fcn<\/strong>\u00a0und zeichnet sich durch besonders ausgepr\u00e4gte aromatische Noten aus.<\/span><\/p>\n<p><span style=\"font-size: 12pt;\">In der Nase kann man den Duft von frisch gepressten Oliven oder von frisch gem\u00e4htem Gras riechen. Die Geschmacksnoten des \u00d6ls sind von starker Intensit\u00e4t, wobei w\u00fcrzige und bittere Noten \u00fcberwiegen und ein Hauch von Artischocke oder gr\u00fcner Mandel zu erkennen ist.<\/span><\/p>\n<p><span style=\"font-size: 12pt;\">Es ist ein Extra Virgin aus der\u00a0<strong>starke Pers\u00f6nlichkeit<\/strong>stark, aber ausgewogen. Schmackhaft und reich an Polyphenolen und nat\u00fcrlichen Antioxidantien, die das klassische Kribbeln in der Kehle hervorrufen.  Kr\u00e4ftiger und altert\u00fcmlicher Geschmack, der die Eigenschaften des Gebiets widerspiegelt, in dem die Olivenb\u00e4ume geerntet werden, wobei besondere Sorten von Bergoliven entstehen, die in den Bergen von Sicani im Zentrum geerntet werden<\/span><span style=\"font-size: 12pt;\"> von Sizilien.<\/span><\/p>\n<p><em><span style=\"font-size: 14pt;\">2.<\/span><strong><span style=\"font-size: 14pt;\"> Zartfruchtig<\/span><\/strong><\/em><\/p>\n<p><strong><em>Kaltgepresstes Natives Oliven\u00f6l Extra Zart-fruchtig<\/em><\/strong><\/p>\n<p><strong><em>\u00a0<\/em><\/strong>Unser Natives Oliven\u00f6l Extra Fruttato Delicato ist ein delikates sizilianisches \u00d6l mit einer hellgr\u00fcnen Farbe mit goldenen Reflexen und zeichnet sich durch weniger ausgepr\u00e4gte aromatische Noten als die intensiv fruchtigen aus. Der Olivengeschmack in diesem \u00d6l ist von mittlerer Intensit\u00e4t.<\/p>\n<p>Es ist in der Tat ein \u00d6l mit perfekt ausgewogenen bitteren und w\u00fcrzigen Noten. Antike D\u00fcfte, die die Eigenschaften des Gebiets widerspiegeln, in dem die Olivenb\u00e4ume geerntet werden, die besondere Sorten von Bergoliven hervorbringen, die in den Sicani-Bergen im Zentrum Siziliens geerntet werden.<\/p>\n<p>Durch das dreistufige Kaltextraktionsverfahren bleiben alle organoleptischen Eigenschaften der Oliven erhalten.<\/p>\n<p>Dank seiner besonderen Ausgewogenheit passt er zu allen mediterranen Gerichten und tr\u00e4gt dazu bei, Salate, gegrilltes Gem\u00fcse und sogar Fischzubereitungen \/ Tartar und Rohkost besonders schmackhaft zu machen.<\/p>\n<p>3. <em><strong><span style=\"font-size: 14pt;\">Bio<\/span><\/strong><\/em><\/p>\n<p><strong><em>Kaltgepresstes Natives Bio-Oliven\u00f6l Extra<\/em><\/strong><\/p>\n<p>Unser biologisches Natives Oliven\u00f6l Extra ist ein sizilianisches \u00d6l mit dem Aussehen\u00a0<strong>vollmundig,<\/strong>\u00a0hat eine Farbe\u00a0<strong>bernsteinfarben gr\u00fcn<\/strong>\u00a0und ist durch aromatische Noten gekennzeichnet\u00a0<strong>angenehm bitter und w\u00fcrzig<\/strong>.<\/p>\n<p>Es ist ein s\u00fc\u00dfes \u00d6l mit einem delikaten und besonders fruchtigen Geschmack, das einzigartige sensorische Noten aufweist, die an das Aroma von frisch gepfl\u00fcckten Tomaten, gr\u00fcnen Mandeln und Artischocken erinnern.<\/p>\n<p>Diese Geschmacksempfehlungen spiegeln die Eigenschaften des Gebiets wider, in dem die Olivenb\u00e4ume geerntet werden. Es handelt sich um besondere Sorten von Bergoliven, die in den Sicani-Bergen im Zentrum Siziliens geerntet werden, einem traditionellen landwirtschaftlichen Umfeld mit einer Jahrtausende alten M\u00fchlenkultur.<\/p>\n<p>Natives Oliven\u00f6l extra\u00a0<strong>Bio<\/strong>, 100% Italienisch, wird aus biologisch bewirtschafteten Olivenhainen hergestellt. Seine Einzigartigkeit liegt in der Leidenschaft unserer Kleinbauern, die ihre Olivenhaine nach traditionellen Methoden pflegen.<\/p>\n<p>Das dreistufige Kaltextraktionsverfahren bewahrt alle organoleptischen Eigenschaften der Oliven und erfolgt innerhalb von 48 Stunden nach der Ernte.<\/p>\n<p>&nbsp;<\/p>","protected":false},"excerpt":{"rendered":"<p style=\"text-align: left;\"><strong>Lassen Sie sich von dem einzigartigen und unverf\u00e4lschten Geschmack unseres Berg\u00f6ls \u00fcberzeugen<\/strong><\/p>\n<p style=\"text-align: left;\">Wir haben ein spezielles Paket f\u00fcr Sie geschn\u00fcrt, das drei Flaschen unserer besten Auswahlen enth\u00e4lt<\/p>\n<h5><span style=\"font-size: 12pt;\">Verkostungsset<\/span><\/h5>\n<p>Packungsinhalt:<\/p>\n<p>1 Flasche Natives Oliven\u00f6l Extra Intensiv Fruchtig 500 ml;<br \/>\n1 Flasche natives Oliven\u00f6l extraFruttato medio von 500 ml;<br \/>\n1 Flasche natives Bio-Oliven\u00f6l extra 500 ml.<\/p>","protected":false},"featured_media":19564,"comment_status":"closed","ping_status":"closed","template":"","meta":{"_surecart_dashboard_logo_width":"180px","_surecart_dashboard_show_logo":true,"_surecart_dashboard_navigation_orders":true,"_surecart_dashboard_navigation_invoices":true,"_surecart_dashboard_navigation_subscriptions":true,"_surecart_dashboard_navigation_downloads":true,"_surecart_dashboard_navigation_billing":true,"_surecart_dashboard_navigation_account":true,"inline_featured_image":false,"_kad_post_transparent":"default","_kad_post_title":"","_kad_post_layout":"default","_kad_post_sidebar_id":"","_kad_post_content_style":"default","_kad_post_vertical_padding":"default","_kad_post_feature":"","_kad_post_feature_position":"","_kad_post_header":false,"_kad_post_footer":false,"_kad_post_classname":""},"product_brand":[],"product_cat":[111,41],"product_tag":[58,43,44,42],"class_list":{"0":"post-11125","1":"product","2":"type-product","3":"status-publish","4":"has-post-thumbnail","6":"product_cat-kit-degustazione","7":"product_cat-prodotti-speciali","8":"product_tag-fruttato-delicato","9":"product_tag-fruttato-intenso","10":"product_tag-fruttato-medio","11":"product_tag-olio-extravergine-di-oliva","13":"first","14":"instock","15":"sale","16":"shipping-taxable","17":"purchasable","18":"product-type-simple","19":"entry","20":"content-bg","21":"loop-entry"},"_links":{"self":[{"href":"https:\/\/www.oliosanfilippo.com\/de\/wp-json\/wp\/v2\/product\/11125","targetHints":{"allow":["GET"]}}],"collection":[{"href":"https:\/\/www.oliosanfilippo.com\/de\/wp-json\/wp\/v2\/product"}],"about":[{"href":"https:\/\/www.oliosanfilippo.com\/de\/wp-json\/wp\/v2\/types\/product"}],"replies":[{"embeddable":true,"href":"https:\/\/www.oliosanfilippo.com\/de\/wp-json\/wp\/v2\/comments?post=11125"}],"version-history":[{"count":9,"href":"https:\/\/www.oliosanfilippo.com\/de\/wp-json\/wp\/v2\/product\/11125\/revisions"}],"predecessor-version":[{"id":23460,"href":"https:\/\/www.oliosanfilippo.com\/de\/wp-json\/wp\/v2\/product\/11125\/revisions\/23460"}],"wp:featuredmedia":[{"embeddable":true,"href":"https:\/\/www.oliosanfilippo.com\/de\/wp-json\/wp\/v2\/media\/19564"}],"wp:attachment":[{"href":"https:\/\/www.oliosanfilippo.com\/de\/wp-json\/wp\/v2\/media?parent=11125"}],"wp:term":[{"taxonomy":"product_brand","embeddable":true,"href":"https:\/\/www.oliosanfilippo.com\/de\/wp-json\/wp\/v2\/product_brand?post=11125"},{"taxonomy":"product_cat","embeddable":true,"href":"https:\/\/www.oliosanfilippo.com\/de\/wp-json\/wp\/v2\/product_cat?post=11125"},{"taxonomy":"product_tag","embeddable":true,"href":"https:\/\/www.oliosanfilippo.com\/de\/wp-json\/wp\/v2\/product_tag?post=11125"}],"curies":[{"name":"wp","href":"https:\/\/api.w.org\/{rel}","templated":true}]}}