{"id":22645,"date":"2024-02-16T12:48:12","date_gmt":"2024-02-16T11:48:12","guid":{"rendered":"https:\/\/www.oliosanfilippo.com\/?post_type=product&#038;p=22645"},"modified":"2025-12-06T19:18:49","modified_gmt":"2025-12-06T18:18:49","slug":"bruschetta-montanara","status":"publish","type":"product","link":"https:\/\/www.oliosanfilippo.com\/de\/abbonamento\/bruschetta-montanara\/","title":{"rendered":"Bruschetta Montanara"},"content":{"rendered":"<p><strong>Beschreibung:<\/strong><\/p>\n<p>Bringen Sie die authentische Bruschetta-Tradition aus den Bergen mit unserer exklusiven Pat\u00e8 auf den Tisch. Diese Delikatesse, angereichert mit <strong>aromatischer Fenchel und sonnengetrocknete Tomaten<\/strong>f\u00e4ngt die Aromen des <strong>Berggebiete<\/strong> in jedem L\u00f6ffel.<br \/>\nDer Fenchel verleiht der Pastete einen einzigartigen Duft, w\u00e4hrend die sonnengetrocknete Tomate einen Hauch von mediterraner Intensit\u00e4t und Geschmack verleiht. Durch die Kombination dieser hochwertigen Zutaten entsteht eine Bruschetta Montanara, die Sie direkt in unsere Berge entf\u00fchrt.<\/p>\n<p>Diese Pastete passt nicht nur zu Toast:<br \/>\nGro\u00dfz\u00fcgig auf knusprige Brotscheiben streichen, um ein <strong>unwiderstehliche Vorspeise<\/strong> oder als Gew\u00fcrz zum Abschmecken verwenden <strong>Nudeln, Risotto oder gegrilltes Fleisch<\/strong>. Die Vielseitigkeit dieser Pastete macht sie zum idealen Begleiter f\u00fcr jeden kulinarischen Anlass.<\/p>\n<p>Entdecken Sie die Harmonie der Aromen der Berge mit unserer Pat\u00e8 Bruschetta Montanara. Sie verbindet Tradition und Moderne in jedem Bissen, bringt den umh\u00fcllenden Geschmack unserer Erde auf den Tisch und schenkt Ihnen ein unvergessliches gastronomisches Erlebnis.<\/p>","protected":false},"excerpt":{"rendered":"<p><strong>Zutaten:<\/strong><\/p>\n<div class=\"page\" title=\"Seite 4\">\n<div class=\"layoutArea\">\n<div class=\"column\">\n<p>Wilder Fenchel 25%, Sonnenblumenkern\u00f6l, sonnengetrocknete Tomaten 15%, Artischocken, Sardellen, Oliven\u00f6l, Weinessig, Knoblauch, Chili, Oregano, S\u00e4ureregulatoren: E330- E270<\/p>\n<p>Nettogewicht gr. 180<\/p>\n<\/div>\n<\/div>\n<\/div>","protected":false},"featured_media":23178,"comment_status":"open","ping_status":"closed","template":"","meta":{"_surecart_dashboard_logo_width":"180px","_surecart_dashboard_show_logo":true,"_surecart_dashboard_navigation_orders":true,"_surecart_dashboard_navigation_invoices":true,"_surecart_dashboard_navigation_subscriptions":true,"_surecart_dashboard_navigation_downloads":true,"_surecart_dashboard_navigation_billing":true,"_surecart_dashboard_navigation_account":true,"inline_featured_image":false,"_kad_post_transparent":"default","_kad_post_title":"","_kad_post_layout":"default","_kad_post_sidebar_id":"","_kad_post_content_style":"default","_kad_post_vertical_padding":"default","_kad_post_feature":"","_kad_post_feature_position":"","_kad_post_header":false,"_kad_post_footer":false,"_kad_post_classname":""},"product_brand":[],"product_cat":[19,123],"product_tag":[116,115,22,62],"class_list":{"0":"post-22645","1":"product","2":"type-product","3":"status-publish","4":"has-post-thumbnail","6":"product_cat-conserve","7":"product_cat-pate","8":"product_tag-pesto-di-pistacchio","9":"product_tag-pistacchio","10":"product_tag-prodotti-siciliani","11":"product_tag-selezione-pate","13":"first","14":"instock","15":"shipping-taxable","16":"purchasable","17":"product-type-variable","18":"entry","19":"content-bg","20":"loop-entry"},"_links":{"self":[{"href":"https:\/\/www.oliosanfilippo.com\/de\/wp-json\/wp\/v2\/product\/22645","targetHints":{"allow":["GET"]}}],"collection":[{"href":"https:\/\/www.oliosanfilippo.com\/de\/wp-json\/wp\/v2\/product"}],"about":[{"href":"https:\/\/www.oliosanfilippo.com\/de\/wp-json\/wp\/v2\/types\/product"}],"replies":[{"embeddable":true,"href":"https:\/\/www.oliosanfilippo.com\/de\/wp-json\/wp\/v2\/comments?post=22645"}],"version-history":[{"count":6,"href":"https:\/\/www.oliosanfilippo.com\/de\/wp-json\/wp\/v2\/product\/22645\/revisions"}],"predecessor-version":[{"id":23481,"href":"https:\/\/www.oliosanfilippo.com\/de\/wp-json\/wp\/v2\/product\/22645\/revisions\/23481"}],"wp:featuredmedia":[{"embeddable":true,"href":"https:\/\/www.oliosanfilippo.com\/de\/wp-json\/wp\/v2\/media\/23178"}],"wp:attachment":[{"href":"https:\/\/www.oliosanfilippo.com\/de\/wp-json\/wp\/v2\/media?parent=22645"}],"wp:term":[{"taxonomy":"product_brand","embeddable":true,"href":"https:\/\/www.oliosanfilippo.com\/de\/wp-json\/wp\/v2\/product_brand?post=22645"},{"taxonomy":"product_cat","embeddable":true,"href":"https:\/\/www.oliosanfilippo.com\/de\/wp-json\/wp\/v2\/product_cat?post=22645"},{"taxonomy":"product_tag","embeddable":true,"href":"https:\/\/www.oliosanfilippo.com\/de\/wp-json\/wp\/v2\/product_tag?post=22645"}],"curies":[{"name":"wp","href":"https:\/\/api.w.org\/{rel}","templated":true}]}}