{"id":21241,"date":"2022-10-19T15:49:41","date_gmt":"2022-10-19T13:49:41","guid":{"rendered":"http:\/\/www.oliosanfilippo.com\/?page_id=21241"},"modified":"2022-10-19T15:58:18","modified_gmt":"2022-10-19T13:58:18","slug":"cookies","status":"publish","type":"page","link":"https:\/\/www.oliosanfilippo.com\/es\/cookies\/","title":{"rendered":"Cookies"},"content":{"rendered":"<div data-elementor-type=\"wp-page\" data-elementor-id=\"21241\" class=\"elementor elementor-21241\" data-elementor-post-type=\"page\">\n\t\t\t\t\t\t<section data-particle_enable=\"false\" data-particle-mobile-disabled=\"false\" class=\"elementor-section elementor-top-section elementor-element elementor-element-b1ddba4 elementor-section-boxed elementor-section-height-default elementor-section-height-default\" data-id=\"b1ddba4\" data-element_type=\"section\" data-e-type=\"section\" data-settings=\"{&quot;background_background&quot;:&quot;classic&quot;}\">\n\t\t\t\t\t\t<div class=\"elementor-container elementor-column-gap-default\">\n\t\t\t\t\t<div class=\"elementor-column elementor-col-100 elementor-top-column elementor-element elementor-element-ad8651b\" data-id=\"ad8651b\" data-element_type=\"column\" data-e-type=\"column\">\n\t\t\t<div class=\"elementor-widget-wrap elementor-element-populated\">\n\t\t\t\t\t\t<div class=\"elementor-element elementor-element-54aaa28 elementor-widget elementor-widget-text-editor\" data-id=\"54aaa28\" data-element_type=\"widget\" data-e-type=\"widget\" data-widget_type=\"text-editor.default\">\n\t\t\t\t<div class=\"elementor-widget-container\">\n\t\t\t\t\t\t\t\t\t\n<h1 style=\"font-size: 50px; text-align: center;\">POL\u00cdTICA DE COOKIES<\/h1>\n<p>Pol\u00edtica de cookies<br \/>Fecha de entrada en vigor: 07-Oct-2022<br \/>\u00daltima actualizaci\u00f3n: 07-Oct-2022<\/p>\n\n\n\n<p>\u00bfQu\u00e9 son las cookies?<br \/>Esta Pol\u00edtica de Cookies explica qu\u00e9 son las cookies y c\u00f3mo las utilizamos, los tipos de cookies que utilizamos, la informaci\u00f3n que recopilamos a trav\u00e9s de las cookies y c\u00f3mo se utilizan, y c\u00f3mo gestionar su configuraci\u00f3n de cookies.<\/p>\n\n\n\n<p>Las cookies son peque\u00f1os archivos de texto que se utilizan para almacenar peque\u00f1as piezas de informaci\u00f3n. Se almacenan en su dispositivo cuando el sitio web se carga en su navegador. Estas cookies nos ayudan a que el sitio web funcione correctamente, a que sea m\u00e1s seguro, a proporcionar una mejor experiencia al usuario, a entender c\u00f3mo funciona el sitio web y a analizar lo que funciona y lo que debemos mejorar.<\/p>\n\n\n\n<p>\u00bfC\u00f3mo utilizamos las cookies?<br \/>Al igual que la mayor\u00eda de los servicios en l\u00ednea, nuestro sitio web utiliza cookies de origen y de terceros con distintos fines. Las cookies de origen son en su mayor\u00eda necesarias para que el sitio web funcione correctamente y no recogen ning\u00fan dato personal.<\/p>\n\n\n\n<p>Las cookies de terceros que se utilizan en nuestro sitio web se emplean principalmente para entender c\u00f3mo funciona el sitio web, c\u00f3mo interact\u00faa usted con nuestro sitio web, para mantener la seguridad de nuestros servicios, para ofrecer anuncios relevantes para usted y, en general, para ofrecerle una experiencia de usuario mejorada y agilizar sus futuras interacciones con nuestro sitio web.<\/p>\n\n\n\n<p>Los tipos de cookies que utilizamos<\/p>\n\n\n\n<div class=\"cky-audit-table-element\">\u00a0<\/div>\n\n\n\n<p>Gesti\u00f3n de las preferencias de las cookies<\/p>\n\n\n\n<p><a class=\"cky-banner-element\"><u>Configuraci\u00f3n de las cookies<\/u><\/a><\/p>\n\n\n\n<p><br \/>Puede cambiar sus preferencias de cookies en cualquier momento haciendo clic en el bot\u00f3n de arriba. Esto le permitir\u00e1 volver a visitar el banner de consentimiento de cookies y cambiar sus preferencias o retirar su consentimiento ahora.<\/p>\n\n\n\n<p>Adem\u00e1s, los distintos navegadores ofrecen diferentes m\u00e9todos para bloquear y eliminar las cookies utilizadas por los sitios web. Puede cambiar la configuraci\u00f3n de su navegador para bloquear\/borrar las cookies. A continuaci\u00f3n encontrar\u00e1 enlaces a documentos de apoyo sobre c\u00f3mo gestionar y eliminar las cookies de los principales navegadores web.<\/p>\n\n\n\n<p>Cromo: https:\/\/support.google.com\/accounts\/answer\/32050<\/p>\n\n\n\n<p>Safari: https:\/\/support.apple.com\/en-in\/guide\/safari\/sfri11471\/mac<\/p>\n\n\n\n<p>Firefox: https:\/\/support.mozilla.org\/en-US\/kb\/clear-cookies-and-site-data-firefox?redirectslug=delete-cookies-remove-info-websites-stored&amp;redirectlocale=en-US<\/p>\n\n\n\n<p>Internet Explorer: https:\/\/support.microsoft.com\/en-us\/topic\/how-to-delete-cookie-files-in-internet-explorer-bca9446f-d873-78de-77ba-d42645fa52fc<\/p>\n\n\n\n<p>Si utiliza otro navegador web, visite los documentos oficiales de soporte del navegador.<\/p>\n\n\n\n<p>Pol\u00edtica de cookies generada por CookieYes - Generador de pol\u00edticas de cookies.<\/p>\n\t\t\t\t\t\t\t\t<\/div>\n\t\t\t\t<\/div>\n\t\t\t\t\t<\/div>\n\t\t<\/div>\n\t\t\t\t\t<\/div>\n\t\t<\/section>\n\t\t\t\t<\/div>","protected":false},"excerpt":{"rendered":"<p>POL\u00cdTICA DE COOKIES Pol\u00edtica de CookiesFecha de entrada en vigor: 07-Oct-2022\u00daltima actualizaci\u00f3n: 07-Oct-2022 \u00bfQu\u00e9 son las cookies? Esta Pol\u00edtica de Cookies explica qu\u00e9 son las cookies y c\u00f3mo las utilizamos, los tipos de cookies que utilizamos, la informaci\u00f3n que recopilamos a trav\u00e9s de las cookies y c\u00f3mo se utilizan, y c\u00f3mo gestionar su configuraci\u00f3n de cookies. I...<\/p>","protected":false},"author":26,"featured_media":0,"parent":0,"menu_order":0,"comment_status":"closed","ping_status":"closed","template":"","meta":{"_surecart_dashboard_logo_width":"180px","_surecart_dashboard_show_logo":true,"_surecart_dashboard_navigation_orders":true,"_surecart_dashboard_navigation_invoices":true,"_surecart_dashboard_navigation_subscriptions":true,"_surecart_dashboard_navigation_downloads":true,"_surecart_dashboard_navigation_billing":true,"_surecart_dashboard_navigation_account":true,"inline_featured_image":false,"_kad_post_transparent":"disable","_kad_post_title":"hide","_kad_post_layout":"fullwidth","_kad_post_sidebar_id":"","_kad_post_content_style":"unboxed","_kad_post_vertical_padding":"hide","_kad_post_feature":"hide","_kad_post_feature_position":"","_kad_post_header":false,"_kad_post_footer":false,"_kad_post_classname":"","footnotes":""},"class_list":["post-21241","page","type-page","status-publish","hentry"],"_links":{"self":[{"href":"https:\/\/www.oliosanfilippo.com\/es\/wp-json\/wp\/v2\/pages\/21241","targetHints":{"allow":["GET"]}}],"collection":[{"href":"https:\/\/www.oliosanfilippo.com\/es\/wp-json\/wp\/v2\/pages"}],"about":[{"href":"https:\/\/www.oliosanfilippo.com\/es\/wp-json\/wp\/v2\/types\/page"}],"author":[{"embeddable":true,"href":"https:\/\/www.oliosanfilippo.com\/es\/wp-json\/wp\/v2\/users\/26"}],"replies":[{"embeddable":true,"href":"https:\/\/www.oliosanfilippo.com\/es\/wp-json\/wp\/v2\/comments?post=21241"}],"version-history":[{"count":16,"href":"https:\/\/www.oliosanfilippo.com\/es\/wp-json\/wp\/v2\/pages\/21241\/revisions"}],"predecessor-version":[{"id":21279,"href":"https:\/\/www.oliosanfilippo.com\/es\/wp-json\/wp\/v2\/pages\/21241\/revisions\/21279"}],"wp:attachment":[{"href":"https:\/\/www.oliosanfilippo.com\/es\/wp-json\/wp\/v2\/media?parent=21241"}],"curies":[{"name":"wp","href":"https:\/\/api.w.org\/{rel}","templated":true}]}}