{"id":29,"date":"2014-11-05T16:19:17","date_gmt":"2014-11-05T15:19:17","guid":{"rendered":"http:\/\/www.oliosanfilippo.com\/?page_id=29"},"modified":"2022-10-19T15:56:22","modified_gmt":"2022-10-19T13:56:22","slug":"privacy","status":"publish","type":"page","link":"https:\/\/www.oliosanfilippo.com\/es\/privacy\/","title":{"rendered":"Privacidad"},"content":{"rendered":"<div data-elementor-type=\"wp-page\" data-elementor-id=\"29\" class=\"elementor elementor-29\" data-elementor-post-type=\"page\">\n\t\t\t\t\t\t<section data-particle_enable=\"false\" data-particle-mobile-disabled=\"false\" class=\"elementor-section elementor-top-section elementor-element elementor-element-5dfd1dae elementor-section-boxed elementor-section-height-default elementor-section-height-default\" data-id=\"5dfd1dae\" data-element_type=\"section\" data-e-type=\"section\">\n\t\t\t\t\t\t<div class=\"elementor-container elementor-column-gap-default\">\n\t\t\t\t\t<div class=\"elementor-column elementor-col-100 elementor-top-column elementor-element elementor-element-162967d0\" data-id=\"162967d0\" data-element_type=\"column\" data-e-type=\"column\">\n\t\t\t<div class=\"elementor-widget-wrap elementor-element-populated\">\n\t\t\t\t\t\t<div class=\"elementor-element elementor-element-58bfcb4b elementor-widget elementor-widget-text-editor\" data-id=\"58bfcb4b\" data-element_type=\"widget\" data-e-type=\"widget\" data-widget_type=\"text-editor.default\">\n\t\t\t\t<div class=\"elementor-widget-container\">\n\t\t\t\t\t\t\t\t\t\n<h1 style=\"font-size: 50px; text-align: center;\">POL\u00cdTICA DE PRIVACIDAD<\/h1><p style=\"text-align: justify;\"><strong>Objeto<\/strong>Informaci\u00f3n sobre el tratamiento de sus datos personales, de conformidad con el art\u00edculo 13 del Decreto Legislativo 196\/2003, que contiene el C\u00f3digo de Protecci\u00f3n de Datos Personales, y solicitud de su consentimiento para el tratamiento de determinados datos.<\/p>\n<p style=\"text-align: justify;\">1. El Decreto Legislativo 196\/2003 introdujo el c\u00f3digo de protecci\u00f3n de datos personales. En cumplimiento de las disposiciones de este c\u00f3digo, el tratamiento de datos personales por parte de nuestra organizaci\u00f3n se basa en los principios de correcci\u00f3n, legalidad y transparencia, as\u00ed como en la protecci\u00f3n de la confidencialidad y los derechos de las personas a las que se refieren los datos.<\/p>\n<p style=\"text-align: justify;\">2. En este contexto, le proporcionamos la informaci\u00f3n prevista por el art\u00edculo 13 del Decreto Legislativo 196\/2003 y le pedimos que exprese su consentimiento para el tratamiento de los datos personales que se especifican a continuaci\u00f3n para los siguientes fines: gestionar su solicitud de informaci\u00f3n y\/o reserva con el fin de proporcionarle la informaci\u00f3n pertinente.<\/p>\n<p style=\"text-align: justify;\">3. El suministro de sus datos es obligatorio para la consecuci\u00f3n de las finalidades mencionadas anteriormente; el hecho de no proporcionar sus datos, o de proporcionar datos parciales o incorrectos, puede suponer la imposibilidad de prestarle los servicios solicitados.<\/p>\n<p style=\"text-align: justify;\">4. Si ha dado su consentimiento y hasta que lo revoque, sus datos personales tambi\u00e9n ser\u00e1n tratados para los siguientes fines adicionales:<\/p>\n<p style=\"padding-left: 30px; text-align: justify;\">a. Realizar estudios e investigaciones estad\u00edsticas y de mercado;\nb. enviar por correo, correo electr\u00f3nico y\/o canales telef\u00f3nicos, material publicitario, informativo y comercial;\nc. realizar actividades de venta y colocaci\u00f3n directas e indirectas\nd. realizar comunicaciones comerciales interactivas; e. realizar encuestas de satisfacci\u00f3n del cliente sobre la calidad de los servicios prestados (tambi\u00e9n a trav\u00e9s de terceros).<\/p>\n<p style=\"text-align: justify;\">Usted puede revocar en cualquier momento el consentimiento otorgado para estos fines poni\u00e9ndose en contacto con el responsable indicado en el punto 10. El consentimiento para el tratamiento y los fines establecidos en este punto 4 no es obligatorio; si lo rechaza, sus datos ser\u00e1n tratados \u00fanicamente para los fines establecidos en el punto 2 anterior.<\/p>\n<p style=\"text-align: justify;\">5. Al tratarse de clientes o potenciales clientes, los datos objeto de tratamiento suelen ser de naturaleza com\u00fan, ya que est\u00e1n constituidos esencialmente por elementos de identificaci\u00f3n personal. En caso de que usted indique en los campos que no prev\u00e9n una indicaci\u00f3n espec\u00edfica los datos que, de acuerdo con el art\u00edculo 4 letra d) del Decreto Legislativo 196\/2003, son de naturaleza sensible y como tal merecen una protecci\u00f3n especial, le informamos que dichos datos ser\u00e1n tratados por nosotros dentro de los l\u00edmites previstos por el C\u00f3digo de Privacidad. Recordamos que, en general, el art\u00edculo 4 letra d) del Decreto Legislativo 196\/2003 define los \"datos sensibles\" como los datos personales \"capaces de revelar el origen racial o \u00e9tnico, las convicciones religiosas, filos\u00f3ficas o de otro tipo, las opiniones pol\u00edticas, la pertenencia a partidos, sindicatos, asociaciones u organizaciones de car\u00e1cter religioso, filos\u00f3fico, pol\u00edtico o sindical, as\u00ed como los datos personales que revelen la salud y la vida sexual\".<\/p>\n<p style=\"text-align: justify;\">6. Los datos recogidos se tratar\u00e1n en papel y\/o por medios electr\u00f3nicos y, en cualquier caso, de acuerdo con la normativa aplicable.<\/p>\n7. Especificamos que nuestra organizaci\u00f3n aplica las medidas organizativas, f\u00edsicas y l\u00f3gicas necesarias para garantizar la seguridad de los datos, con especial referencia a las disposiciones del Anexo B del Decreto Presidencial 196\/2003. Reglamentos t\u00e9cnicos sobre medidas m\u00ednimas de seguridad.\n\n8. Adem\u00e1s de los empleados de la empresa, algunos tratamientos de sus datos personales pueden ser realizados por terceros, con sede en Italia y\/o en el extranjero, a los que nuestra organizaci\u00f3n conf\u00eda ciertas actividades (o parte de ellas) funcionales a la prestaci\u00f3n de los servicios mencionados anteriormente. En este caso los mismos sujetos operar\u00e1n como Responsables del Tratamiento aut\u00f3nomos o ser\u00e1n designados como Encargados del Tratamiento o Responsables del mismo. Los Encargados y Responsables del Tratamiento designados recibir\u00e1n instrucciones de funcionamiento adecuadas, con especial referencia a la adopci\u00f3n de medidas m\u00ednimas de seguridad, para poder garantizar la confidencialidad y seguridad de los datos. Los terceros mencionados anteriormente se incluyen esencialmente en las siguientes categor\u00edas: Empresas de cobro de cr\u00e9ditos, Empresas que procesan datos de tr\u00e1fico con fines de facturaci\u00f3n, Empresas encargadas de la impresi\u00f3n y env\u00edo de facturas a los clientes, Empresas de consultor\u00eda, Empresas de transferencia de cr\u00e9ditos, Agentes y Procuradores, Franquiciados, Proveedores de servicios tecnol\u00f3gicos, Proveedores de contenidos.\n\n9. A continuaci\u00f3n reproducimos el extracto del art\u00edculo 7 del Decreto Legislativo 196\/2003, para recordarle que puede ejercer los siguientes derechos en relaci\u00f3n con nosotros:\n<p style=\"text-align: justify; padding-left: 30px;\">a. obtener la confirmaci\u00f3n de la existencia de los datos personales que le conciernen, aunque a\u00fan no est\u00e9n registrados, y su comunicaci\u00f3n en forma inteligible\nb. obtener una indicaci\u00f3n del origen de los datos personales, as\u00ed como de los fines y m\u00e9todos de tratamiento\nc. obtener una indicaci\u00f3n de la l\u00f3gica aplicada en el tratamiento realizado con ayuda de instrumentos electr\u00f3nicos\nd. ser informado de la identidad del responsable del tratamiento y de los encargados del mismo\ne. obtener informaci\u00f3n sobre los sujetos o categor\u00edas de sujetos a los que se pueden comunicar los datos personales o que pueden tener conocimiento de los mismos en su calidad de representante designado en el territorio del Estado, de responsables del tratamiento o de encargados del tratamiento\nf. obtener la actualizaci\u00f3n, la rectificaci\u00f3n o, en su caso, la integraci\u00f3n de los datos\ng. obtener la cancelaci\u00f3n, la transformaci\u00f3n en forma an\u00f3nima o el bloqueo de los datos tratados en violaci\u00f3n de la ley\nh. obtener la supresi\u00f3n, la transformaci\u00f3n en forma an\u00f3nima o el bloqueo de los datos cuya conservaci\u00f3n no sea necesaria en relaci\u00f3n con los fines para los que fueron recogidos o tratados posteriormente\ni. obtener la certificaci\u00f3n de que la actualizaci\u00f3n, la rectificaci\u00f3n, la integraci\u00f3n, la supresi\u00f3n, la anonimizaci\u00f3n o el bloqueo de los datos han sido notificados, tambi\u00e9n en relaci\u00f3n con su contenido, a las entidades a las que se comunicaron o difundieron los datos, salvo que esta exigencia resulte imposible o suponga un esfuerzo manifiestamente desproporcionado en relaci\u00f3n con el derecho que se pretende proteger\nj. oponerse, total o parcialmente, por motivos leg\u00edtimos, al tratamiento de sus datos personales, aunque sean pertinentes a la finalidad de la recogida\nk. oponerse, total o parcialmente, al tratamiento de los datos personales que le conciernen para el env\u00edo de material publicitario o de venta directa o para la realizaci\u00f3n de estudios de mercado o de comunicaci\u00f3n comercial.<\/p>\n<p style=\"text-align: justify;\">10. Para ejercer estos derechos, p\u00f3ngase en contacto con el responsable del tratamiento: <strong>Sanfilippo Daniele<\/strong> (<strong><em>Frantoio Oleario Di Sanfilippo Daniele<\/em><\/strong>), C.da San Pietro, 90030 Castronovo di Sicilia (PA).<\/p>\t\t\t\t\t\t\t\t<\/div>\n\t\t\t\t<\/div>\n\t\t\t\t\t<\/div>\n\t\t<\/div>\n\t\t\t\t\t<\/div>\n\t\t<\/section>\n\t\t\t\t<\/div>","protected":false},"excerpt":{"rendered":"<p>POL\u00cdTICA DE PRIVACIDAD Asunto: Informaci\u00f3n sobre el tratamiento de sus datos personales, de conformidad con el art\u00edculo 13 del Decreto Legislativo 196\/2003, que contiene el c\u00f3digo en materia de protecci\u00f3n de datos personales, y solicitud de su consentimiento para el tratamiento de determinados datos. El Decreto Legislativo 196\/2003 introdujo el c\u00f3digo de protecci\u00f3n de datos personales. En cumplimiento de...<\/p>","protected":false},"author":26,"featured_media":0,"parent":0,"menu_order":0,"comment_status":"closed","ping_status":"closed","template":"elementor_header_footer","meta":{"_surecart_dashboard_logo_width":"180px","_surecart_dashboard_show_logo":true,"_surecart_dashboard_navigation_orders":true,"_surecart_dashboard_navigation_invoices":true,"_surecart_dashboard_navigation_subscriptions":true,"_surecart_dashboard_navigation_downloads":true,"_surecart_dashboard_navigation_billing":true,"_surecart_dashboard_navigation_account":true,"inline_featured_image":false,"_kad_post_transparent":"disable","_kad_post_title":"","_kad_post_layout":"","_kad_post_sidebar_id":"","_kad_post_content_style":"","_kad_post_vertical_padding":"","_kad_post_feature":"","_kad_post_feature_position":"","_kad_post_header":false,"_kad_post_footer":false,"_kad_post_classname":"","footnotes":""},"class_list":["post-29","page","type-page","status-publish","hentry"],"_links":{"self":[{"href":"https:\/\/www.oliosanfilippo.com\/es\/wp-json\/wp\/v2\/pages\/29","targetHints":{"allow":["GET"]}}],"collection":[{"href":"https:\/\/www.oliosanfilippo.com\/es\/wp-json\/wp\/v2\/pages"}],"about":[{"href":"https:\/\/www.oliosanfilippo.com\/es\/wp-json\/wp\/v2\/types\/page"}],"author":[{"embeddable":true,"href":"https:\/\/www.oliosanfilippo.com\/es\/wp-json\/wp\/v2\/users\/26"}],"replies":[{"embeddable":true,"href":"https:\/\/www.oliosanfilippo.com\/es\/wp-json\/wp\/v2\/comments?post=29"}],"version-history":[{"count":7,"href":"https:\/\/www.oliosanfilippo.com\/es\/wp-json\/wp\/v2\/pages\/29\/revisions"}],"predecessor-version":[{"id":21276,"href":"https:\/\/www.oliosanfilippo.com\/es\/wp-json\/wp\/v2\/pages\/29\/revisions\/21276"}],"wp:attachment":[{"href":"https:\/\/www.oliosanfilippo.com\/es\/wp-json\/wp\/v2\/media?parent=29"}],"curies":[{"name":"wp","href":"https:\/\/api.w.org\/{rel}","templated":true}]}}