{"id":11125,"date":"2018-01-17T01:36:36","date_gmt":"2018-01-17T00:36:36","guid":{"rendered":"https:\/\/www.oliosanfilippo.com\/?post_type=product&#038;p=11125"},"modified":"2025-10-11T11:43:50","modified_gmt":"2025-10-11T09:43:50","slug":"kit-degustazione-olio","status":"publish","type":"product","link":"https:\/\/www.oliosanfilippo.com\/es\/abbonamento\/kit-degustazione-olio\/","title":{"rendered":"Kit Degustazione Olio EVO 2025\/2026"},"content":{"rendered":"<p><em><span style=\"font-size: 14pt;\">1. <\/span><strong><span style=\"font-size: 14pt;\">Frutado intenso.<\/span><\/strong><\/em><\/p>\n<p><strong><em>Aceite de oliva virgen extra afrutado intenso prensado en fr\u00edo<\/em><\/strong><\/p>\n<p><span style=\"font-size: 12pt;\"><em>\u00a0<\/em>Nuestro Aceite de Oliva Virgen Extra Frutado Intenso es un aceite de oliva siciliano con cuerpo y con un color\u00a0<strong>verde intenso<\/strong>\u00a0y se caracteriza por unas notas arom\u00e1ticas especialmente pronunciadas.<\/span><\/p>\n<p><span style=\"font-size: 12pt;\">En la nariz, se puede percibir el aroma de las aceitunas reci\u00e9n prensadas o el olor de la hierba reci\u00e9n cortada. Las notas de sabor del aceite son de fuerte intensidad, con predominio del picante y el amargo y toques de alcachofa o almendra verde.<\/span><\/p>\n<p><span style=\"font-size: 12pt;\">Se trata de un Virgen Extra de la\u00a0<strong>fuerte personalidad<\/strong>fuerte pero equilibrado. Sabroso y rico en polifenoles y antioxidantes naturales que le proporcionar\u00e1n el cl\u00e1sico cosquilleo en la garganta.  Sabores fuertes y antiguos que reflejan las caracter\u00edsticas de la zona donde se cosechan los olivos, produciendo variedades especiales de aceitunas de monta\u00f1a que se recogen en las monta\u00f1as de Sicani, en el centro<\/span><span style=\"font-size: 12pt;\"> de Sicilia.<\/span><\/p>\n<p><em><span style=\"font-size: 14pt;\">2.<\/span><strong><span style=\"font-size: 14pt;\"> Delicada fruta<\/span><\/strong><\/em><\/p>\n<p><strong><em>Aceite de Oliva Virgen Extra Prensado en Fr\u00edo Delicado Afrutado<\/em><\/strong><\/p>\n<p><strong><em>\u00a0<\/em><\/strong>Nuestro aceite de oliva virgen extra Fruttato Delicato es un aceite siciliano de aspecto delicado, con un color verde claro con matices dorados y que se caracteriza por unas notas arom\u00e1ticas menos pronunciadas que el afrutado intenso. El sabor de la aceituna en este aceite es de intensidad media.<\/p>\n<p>De hecho, es un aceite con notas amargas y picantes perfectamente equilibradas. Aromas ancestrales que reflejan las caracter\u00edsticas de la zona donde se cosechan los olivos, produciendo variedades especiales de aceitunas de monta\u00f1a que se recogen en las monta\u00f1as de Sicani, en el centro de Sicilia.<\/p>\n<p>El proceso de extracci\u00f3n en fr\u00edo en tres fases preserva todas las caracter\u00edsticas organol\u00e9pticas de las aceitunas.<\/p>\n<p>Gracias a su particular equilibrio, combina bien con todos los platos mediterr\u00e1neos, ayudando a hacer especiales y sabrosas las ensaladas, las verduras a la parrilla e incluso las preparaciones de pescado \/ tartar y crudit\u00e9s.<\/p>\n<p>3. <em><strong><span style=\"font-size: 14pt;\">Org\u00e1nico<\/span><\/strong><\/em><\/p>\n<p><strong><em>Aceite de oliva virgen extra ecol\u00f3gico extra\u00eddo en fr\u00edo<\/em><\/strong><\/p>\n<p>Nuestro aceite de oliva virgen extra biol\u00f3gico es un aceite siciliano con la apariencia\u00a0<strong>con mucho cuerpo,<\/strong>\u00a0tiene un color\u00a0<strong>verde \u00e1mbar<\/strong>\u00a0y se caracteriza por sus notas arom\u00e1ticas\u00a0<strong>agradablemente amargo y picante<\/strong>.<\/p>\n<p>Es un aceite dulce de sabor delicado y particularmente afrutado, que presenta notas sensoriales \u00fanicas que recuerdan el aroma de los tomates reci\u00e9n cosechados, las almendras verdes y las alcachofas.<\/p>\n<p>Estas sugerencias de sabor reflejan las caracter\u00edsticas de la zona donde se cosechan los olivos, produciendo variedades especiales de aceitunas de monta\u00f1a que se recogen en las monta\u00f1as de Sicani, en el centro de Sicilia, un contexto agr\u00edcola tradicional con una cultura milenaria de molienda.<\/p>\n<p>Aceite de oliva virgen extra\u00a0<strong>Org\u00e1nico<\/strong>, 100% italiano, se produce a partir de olivares de cultivo ecol\u00f3gico. Su singularidad reside en la pasi\u00f3n de nuestros peque\u00f1os agricultores que cuidan sus olivares con m\u00e9todos tradicionales.<\/p>\n<p>El proceso de extracci\u00f3n en fr\u00edo en tres fases preserva todas las caracter\u00edsticas organol\u00e9pticas de las aceitunas y se realiza en las 48 horas siguientes a la recolecci\u00f3n.<\/p>\n<p>&nbsp;<\/p>","protected":false},"excerpt":{"rendered":"<p style=\"text-align: left;\"><strong>D\u00e9jese conquistar por el sabor \u00fanico y genuino de nuestro aceite de monta\u00f1a<\/strong><\/p>\n<p style=\"text-align: left;\">Hemos dise\u00f1ado un paquete especial para usted, que contiene tres botellas de nuestras mejores selecciones<\/p>\n<h5><span style=\"font-size: 12pt;\">Kit de degustaci\u00f3n<\/span><\/h5>\n<p>Contenido del paquete:<\/p>\n<p>1 Botella de Aceite de Oliva Virgen Extra Afrutado Intenso 500 ml;<br \/>\n1 botella de aceite de oliva virgen extraFruttato medio de 500 ml;<br \/>\n1 botella de aceite de oliva virgen extra ecol\u00f3gico de 500 ml.<\/p>","protected":false},"featured_media":19564,"comment_status":"closed","ping_status":"closed","template":"","meta":{"_surecart_dashboard_logo_width":"180px","_surecart_dashboard_show_logo":true,"_surecart_dashboard_navigation_orders":true,"_surecart_dashboard_navigation_invoices":true,"_surecart_dashboard_navigation_subscriptions":true,"_surecart_dashboard_navigation_downloads":true,"_surecart_dashboard_navigation_billing":true,"_surecart_dashboard_navigation_account":true,"inline_featured_image":false,"_kad_post_transparent":"default","_kad_post_title":"","_kad_post_layout":"default","_kad_post_sidebar_id":"","_kad_post_content_style":"default","_kad_post_vertical_padding":"default","_kad_post_feature":"","_kad_post_feature_position":"","_kad_post_header":false,"_kad_post_footer":false,"_kad_post_classname":""},"product_brand":[],"product_cat":[111,41],"product_tag":[58,43,44,42],"class_list":{"0":"post-11125","1":"product","2":"type-product","3":"status-publish","4":"has-post-thumbnail","6":"product_cat-kit-degustazione","7":"product_cat-prodotti-speciali","8":"product_tag-fruttato-delicato","9":"product_tag-fruttato-intenso","10":"product_tag-fruttato-medio","11":"product_tag-olio-extravergine-di-oliva","13":"first","14":"instock","15":"sale","16":"shipping-taxable","17":"purchasable","18":"product-type-simple","19":"entry","20":"content-bg","21":"loop-entry"},"_links":{"self":[{"href":"https:\/\/www.oliosanfilippo.com\/es\/wp-json\/wp\/v2\/product\/11125","targetHints":{"allow":["GET"]}}],"collection":[{"href":"https:\/\/www.oliosanfilippo.com\/es\/wp-json\/wp\/v2\/product"}],"about":[{"href":"https:\/\/www.oliosanfilippo.com\/es\/wp-json\/wp\/v2\/types\/product"}],"replies":[{"embeddable":true,"href":"https:\/\/www.oliosanfilippo.com\/es\/wp-json\/wp\/v2\/comments?post=11125"}],"version-history":[{"count":9,"href":"https:\/\/www.oliosanfilippo.com\/es\/wp-json\/wp\/v2\/product\/11125\/revisions"}],"predecessor-version":[{"id":23460,"href":"https:\/\/www.oliosanfilippo.com\/es\/wp-json\/wp\/v2\/product\/11125\/revisions\/23460"}],"wp:featuredmedia":[{"embeddable":true,"href":"https:\/\/www.oliosanfilippo.com\/es\/wp-json\/wp\/v2\/media\/19564"}],"wp:attachment":[{"href":"https:\/\/www.oliosanfilippo.com\/es\/wp-json\/wp\/v2\/media?parent=11125"}],"wp:term":[{"taxonomy":"product_brand","embeddable":true,"href":"https:\/\/www.oliosanfilippo.com\/es\/wp-json\/wp\/v2\/product_brand?post=11125"},{"taxonomy":"product_cat","embeddable":true,"href":"https:\/\/www.oliosanfilippo.com\/es\/wp-json\/wp\/v2\/product_cat?post=11125"},{"taxonomy":"product_tag","embeddable":true,"href":"https:\/\/www.oliosanfilippo.com\/es\/wp-json\/wp\/v2\/product_tag?post=11125"}],"curies":[{"name":"wp","href":"https:\/\/api.w.org\/{rel}","templated":true}]}}