{"id":12634,"date":"2019-02-08T09:28:44","date_gmt":"2019-02-08T08:28:44","guid":{"rendered":"https:\/\/www.oliosanfilippo.com\/?post_type=product&#038;p=12634"},"modified":"2025-12-06T19:49:32","modified_gmt":"2025-12-06T18:49:32","slug":"pomodori-secchi-sottolio","status":"publish","type":"product","link":"https:\/\/www.oliosanfilippo.com\/es\/abbonamento\/pomodori-secchi-sottolio\/","title":{"rendered":"Pomodorino Siciliano secco sott&#8217;olio  240g"},"content":{"rendered":"<p>Tomates secos en aceite<\/p>\n<p><strong>Descripci\u00f3n: <\/strong><\/p>\n<p>I <em><strong>tomates secos en aceite <\/strong><\/em>cultivadas en nuestras tierras<em><strong>,<\/strong><\/em> nacieron de la necesidad de poder conservar un producto \u00fanico, disponible en abundancia durante el verano: los mejores tomates se dejan secar al sol siguiendo la tradici\u00f3n de nuestros abuelos, para poder conservarlos junto con nuestros <strong>aceite de oliva virgen extra<\/strong>.<\/p>\n<p>Nuestros tomates secos se pueden degustar con un sabroso aperitivo, en un rico entrante, sobre focaccia o pizza, pero tambi\u00e9n en platos de arroz o pasta y en platos principales de pescado. Pru\u00e9belo con queso burrata y un poco de or\u00e9gano: podr\u00e1 disfrutar de toda la fragancia y el sabor de nuestra tierra siciliana en un solo plato.<\/p>\n<p>&nbsp;<\/p>","protected":false},"excerpt":{"rendered":"<p><strong>DESCRIPCI\u00d3N<\/strong><br \/>\nDe receta tradicional siciliana, un entrem\u00e9s fino a base de tomates secos aromatizados y conservados en aceite.<\/p>\n<p><strong>Ingredientes:<\/strong><\/p>\n<p><strong>Tomate seco 80%, aceite de girasol\/aceite de oliva virgen extra, vinagre de vino, ajo, guindilla, sal, regulador de la acidez.<\/strong>.<\/p>\n<div class=\"page\" title=\"P\u00e1gina 3\">\n<div class=\"layoutArea\">\n<div class=\"column\">\n<p><strong>FORMATOS DISPONIBLES<\/strong><br \/>\n- Tarro precioso T-D 240 g<\/p>\n<\/div>\n<\/div>\n<\/div>","protected":false},"featured_media":12638,"comment_status":"open","ping_status":"closed","template":"","meta":{"_surecart_dashboard_logo_width":"180px","_surecart_dashboard_show_logo":true,"_surecart_dashboard_navigation_orders":true,"_surecart_dashboard_navigation_invoices":true,"_surecart_dashboard_navigation_subscriptions":true,"_surecart_dashboard_navigation_downloads":true,"_surecart_dashboard_navigation_billing":true,"_surecart_dashboard_navigation_account":true,"inline_featured_image":false,"_kad_post_transparent":"default","_kad_post_title":"","_kad_post_layout":"default","_kad_post_sidebar_id":"","_kad_post_content_style":"default","_kad_post_vertical_padding":"default","_kad_post_feature":"","_kad_post_feature_position":"","_kad_post_header":false,"_kad_post_footer":false,"_kad_post_classname":""},"product_brand":[],"product_cat":[19],"product_tag":[25,22,63],"class_list":{"0":"post-12634","1":"product","2":"type-product","3":"status-publish","4":"has-post-thumbnail","6":"product_cat-conserve","7":"product_tag-pomodori","8":"product_tag-prodotti-siciliani","9":"product_tag-selezione-conserve","11":"first","12":"instock","13":"sale","14":"shipping-taxable","15":"purchasable","16":"product-type-variable","17":"entry","18":"content-bg","19":"loop-entry"},"_links":{"self":[{"href":"https:\/\/www.oliosanfilippo.com\/es\/wp-json\/wp\/v2\/product\/12634","targetHints":{"allow":["GET"]}}],"collection":[{"href":"https:\/\/www.oliosanfilippo.com\/es\/wp-json\/wp\/v2\/product"}],"about":[{"href":"https:\/\/www.oliosanfilippo.com\/es\/wp-json\/wp\/v2\/types\/product"}],"replies":[{"embeddable":true,"href":"https:\/\/www.oliosanfilippo.com\/es\/wp-json\/wp\/v2\/comments?post=12634"}],"version-history":[{"count":9,"href":"https:\/\/www.oliosanfilippo.com\/es\/wp-json\/wp\/v2\/product\/12634\/revisions"}],"predecessor-version":[{"id":23595,"href":"https:\/\/www.oliosanfilippo.com\/es\/wp-json\/wp\/v2\/product\/12634\/revisions\/23595"}],"wp:featuredmedia":[{"embeddable":true,"href":"https:\/\/www.oliosanfilippo.com\/es\/wp-json\/wp\/v2\/media\/12638"}],"wp:attachment":[{"href":"https:\/\/www.oliosanfilippo.com\/es\/wp-json\/wp\/v2\/media?parent=12634"}],"wp:term":[{"taxonomy":"product_brand","embeddable":true,"href":"https:\/\/www.oliosanfilippo.com\/es\/wp-json\/wp\/v2\/product_brand?post=12634"},{"taxonomy":"product_cat","embeddable":true,"href":"https:\/\/www.oliosanfilippo.com\/es\/wp-json\/wp\/v2\/product_cat?post=12634"},{"taxonomy":"product_tag","embeddable":true,"href":"https:\/\/www.oliosanfilippo.com\/es\/wp-json\/wp\/v2\/product_tag?post=12634"}],"curies":[{"name":"wp","href":"https:\/\/api.w.org\/{rel}","templated":true}]}}