{"id":20316,"date":"2022-10-12T17:51:57","date_gmt":"2022-10-12T15:51:57","guid":{"rendered":"http:\/\/www.oliosanfilippo.com\/?post_type=product&#038;p=20316"},"modified":"2024-10-04T05:32:36","modified_gmt":"2024-10-04T03:32:36","slug":"olio-evo-aromatizzato-limone","status":"publish","type":"product","link":"https:\/\/www.oliosanfilippo.com\/es\/abbonamento\/olio-evo-aromatizzato-limone\/","title":{"rendered":"Aceite EVO con sabor a lim\u00f3n"},"content":{"rendered":"<div data-elementor-type=\"product-post\" data-elementor-id=\"20316\" class=\"elementor elementor-20316\" data-elementor-post-type=\"product\">\n\t\t\t\t\t\t<section data-particle_enable=\"false\" data-particle-mobile-disabled=\"false\" class=\"elementor-section elementor-top-section elementor-element elementor-element-6dd79288 elementor-section-boxed elementor-section-height-default elementor-section-height-default\" data-id=\"6dd79288\" data-element_type=\"section\" data-e-type=\"section\">\n\t\t\t\t\t\t<div class=\"elementor-container elementor-column-gap-default\">\n\t\t\t\t\t<div class=\"elementor-column elementor-col-100 elementor-top-column elementor-element elementor-element-23b6cb5a\" data-id=\"23b6cb5a\" data-element_type=\"column\" data-e-type=\"column\">\n\t\t\t<div class=\"elementor-widget-wrap elementor-element-populated\">\n\t\t\t\t\t\t<div class=\"elementor-element elementor-element-6972aa1 elementor-widget elementor-widget-text-editor\" data-id=\"6972aa1\" data-element_type=\"widget\" data-e-type=\"widget\" data-widget_type=\"text-editor.default\">\n\t\t\t\t<div class=\"elementor-widget-container\">\n\t\t\t\t\t\t\t\t\t<h2><strong>Aceite de oliva virgen extra con sabor a lim\u00f3n 250 ml<\/strong><\/h2><p><strong><em>Aceite de oliva virgen extra prensado en fr\u00edo aromatizado con lim\u00f3n<\/em><\/strong><\/p><p>Descubra nuestro preciado aceite de oliva virgen extra con sabor a lim\u00f3n de Sicilia. Se trata de un aceite siciliano que utiliza uno de los frutos m\u00e1s emblem\u00e1ticos de nuestra regi\u00f3n, el lim\u00f3n. Un aceite EVO con mucho cuerpo, tiene un color\u00a0<b>amarillo intenso<\/b>\u00a0y se caracteriza por unas notas arom\u00e1ticas especialmente pronunciadas y un final fresco y c\u00edtrico.<\/p><p><strong style=\"background-color: transparent; color: var(--global-palette4); font-family: var(--global-body-font-family);\">Trucos en la cocina:\u00a0<\/strong>Si quieres dar un toque extra a una ensalada o a un plato de pescado o carne a la plancha, el aceite de lim\u00f3n es el aliado de los amantes de los c\u00edtricos. Con unas pocas gotas, puede dar una nota de sabor incluso a los alimentos m\u00e1s sencillos, como las ensaladas y las verduras crudas.<\/p><p>No puede faltar en su mesa como condimento para marinar la carne o el pescado antes de asarlos.\u00a0<\/p><p>\u00a0<\/p>\t\t\t\t\t\t\t\t<\/div>\n\t\t\t\t<\/div>\n\t\t\t\t<div class=\"elementor-element elementor-element-7f3b3ad elementor-widget elementor-widget-text-editor\" data-id=\"7f3b3ad\" data-element_type=\"widget\" data-e-type=\"widget\" data-widget_type=\"text-editor.default\">\n\t\t\t\t<div class=\"elementor-widget-container\">\n\t\t\t\t\t\t\t\t\t<p><strong>SPECIFICHE TECNICHE<\/strong><\/p><p><strong>Ingredientes:\u00a0<\/strong>Olio extravergine di oliva 100% italiano (98%)<br \/><strong>Aroma<\/strong>\u00a0<strong>naturale<\/strong> di Limone (3%).<br \/><strong>Valori nutrizionali<\/strong>\u00a0per 100Gr: CALORIE: 3,374 KJ\/821 KCAL, GRASSI TOTALI: 94G, DI CUI ACIDI GRASSI SATURI: 14G, CARBOIDRATI 0G, DI CUI ZUCCHERI: 0G; PROTEINE: 0G; SALE: 0G.\u00a0<br \/><strong>Variet\u00e0 di Olive<\/strong>: Nocellara del Belice, Carolea, Cerasuola, 10% Coratina.<br \/><strong>Anno di Produzione<\/strong>: 2024\/2025<br \/><strong>Periodo di raccolta delle olive<\/strong>: OTTOBRE\/NOVEMBRE<br \/><strong>Metodo di estrazione<\/strong>: CICLO CONTINUO A FREDDO<br \/><strong>Garant\u00eda:<\/strong>\u00a0Producto italiano 100% de cadena de suministro controlada<br \/><strong>Embalaje:<\/strong>\u00a0Bottiglia di vetro chiaro 250ml,<\/p>\t\t\t\t\t\t\t\t<\/div>\n\t\t\t\t<\/div>\n\t\t\t\t<div class=\"elementor-element elementor-element-2b024e4 elementor-widget-divider--view-line elementor-widget elementor-widget-divider\" data-id=\"2b024e4\" data-element_type=\"widget\" data-e-type=\"widget\" data-widget_type=\"divider.default\">\n\t\t\t\t<div class=\"elementor-widget-container\">\n\t\t\t\t\t\t\t<div class=\"elementor-divider\">\n\t\t\t<span class=\"elementor-divider-separator\">\n\t\t\t\t\t\t<\/span>\n\t\t<\/div>\n\t\t\t\t\t\t<\/div>\n\t\t\t\t<\/div>\n\t\t\t\t<div class=\"elementor-element elementor-element-30f68db elementor-widget elementor-widget-image\" data-id=\"30f68db\" data-element_type=\"widget\" data-e-type=\"widget\" data-widget_type=\"image.default\">\n\t\t\t\t<div class=\"elementor-widget-container\">\n\t\t\t\t\t\t\t\t\t\t\t\t\t\t\t<img fetchpriority=\"high\" decoding=\"async\" width=\"1024\" height=\"724\" src=\"https:\/\/www.oliosanfilippo.com\/wp-content\/uploads\/2022\/10\/OLI-AROMATIZZATI-3-1024x724.png\" class=\"attachment-large size-large wp-image-22776\" alt=\"\" srcset=\"https:\/\/www.oliosanfilippo.com\/wp-content\/uploads\/2022\/10\/OLI-AROMATIZZATI-3-1024x724.png 1024w, https:\/\/www.oliosanfilippo.com\/wp-content\/uploads\/2022\/10\/OLI-AROMATIZZATI-3-300x212.png 300w, https:\/\/www.oliosanfilippo.com\/wp-content\/uploads\/2022\/10\/OLI-AROMATIZZATI-3-768x543.png 768w, https:\/\/www.oliosanfilippo.com\/wp-content\/uploads\/2022\/10\/OLI-AROMATIZZATI-3-1536x1086.png 1536w, https:\/\/www.oliosanfilippo.com\/wp-content\/uploads\/2022\/10\/OLI-AROMATIZZATI-3-18x12.png 18w, https:\/\/www.oliosanfilippo.com\/wp-content\/uploads\/2022\/10\/OLI-AROMATIZZATI-3-900x636.png 900w, https:\/\/www.oliosanfilippo.com\/wp-content\/uploads\/2022\/10\/OLI-AROMATIZZATI-3-600x424.png 600w, https:\/\/www.oliosanfilippo.com\/wp-content\/uploads\/2022\/10\/OLI-AROMATIZZATI-3.png 2000w\" sizes=\"(max-width: 1024px) 100vw, 1024px\" \/>\t\t\t\t\t\t\t\t\t\t\t\t\t\t\t<\/div>\n\t\t\t\t<\/div>\n\t\t\t\t\t<\/div>\n\t\t<\/div>\n\t\t\t\t\t<\/div>\n\t\t<\/section>\n\t\t\t\t<\/div>","protected":false},"excerpt":{"rendered":"<p>\u00bfPor qu\u00e9 elegir\u00a0<strong>l\u2019olio EVO\u00a0<em>Aromatizzato al\u00a0 Limone<\/em><\/strong>:<br \/>\n\u25fe\u00a0Prodotto da olive Nocellara del Belice e coltivate nel territorio dei Monti Sicani<br \/>\n\u25fe\u00a0Aromi 100% Naturali<br \/>\n\u25fe\u00a0Colore\u00a0<strong>amarillo<\/strong><b>\u00a0intenso<\/b><b>, <\/b>con\u00a0nota agrumata e rinfrescante.<br \/>\n\u25fe\u00a0Campagna olivicola attuale: stagione 2023\/2024<br \/>\n\u25fe \u00c8 perfetto per chi apprezza i sapori freschi e leggeri tipici della dieta mediterranea. Trover\u00e0 nell&#8217;olio al limone un alleato perfetto in cucina<\/p>","protected":false},"featured_media":21780,"comment_status":"closed","ping_status":"closed","template":"","meta":{"_surecart_dashboard_logo_width":"180px","_surecart_dashboard_show_logo":true,"_surecart_dashboard_navigation_orders":true,"_surecart_dashboard_navigation_invoices":true,"_surecart_dashboard_navigation_subscriptions":true,"_surecart_dashboard_navigation_downloads":true,"_surecart_dashboard_navigation_billing":true,"_surecart_dashboard_navigation_account":true,"inline_featured_image":false,"_kad_post_transparent":"default","_kad_post_title":"","_kad_post_layout":"default","_kad_post_sidebar_id":"","_kad_post_content_style":"default","_kad_post_vertical_padding":"default","_kad_post_feature":"","_kad_post_feature_position":"","_kad_post_header":false,"_kad_post_footer":false,"_kad_post_classname":""},"product_brand":[],"product_cat":[40],"product_tag":[43,64,42],"class_list":{"0":"post-20316","1":"product","2":"type-product","3":"status-publish","4":"has-post-thumbnail","6":"product_cat-olio-extravergine-di-oliva","7":"product_tag-fruttato-intenso","8":"product_tag-oli-aromatizzati","9":"product_tag-olio-extravergine-di-oliva","11":"first","12":"instock","13":"featured","14":"shipping-taxable","15":"purchasable","16":"product-type-simple","17":"entry","18":"content-bg","19":"loop-entry"},"_links":{"self":[{"href":"https:\/\/www.oliosanfilippo.com\/es\/wp-json\/wp\/v2\/product\/20316","targetHints":{"allow":["GET"]}}],"collection":[{"href":"https:\/\/www.oliosanfilippo.com\/es\/wp-json\/wp\/v2\/product"}],"about":[{"href":"https:\/\/www.oliosanfilippo.com\/es\/wp-json\/wp\/v2\/types\/product"}],"replies":[{"embeddable":true,"href":"https:\/\/www.oliosanfilippo.com\/es\/wp-json\/wp\/v2\/comments?post=20316"}],"version-history":[{"count":22,"href":"https:\/\/www.oliosanfilippo.com\/es\/wp-json\/wp\/v2\/product\/20316\/revisions"}],"predecessor-version":[{"id":22795,"href":"https:\/\/www.oliosanfilippo.com\/es\/wp-json\/wp\/v2\/product\/20316\/revisions\/22795"}],"wp:featuredmedia":[{"embeddable":true,"href":"https:\/\/www.oliosanfilippo.com\/es\/wp-json\/wp\/v2\/media\/21780"}],"wp:attachment":[{"href":"https:\/\/www.oliosanfilippo.com\/es\/wp-json\/wp\/v2\/media?parent=20316"}],"wp:term":[{"taxonomy":"product_brand","embeddable":true,"href":"https:\/\/www.oliosanfilippo.com\/es\/wp-json\/wp\/v2\/product_brand?post=20316"},{"taxonomy":"product_cat","embeddable":true,"href":"https:\/\/www.oliosanfilippo.com\/es\/wp-json\/wp\/v2\/product_cat?post=20316"},{"taxonomy":"product_tag","embeddable":true,"href":"https:\/\/www.oliosanfilippo.com\/es\/wp-json\/wp\/v2\/product_tag?post=20316"}],"curies":[{"name":"wp","href":"https:\/\/api.w.org\/{rel}","templated":true}]}}