{"id":23332,"date":"2025-09-26T09:21:06","date_gmt":"2025-09-26T07:21:06","guid":{"rendered":"https:\/\/www.oliosanfilippo.com\/?post_type=product&#038;p=23332"},"modified":"2025-12-11T22:27:38","modified_gmt":"2025-12-11T21:27:38","slug":"kit-degustazione-oli-aromatizzati","status":"publish","type":"product","link":"https:\/\/www.oliosanfilippo.com\/es\/abbonamento\/kit-degustazione-oli-aromatizzati\/","title":{"rendered":"Kit Degustazione Oli aromatizzati 100 ml"},"content":{"rendered":"<p data-start=\"63\" data-end=\"251\">I nostri <strong data-start=\"72\" data-end=\"104\">oli aromatizzati di montagna<\/strong> nascono dall\u2019unione del nostro olio extravergine di oliva, ricco di profumi e polifenoli, con ingredienti naturali che ne esaltano il carattere.<\/p>\n<ul data-start=\"252\" data-end=\"682\">\n<li data-start=\"252\" data-end=\"313\">\n<p data-start=\"254\" data-end=\"313\"><strong data-start=\"254\" data-end=\"265\">Tartufo<\/strong>: elegante e avvolgente, per piatti raffinati. (100ml)<\/p>\n<\/li>\n<li data-start=\"314\" data-end=\"376\">\n<p data-start=\"316\" data-end=\"376\"><strong data-start=\"316\" data-end=\"326\">Limone<\/strong>: fresco e agrumato, ideale su pesce e insalate. (100ml)<\/p>\n<\/li>\n<li data-start=\"377\" data-end=\"460\">\n<p data-start=\"379\" data-end=\"460\"><strong data-start=\"379\" data-end=\"388\">Aglio<\/strong>: deciso e tradizionale, perfetto per bruschette e condimenti rustici. (100ml)<\/p>\n<\/li>\n<li data-start=\"461\" data-end=\"537\">\n<p data-start=\"463\" data-end=\"537\"><strong data-start=\"463\" data-end=\"475\">Basilico<\/strong>: fragrante e mediterraneo, richiama il profumo dell\u2019estate. (100ml)<\/p>\n<\/li>\n<li data-start=\"538\" data-end=\"613\">\n<p data-start=\"540\" data-end=\"613\"><strong data-start=\"540\" data-end=\"555\">Peperoncino<\/strong>: vivace e piccante, per dare carattere ad ogni ricetta. (100ml)<\/p>\n<\/li>\n<li data-start=\"614\" data-end=\"682\">\n<p data-start=\"616\" data-end=\"682\"><strong data-start=\"616\" data-end=\"629\">Rosmarino<\/strong>: balsamico e aromatico, ideale su carni e arrosti. (100ml)<\/p>\n<\/li>\n<\/ul>\n<p data-start=\"684\" data-end=\"771\">Un ventaglio di sapori autentici che portano in tavola la genuinit\u00e0 dei Monti Sicani.<\/p>","protected":false},"excerpt":{"rendered":"<p style=\"text-align: left;\"><strong>D\u00e9jese conquistar por el sabor \u00fanico y genuino de nuestro aceite de monta\u00f1a<\/strong><\/p>\n<p style=\"text-align: left;\">Abbiamo ideato per te una confezione speciale, contenente i nostri oli delle nostre migliori selezioni<\/p>\n<h5><span style=\"font-size: 12pt;\">Kit Degustazione oli aromatizzati nel formato da 100 ml:<\/span><\/h5>\n<p>Condimento a base di olio extravergine di oliva aromatizzato al rosmarino, aglio, basilico, limone, peperoncino, tartufo.<\/p>\n<p>&nbsp;<\/p>","protected":false},"featured_media":23333,"comment_status":"closed","ping_status":"closed","template":"","meta":{"_surecart_dashboard_logo_width":"180px","_surecart_dashboard_show_logo":true,"_surecart_dashboard_navigation_orders":true,"_surecart_dashboard_navigation_invoices":true,"_surecart_dashboard_navigation_subscriptions":true,"_surecart_dashboard_navigation_downloads":true,"_surecart_dashboard_navigation_billing":true,"_surecart_dashboard_navigation_account":true,"inline_featured_image":false,"_kad_post_transparent":"default","_kad_post_title":"","_kad_post_layout":"default","_kad_post_sidebar_id":"","_kad_post_content_style":"default","_kad_post_vertical_padding":"default","_kad_post_feature":"","_kad_post_feature_position":"","_kad_post_header":false,"_kad_post_footer":false,"_kad_post_classname":""},"product_brand":[],"product_cat":[111,40,41],"product_tag":[58,43,44,42],"class_list":{"0":"post-23332","1":"product","2":"type-product","3":"status-publish","4":"has-post-thumbnail","6":"product_cat-kit-degustazione","7":"product_cat-olio-extravergine-di-oliva","8":"product_cat-prodotti-speciali","9":"product_tag-fruttato-delicato","10":"product_tag-fruttato-intenso","11":"product_tag-fruttato-medio","12":"product_tag-olio-extravergine-di-oliva","14":"first","15":"instock","16":"shipping-taxable","17":"purchasable","18":"product-type-simple","19":"entry","20":"content-bg","21":"loop-entry"},"_links":{"self":[{"href":"https:\/\/www.oliosanfilippo.com\/es\/wp-json\/wp\/v2\/product\/23332","targetHints":{"allow":["GET"]}}],"collection":[{"href":"https:\/\/www.oliosanfilippo.com\/es\/wp-json\/wp\/v2\/product"}],"about":[{"href":"https:\/\/www.oliosanfilippo.com\/es\/wp-json\/wp\/v2\/types\/product"}],"replies":[{"embeddable":true,"href":"https:\/\/www.oliosanfilippo.com\/es\/wp-json\/wp\/v2\/comments?post=23332"}],"version-history":[{"count":6,"href":"https:\/\/www.oliosanfilippo.com\/es\/wp-json\/wp\/v2\/product\/23332\/revisions"}],"predecessor-version":[{"id":23584,"href":"https:\/\/www.oliosanfilippo.com\/es\/wp-json\/wp\/v2\/product\/23332\/revisions\/23584"}],"wp:featuredmedia":[{"embeddable":true,"href":"https:\/\/www.oliosanfilippo.com\/es\/wp-json\/wp\/v2\/media\/23333"}],"wp:attachment":[{"href":"https:\/\/www.oliosanfilippo.com\/es\/wp-json\/wp\/v2\/media?parent=23332"}],"wp:term":[{"taxonomy":"product_brand","embeddable":true,"href":"https:\/\/www.oliosanfilippo.com\/es\/wp-json\/wp\/v2\/product_brand?post=23332"},{"taxonomy":"product_cat","embeddable":true,"href":"https:\/\/www.oliosanfilippo.com\/es\/wp-json\/wp\/v2\/product_cat?post=23332"},{"taxonomy":"product_tag","embeddable":true,"href":"https:\/\/www.oliosanfilippo.com\/es\/wp-json\/wp\/v2\/product_tag?post=23332"}],"curies":[{"name":"wp","href":"https:\/\/api.w.org\/{rel}","templated":true}]}}