{"id":21241,"date":"2022-10-19T15:49:41","date_gmt":"2022-10-19T13:49:41","guid":{"rendered":"http:\/\/www.oliosanfilippo.com\/?page_id=21241"},"modified":"2022-10-19T15:58:18","modified_gmt":"2022-10-19T13:58:18","slug":"cookies","status":"publish","type":"page","link":"https:\/\/www.oliosanfilippo.com\/fr\/cookies\/","title":{"rendered":"Cookies"},"content":{"rendered":"<div data-elementor-type=\"wp-page\" data-elementor-id=\"21241\" class=\"elementor elementor-21241\" data-elementor-post-type=\"page\">\n\t\t\t\t\t\t<section data-particle_enable=\"false\" data-particle-mobile-disabled=\"false\" class=\"elementor-section elementor-top-section elementor-element elementor-element-b1ddba4 elementor-section-boxed elementor-section-height-default elementor-section-height-default\" data-id=\"b1ddba4\" data-element_type=\"section\" data-e-type=\"section\" data-settings=\"{&quot;background_background&quot;:&quot;classic&quot;}\">\n\t\t\t\t\t\t<div class=\"elementor-container elementor-column-gap-default\">\n\t\t\t\t\t<div class=\"elementor-column elementor-col-100 elementor-top-column elementor-element elementor-element-ad8651b\" data-id=\"ad8651b\" data-element_type=\"column\" data-e-type=\"column\">\n\t\t\t<div class=\"elementor-widget-wrap elementor-element-populated\">\n\t\t\t\t\t\t<div class=\"elementor-element elementor-element-54aaa28 elementor-widget elementor-widget-text-editor\" data-id=\"54aaa28\" data-element_type=\"widget\" data-e-type=\"widget\" data-widget_type=\"text-editor.default\">\n\t\t\t\t<div class=\"elementor-widget-container\">\n\t\t\t\t\t\t\t\t\t\n<h1 style=\"font-size: 50px; text-align: center;\">POLITIQUE EN MATI\u00c8RE DE COOKIES<\/h1>\n<p>Politique en mati\u00e8re de cookies<br \/>Date d'entr\u00e9e en vigueur : 07-Oct-2022<br \/>Derni\u00e8re mise \u00e0 jour : 07-Oct-2022<\/p>\n\n\n\n<p>Que sont les cookies ?<br \/>La pr\u00e9sente politique en mati\u00e8re de cookies explique ce que sont les cookies et comment nous les utilisons, les types de cookies que nous utilisons, les informations que nous recueillons par le biais des cookies et comment elles sont utilis\u00e9es, et comment g\u00e9rer vos param\u00e8tres de cookies.<\/p>\n\n\n\n<p>Les cookies sont de petits fichiers texte utilis\u00e9s pour stocker de petits \u00e9l\u00e9ments d'information. Ils sont stock\u00e9s sur votre appareil lorsque le site web est charg\u00e9 sur votre navigateur. Ces cookies nous aident \u00e0 faire fonctionner le site web correctement, \u00e0 le rendre plus s\u00fbr, \u00e0 offrir une meilleure exp\u00e9rience utilisateur, \u00e0 comprendre comment le site web fonctionne et \u00e0 analyser ce qui fonctionne et ce que nous devons am\u00e9liorer.<\/p>\n\n\n\n<p>Comment utilisons-nous les cookies ?<br \/>Comme la plupart des services en ligne, notre site web utilise des cookies de premi\u00e8re partie et de tierce partie \u00e0 des fins diff\u00e9rentes. Les cookies de premi\u00e8re partie sont principalement n\u00e9cessaires au bon fonctionnement du site web et ne collectent aucune donn\u00e9e personnelle.<\/p>\n\n\n\n<p>Les cookies tiers utilis\u00e9s sur notre site web sont principalement utilis\u00e9s pour comprendre le fonctionnement du site web, la fa\u00e7on dont vous interagissez avec notre site web, pour assurer la s\u00e9curit\u00e9 de nos services, pour fournir des publicit\u00e9s pertinentes pour vous et, en g\u00e9n\u00e9ral, pour vous fournir une exp\u00e9rience utilisateur meilleure et am\u00e9lior\u00e9e et pour acc\u00e9l\u00e9rer vos interactions futures avec notre site web.<\/p>\n\n\n\n<p>Les types de cookies que nous utilisons<\/p>\n\n\n\n<div class=\"cky-audit-table-element\">\u00a0<\/div>\n\n\n\n<p>Gestion des pr\u00e9f\u00e9rences en mati\u00e8re de cookies<\/p>\n\n\n\n<p><a class=\"cky-banner-element\"><u>Param\u00e8tres des cookies<\/u><\/a><\/p>\n\n\n\n<p><br \/>Vous pouvez modifier vos pr\u00e9f\u00e9rences en mati\u00e8re de cookies \u00e0 tout moment en cliquant sur le bouton ci-dessus. Cela vous permettra de revenir sur la banni\u00e8re de consentement aux cookies et de modifier vos pr\u00e9f\u00e9rences ou de retirer votre consentement maintenant.<\/p>\n\n\n\n<p>En outre, les diff\u00e9rents navigateurs offrent diff\u00e9rentes m\u00e9thodes pour bloquer et supprimer les cookies utilis\u00e9s par les sites web. Vous pouvez modifier les param\u00e8tres de votre navigateur pour bloquer\/supprimer les cookies. Vous trouverez ci-dessous des liens vers des documents d'assistance sur la mani\u00e8re de g\u00e9rer et de supprimer les cookies des principaux navigateurs web.<\/p>\n\n\n\n<p>Chrome : https:\/\/support.google.com\/accounts\/answer\/32050<\/p>\n\n\n\n<p>Safari : https:\/\/support.apple.com\/en-in\/guide\/safari\/sfri11471\/mac<\/p>\n\n\n\n<p>Firefox : https:\/\/support.mozilla.org\/en-US\/kb\/clear-cookies-and-site-data-firefox?redirectslug=delete-cookies-remove-info-websites-stored&amp;redirectlocale=en-US<\/p>\n\n\n\n<p>Internet Explorer : https:\/\/support.microsoft.com\/en-us\/topic\/how-to-delete-cookie-files-in-internet-explorer-bca9446f-d873-78de-77ba-d42645fa52fc<\/p>\n\n\n\n<p>Si vous utilisez un autre navigateur web, veuillez consulter les documents d'assistance officiels du navigateur.<\/p>\n\n\n\n<p>Politique en mati\u00e8re de cookies g\u00e9n\u00e9r\u00e9e par CookieYes - G\u00e9n\u00e9rateur de politiques en mati\u00e8re de cookies.<\/p>\n\t\t\t\t\t\t\t\t<\/div>\n\t\t\t\t<\/div>\n\t\t\t\t\t<\/div>\n\t\t<\/div>\n\t\t\t\t\t<\/div>\n\t\t<\/section>\n\t\t\t\t<\/div>","protected":false},"excerpt":{"rendered":"<p>COOKIE POLICY Politique en mati\u00e8re de cookiesDate d'entr\u00e9e en vigueur : 07-Oct-2022Derni\u00e8re mise \u00e0 jour : 07-Oct-2022 Que sont les cookies ? Cette politique en mati\u00e8re de cookies explique ce que sont les cookies et comment nous les utilisons, les types de cookies que nous utilisons, les informations que nous collectons par le biais des cookies et la mani\u00e8re dont elles sont utilis\u00e9es, et comment g\u00e9rer vos param\u00e8tres en mati\u00e8re de cookies. I...<\/p>","protected":false},"author":26,"featured_media":0,"parent":0,"menu_order":0,"comment_status":"closed","ping_status":"closed","template":"","meta":{"_surecart_dashboard_logo_width":"180px","_surecart_dashboard_show_logo":true,"_surecart_dashboard_navigation_orders":true,"_surecart_dashboard_navigation_invoices":true,"_surecart_dashboard_navigation_subscriptions":true,"_surecart_dashboard_navigation_downloads":true,"_surecart_dashboard_navigation_billing":true,"_surecart_dashboard_navigation_account":true,"inline_featured_image":false,"_kad_post_transparent":"disable","_kad_post_title":"hide","_kad_post_layout":"fullwidth","_kad_post_sidebar_id":"","_kad_post_content_style":"unboxed","_kad_post_vertical_padding":"hide","_kad_post_feature":"hide","_kad_post_feature_position":"","_kad_post_header":false,"_kad_post_footer":false,"_kad_post_classname":"","footnotes":""},"class_list":["post-21241","page","type-page","status-publish","hentry"],"_links":{"self":[{"href":"https:\/\/www.oliosanfilippo.com\/fr\/wp-json\/wp\/v2\/pages\/21241","targetHints":{"allow":["GET"]}}],"collection":[{"href":"https:\/\/www.oliosanfilippo.com\/fr\/wp-json\/wp\/v2\/pages"}],"about":[{"href":"https:\/\/www.oliosanfilippo.com\/fr\/wp-json\/wp\/v2\/types\/page"}],"author":[{"embeddable":true,"href":"https:\/\/www.oliosanfilippo.com\/fr\/wp-json\/wp\/v2\/users\/26"}],"replies":[{"embeddable":true,"href":"https:\/\/www.oliosanfilippo.com\/fr\/wp-json\/wp\/v2\/comments?post=21241"}],"version-history":[{"count":16,"href":"https:\/\/www.oliosanfilippo.com\/fr\/wp-json\/wp\/v2\/pages\/21241\/revisions"}],"predecessor-version":[{"id":21279,"href":"https:\/\/www.oliosanfilippo.com\/fr\/wp-json\/wp\/v2\/pages\/21241\/revisions\/21279"}],"wp:attachment":[{"href":"https:\/\/www.oliosanfilippo.com\/fr\/wp-json\/wp\/v2\/media?parent=21241"}],"curies":[{"name":"wp","href":"https:\/\/api.w.org\/{rel}","templated":true}]}}