{"id":26,"date":"2014-11-05T15:48:27","date_gmt":"2014-11-05T14:48:27","guid":{"rendered":"http:\/\/www.oliosanfilippo.com\/?page_id=26"},"modified":"2014-11-05T15:48:27","modified_gmt":"2014-11-05T14:48:27","slug":"disclaimer","status":"publish","type":"page","link":"https:\/\/www.oliosanfilippo.com\/fr\/disclaimer\/","title":{"rendered":"Clause de non-responsabilit\u00e9"},"content":{"rendered":"<p style=\"text-align: justify;\">UTILISATION PERMISE<\/p>\n<p>Le site <strong>Frantoio Oleario Di Sanfilippo Daniele<\/strong> est le propri\u00e9taire de ce site et en assure la maintenance. Le site <em>Frantoio Oleario Di Sanfilippo Daniele<\/em> autorise les utilisateurs \u00e0 acc\u00e9der au site et \u00e0 l'utiliser, y compris les textes, les images, les sons, les vid\u00e9os ou les logiciels, \u00e0 des fins d'information personnelle uniquement. Il est permis, \u00e0 des fins personnelles et non commerciales uniquement, de t\u00e9l\u00e9charger les documents et le contenu pr\u00e9sent\u00e9s sur le site, \u00e0 condition que tous les avis de propri\u00e9t\u00e9 et de droit d'auteur contenus dans ces documents soient not\u00e9s. Vous ne pouvez pas, \u00e0 des fins publiques ou commerciales, distribuer, modifier, republier, transmettre, r\u00e9utiliser, rapporter, afficher, t\u00e9l\u00e9charger ou utiliser le contenu du site, y compris les textes, images, sons, vid\u00e9os ou logiciels, sans l'autorisation \u00e9crite pr\u00e9alable de l'Office europ\u00e9en des brevets. <em>Frantoio Oleario Di Sanfilippo Daniele<\/em>. Vous ne pouvez pas utiliser le site de quelque mani\u00e8re que ce soit si cette utilisation est susceptible d'endommager, de d\u00e9sactiver, de surcharger ou d'alt\u00e9rer tout serveur, ou d'interf\u00e9rer avec l'utilisation du site par un tiers. Sauf indication contraire, vous pouvez utiliser les simulations et les r\u00e9sultats des tests publi\u00e9s sur ce site dans le cadre de vos relations avec les clients.<\/p>\n<p>LE CONTENU PUBLI\u00c9 SUR LE SITE<\/p>\n<p>Le mat\u00e9riel et le contenu du site, y compris l'ensemble de la propri\u00e9t\u00e9 intellectuelle, sont la propri\u00e9t\u00e9 de l'Agence europ\u00e9enne des droits fondamentaux. <em>Frantoio Oleario Di Sanfilippo Daniele<\/em>. L'ensemble du mat\u00e9riel, du contenu et des fonctionnalit\u00e9s du site, y compris, mais sans s'y limiter, les textes, les graphiques, les logos, les ic\u00f4nes et les images, ainsi que la s\u00e9lection et la disposition de ceux-ci, sont la propri\u00e9t\u00e9 exclusive de l'Agence. <em>Frantoio Oleario Di Sanfilippo Daniele<\/em> et sont prot\u00e9g\u00e9s par les lois nationales et internationales sur les droits d'auteur. Tous les droits non express\u00e9ment accord\u00e9s sont r\u00e9serv\u00e9s. Il est interdit de supprimer les mentions distinctives de propri\u00e9t\u00e9 intellectuelle, y compris les mentions de droit d'auteur, appos\u00e9es sur le contenu ou le mat\u00e9riel t\u00e9l\u00e9charg\u00e9 \u00e0 partir du site. Les images et les graphiques pr\u00e9sent\u00e9s sur le Site sont la propri\u00e9t\u00e9 du <em>Frantoio Oleario Di Sanfilippo Daniele<\/em> ou utilis\u00e9es par ce dernier avec l'autorisation d'un tiers. L'utilisation de ces images par l'utilisateur ou les personnes autoris\u00e9es par l'utilisateur est interdite, \u00e0 moins qu'une autorisation sp\u00e9cifique ne soit donn\u00e9e dans les pr\u00e9sentes conditions ou ailleurs sur le site. L'utilisation non autoris\u00e9e de ces images peut constituer une violation des lois sur les droits d'auteur, les marques, la vie priv\u00e9e ou la publicit\u00e9, ainsi que des r\u00e8gles et lois sur les communications.<\/p>","protected":false},"excerpt":{"rendered":"<p>UTILISATION PERMISE Le Frantoio Oleario Di Sanfilippo Daniele est propri\u00e9taire de ce site et en assure la gestion. Le Frantoio Oleario Di Sanfilippo Daniele autorise les utilisateurs \u00e0 acc\u00e9der et \u00e0 utiliser le site, y compris les textes, les images, l'audio, la vid\u00e9o ou les logiciels, uniquement \u00e0 des fins d'information personnelle. Il est permis, exclusivement \u00e0 des fins personnelles et .<\/p>","protected":false},"author":26,"featured_media":0,"parent":0,"menu_order":0,"comment_status":"closed","ping_status":"closed","template":"","meta":{"_surecart_dashboard_logo_width":"180px","_surecart_dashboard_show_logo":true,"_surecart_dashboard_navigation_orders":true,"_surecart_dashboard_navigation_invoices":true,"_surecart_dashboard_navigation_subscriptions":true,"_surecart_dashboard_navigation_downloads":true,"_surecart_dashboard_navigation_billing":true,"_surecart_dashboard_navigation_account":true,"inline_featured_image":false,"_kad_post_transparent":"","_kad_post_title":"","_kad_post_layout":"","_kad_post_sidebar_id":"","_kad_post_content_style":"","_kad_post_vertical_padding":"","_kad_post_feature":"","_kad_post_feature_position":"","_kad_post_header":false,"_kad_post_footer":false,"_kad_post_classname":"","footnotes":""},"class_list":["post-26","page","type-page","status-publish","hentry"],"_links":{"self":[{"href":"https:\/\/www.oliosanfilippo.com\/fr\/wp-json\/wp\/v2\/pages\/26","targetHints":{"allow":["GET"]}}],"collection":[{"href":"https:\/\/www.oliosanfilippo.com\/fr\/wp-json\/wp\/v2\/pages"}],"about":[{"href":"https:\/\/www.oliosanfilippo.com\/fr\/wp-json\/wp\/v2\/types\/page"}],"author":[{"embeddable":true,"href":"https:\/\/www.oliosanfilippo.com\/fr\/wp-json\/wp\/v2\/users\/26"}],"replies":[{"embeddable":true,"href":"https:\/\/www.oliosanfilippo.com\/fr\/wp-json\/wp\/v2\/comments?post=26"}],"version-history":[{"count":0,"href":"https:\/\/www.oliosanfilippo.com\/fr\/wp-json\/wp\/v2\/pages\/26\/revisions"}],"wp:attachment":[{"href":"https:\/\/www.oliosanfilippo.com\/fr\/wp-json\/wp\/v2\/media?parent=26"}],"curies":[{"name":"wp","href":"https:\/\/api.w.org\/{rel}","templated":true}]}}