{"id":29,"date":"2014-11-05T16:19:17","date_gmt":"2014-11-05T15:19:17","guid":{"rendered":"http:\/\/www.oliosanfilippo.com\/?page_id=29"},"modified":"2022-10-19T15:56:22","modified_gmt":"2022-10-19T13:56:22","slug":"privacy","status":"publish","type":"page","link":"https:\/\/www.oliosanfilippo.com\/fr\/privacy\/","title":{"rendered":"Vie priv\u00e9e"},"content":{"rendered":"<div data-elementor-type=\"wp-page\" data-elementor-id=\"29\" class=\"elementor elementor-29\" data-elementor-post-type=\"page\">\n\t\t\t\t\t\t<section data-particle_enable=\"false\" data-particle-mobile-disabled=\"false\" class=\"elementor-section elementor-top-section elementor-element elementor-element-5dfd1dae elementor-section-boxed elementor-section-height-default elementor-section-height-default\" data-id=\"5dfd1dae\" data-element_type=\"section\" data-e-type=\"section\">\n\t\t\t\t\t\t<div class=\"elementor-container elementor-column-gap-default\">\n\t\t\t\t\t<div class=\"elementor-column elementor-col-100 elementor-top-column elementor-element elementor-element-162967d0\" data-id=\"162967d0\" data-element_type=\"column\" data-e-type=\"column\">\n\t\t\t<div class=\"elementor-widget-wrap elementor-element-populated\">\n\t\t\t\t\t\t<div class=\"elementor-element elementor-element-58bfcb4b elementor-widget elementor-widget-text-editor\" data-id=\"58bfcb4b\" data-element_type=\"widget\" data-e-type=\"widget\" data-widget_type=\"text-editor.default\">\n\t\t\t\t<div class=\"elementor-widget-container\">\n\t\t\t\t\t\t\t\t\t\n<h1 style=\"font-size: 50px; text-align: center;\">POLITIQUE DE CONFIDENTIALIT\u00c9<\/h1><p style=\"text-align: justify;\"><strong>Objet<\/strong>: Informations sur le traitement de vos donn\u00e9es personnelles, conform\u00e9ment \u00e0 l'article 13 du d\u00e9cret l\u00e9gislatif 196\/2003, contenant le code de protection des donn\u00e9es personnelles, et demande de votre consentement au traitement de certaines donn\u00e9es.<\/p>\n<p style=\"text-align: justify;\">1. Le d\u00e9cret l\u00e9gislatif 196\/2003 a introduit le code de protection des donn\u00e9es personnelles. Conform\u00e9ment aux dispositions du pr\u00e9sent code, le traitement des donn\u00e9es \u00e0 caract\u00e8re personnel par notre organisation est fond\u00e9 sur les principes d'exactitude, de lic\u00e9it\u00e9 et de transparence et sur la protection de la confidentialit\u00e9 et des droits des personnes auxquelles les donn\u00e9es se rapportent.<\/p>\n<p style=\"text-align: justify;\">2. Dans ce contexte, nous vous fournissons les informations pr\u00e9vues par l'article 13 du d\u00e9cret l\u00e9gislatif 196\/2003 et nous vous demandons d'exprimer votre consentement au traitement des donn\u00e9es personnelles sp\u00e9cifi\u00e9es ci-dessous aux fins suivantes : g\u00e9rer votre demande d'information et\/ou de r\u00e9servation afin de vous fournir les informations pertinentes.<\/p>\n<p style=\"text-align: justify;\">3. La fourniture de vos donn\u00e9es est obligatoire pour la r\u00e9alisation des objectifs susmentionn\u00e9s ; le fait de ne pas fournir vos donn\u00e9es, en partie ou de mani\u00e8re inexacte, peut entra\u00eener l'impossibilit\u00e9 de vous fournir les services demand\u00e9s.<\/p>\n<p style=\"text-align: justify;\">4. Si vous avez donn\u00e9 votre consentement et jusqu'\u00e0 ce que vous le r\u00e9voquiez, vos donn\u00e9es personnelles seront \u00e9galement trait\u00e9es aux fins suppl\u00e9mentaires suivantes :<\/p>\n<p style=\"padding-left: 30px; text-align: justify;\">a. r\u00e9aliser des \u00e9tudes et des recherches statistiques et de march\u00e9 ;\nb. envoyer par voie postale, \u00e9lectronique et\/ou t\u00e9l\u00e9phonique, du mat\u00e9riel publicitaire, d'information et d'information commerciale ;\nc. r\u00e9aliser des activit\u00e9s de vente et de placement directes et indirectes\nd. r\u00e9aliser des communications commerciales interactives ; e. r\u00e9aliser des enqu\u00eates de satisfaction sur la qualit\u00e9 des services fournis (\u00e9galement par l'interm\u00e9diaire de tiers).<\/p>\n<p style=\"text-align: justify;\">Vous pouvez \u00e0 tout moment r\u00e9voquer votre consentement donn\u00e9 \u00e0 ces fins en contactant le responsable indiqu\u00e9 au point 10. Le consentement pour les traitements et les finalit\u00e9s \u00e9nonc\u00e9s au pr\u00e9sent point 4 n'est pas obligatoire ; en cas de refus, vos donn\u00e9es seront trait\u00e9es uniquement aux fins \u00e9nonc\u00e9es au point 2 ci-dessus.<\/p>\n<p style=\"text-align: justify;\">5. En tant que clients ou clients potentiels, les donn\u00e9es faisant l'objet du traitement sont g\u00e9n\u00e9ralement de nature commune, puisqu'elles sont essentiellement constitu\u00e9es d'\u00e9l\u00e9ments d'identification personnelle. Au cas o\u00f9 vous devriez indiquer dans les champs qui ne pr\u00e9voient pas d'indication sp\u00e9cifique des donn\u00e9es qui, aux termes de l'article 4 lettre d) du d\u00e9cret l\u00e9gislatif 196\/2003, ont un caract\u00e8re sensible et, en tant que telles, m\u00e9ritent une protection particuli\u00e8re, nous vous informons que ces donn\u00e9es seront trait\u00e9es par nos soins dans les limites pr\u00e9vues par le code de la confidentialit\u00e9. Nous vous rappelons qu'en g\u00e9n\u00e9ral, l'article 4 lettre d) du d\u00e9cret l\u00e9gislatif 196\/2003 d\u00e9finit les \"donn\u00e9es sensibles\" comme les donn\u00e9es personnelles \"susceptibles de r\u00e9v\u00e9ler l'origine raciale ou ethnique, les croyances religieuses, philosophiques ou autres, les opinions politiques, l'appartenance \u00e0 des partis, des syndicats, des associations ou des organisations \u00e0 caract\u00e8re religieux, philosophique, politique ou syndical, ainsi que les donn\u00e9es personnelles r\u00e9v\u00e9lant la sant\u00e9 et la vie sexuelle\".<\/p>\n<p style=\"text-align: justify;\">6. Les donn\u00e9es recueillies seront trait\u00e9es sur support papier et\/ou \u00e9lectronique et, en tout \u00e9tat de cause, conform\u00e9ment \u00e0 la r\u00e9glementation en vigueur.<\/p>\n7. Nous pr\u00e9cisons que notre organisation met en \u0153uvre les mesures organisationnelles, physiques et logiques n\u00e9cessaires pour garantir la s\u00e9curit\u00e9 des donn\u00e9es, avec une r\u00e9f\u00e9rence particuli\u00e8re aux dispositions de l'annexe B du d\u00e9cret pr\u00e9sidentiel 196\/2003. R\u00e8glements techniques sur les mesures de s\u00e9curit\u00e9 minimales.\n\n8. Outre les employ\u00e9s de la Soci\u00e9t\u00e9, certains traitements de vos donn\u00e9es personnelles peuvent \u00e9galement \u00eatre effectu\u00e9s par des tiers, bas\u00e9s en Italie et\/ou \u00e0 l'\u00e9tranger, auxquels notre organisation confie certaines activit\u00e9s (ou une partie d'entre elles) fonctionnelles \u00e0 la fourniture des services mentionn\u00e9s ci-dessus. Dans ce cas, les m\u00eames sujets op\u00e9reront en tant que Contr\u00f4leurs de donn\u00e9es autonomes ou seront d\u00e9sign\u00e9s en tant que Responsables de traitement ou Personnes charg\u00e9es du traitement. Les Responsables du traitement et les Personnes d\u00e9sign\u00e9es recevront des instructions op\u00e9rationnelles ad\u00e9quates, en particulier en ce qui concerne l'adoption de mesures de s\u00e9curit\u00e9 minimales, afin de pouvoir garantir la confidentialit\u00e9 et la s\u00e9curit\u00e9 des donn\u00e9es. Les tiers mentionn\u00e9s ci-dessus sont essentiellement inclus dans les cat\u00e9gories suivantes : Soci\u00e9t\u00e9s de recouvrement de cr\u00e9ances, soci\u00e9t\u00e9s qui traitent les donn\u00e9es relatives au trafic \u00e0 des fins de facturation, soci\u00e9t\u00e9s charg\u00e9es d'imprimer et d'envoyer les factures aux clients, soci\u00e9t\u00e9s de conseil, soci\u00e9t\u00e9s de transfert de cr\u00e9dit, agents et acheteurs, franchis\u00e9s, fournisseurs de services technologiques, fournisseurs de contenu.\n\n9. Nous reproduisons ci-dessous l'extrait de l'article 7 du d\u00e9cret l\u00e9gislatif 196\/2003, pour vous rappeler que vous pouvez exercer les droits suivants \u00e0 notre \u00e9gard :\n<p style=\"text-align: justify; padding-left: 30px;\">a. obtenir la confirmation de l'existence de donn\u00e9es personnelles vous concernant, m\u00eame si elles ne sont pas encore enregistr\u00e9es, et leur communication sous une forme intelligible\nb. obtenir une indication de l'origine des donn\u00e9es \u00e0 caract\u00e8re personnel, ainsi que des finalit\u00e9s et des m\u00e9thodes de traitement\nc. obtenir une indication de la logique appliqu\u00e9e dans le traitement effectu\u00e9 \u00e0 l'aide d'instruments \u00e9lectroniques\nd. d'\u00eatre inform\u00e9 de l'identit\u00e9 du contr\u00f4leur des donn\u00e9es et des responsables du traitement des donn\u00e9es\ne. d'obtenir des informations sur les sujets ou les cat\u00e9gories de sujets auxquels les donn\u00e9es personnelles peuvent \u00eatre communiqu\u00e9es ou qui peuvent en prendre connaissance en qualit\u00e9 de repr\u00e9sentant d\u00e9sign\u00e9 sur le territoire de l'\u00c9tat, de responsables ou de charg\u00e9s du traitement\nf. obtenir la mise \u00e0 jour, la rectification ou, en cas d'int\u00e9r\u00eat, l'int\u00e9gration des donn\u00e9es\ng. obtenir l'annulation, la transformation sous forme anonyme ou le blocage des donn\u00e9es trait\u00e9es en violation de la loi\nh. obtenir l'effacement, la transformation sous forme anonyme ou le blocage des donn\u00e9es dont la conservation n'est pas n\u00e9cessaire au regard des finalit\u00e9s pour lesquelles les donn\u00e9es ont \u00e9t\u00e9 collect\u00e9es ou trait\u00e9es ult\u00e9rieurement\ni. obtenir l'attestation que la mise \u00e0 jour, la rectification, l'int\u00e9gration, l'effacement, l'anonymisation ou le verrouillage des donn\u00e9es ont \u00e9t\u00e9 notifi\u00e9s, en ce qui concerne \u00e9galement leur contenu, aux entit\u00e9s auxquelles les donn\u00e9es ont \u00e9t\u00e9 communiqu\u00e9es ou diffus\u00e9es, sauf si cette exigence s'av\u00e8re impossible ou implique un effort manifestement disproportionn\u00e9 par rapport au droit \u00e0 prot\u00e9ger\nj. s'opposer, en tout ou en partie, pour des raisons l\u00e9gitimes, au traitement de vos donn\u00e9es personnelles, m\u00eame si elles sont pertinentes au regard de l'objectif de la collecte\nk. s'opposer, en tout ou en partie, au traitement des donn\u00e9es personnelles vous concernant \u00e0 des fins d'envoi de mat\u00e9riel publicitaire ou de vente directe ou pour la r\u00e9alisation d'\u00e9tudes de march\u00e9 ou de communication commerciale.<\/p>\n<p style=\"text-align: justify;\">10. Pour exercer ces droits, veuillez contacter le responsable du traitement des donn\u00e9es : <strong>Sanfilippo Daniele<\/strong> (<strong><em>Frantoio Oleario Di Sanfilippo Daniele<\/em><\/strong>), C.da San Pietro, 90030 Castronovo di Sicilia (PA).<\/p>\t\t\t\t\t\t\t\t<\/div>\n\t\t\t\t<\/div>\n\t\t\t\t\t<\/div>\n\t\t<\/div>\n\t\t\t\t\t<\/div>\n\t\t<\/section>\n\t\t\t\t<\/div>","protected":false},"excerpt":{"rendered":"<p>POLITIQUE DE CONFIDENTIALIT\u00c9 Objet : Information sur le traitement de vos donn\u00e9es personnelles, conform\u00e9ment \u00e0 l'article 13 du d\u00e9cret l\u00e9gislatif 196\/2003, contenant le code sur la protection des donn\u00e9es personnelles, et demande de votre consentement au traitement de certaines donn\u00e9es. Le d\u00e9cret l\u00e9gislatif 196\/2003 a introduit le code de protection des donn\u00e9es personnelles. Conform\u00e9ment \u00e0...<\/p>","protected":false},"author":26,"featured_media":0,"parent":0,"menu_order":0,"comment_status":"closed","ping_status":"closed","template":"elementor_header_footer","meta":{"_surecart_dashboard_logo_width":"180px","_surecart_dashboard_show_logo":true,"_surecart_dashboard_navigation_orders":true,"_surecart_dashboard_navigation_invoices":true,"_surecart_dashboard_navigation_subscriptions":true,"_surecart_dashboard_navigation_downloads":true,"_surecart_dashboard_navigation_billing":true,"_surecart_dashboard_navigation_account":true,"inline_featured_image":false,"_kad_post_transparent":"disable","_kad_post_title":"","_kad_post_layout":"","_kad_post_sidebar_id":"","_kad_post_content_style":"","_kad_post_vertical_padding":"","_kad_post_feature":"","_kad_post_feature_position":"","_kad_post_header":false,"_kad_post_footer":false,"_kad_post_classname":"","footnotes":""},"class_list":["post-29","page","type-page","status-publish","hentry"],"_links":{"self":[{"href":"https:\/\/www.oliosanfilippo.com\/fr\/wp-json\/wp\/v2\/pages\/29","targetHints":{"allow":["GET"]}}],"collection":[{"href":"https:\/\/www.oliosanfilippo.com\/fr\/wp-json\/wp\/v2\/pages"}],"about":[{"href":"https:\/\/www.oliosanfilippo.com\/fr\/wp-json\/wp\/v2\/types\/page"}],"author":[{"embeddable":true,"href":"https:\/\/www.oliosanfilippo.com\/fr\/wp-json\/wp\/v2\/users\/26"}],"replies":[{"embeddable":true,"href":"https:\/\/www.oliosanfilippo.com\/fr\/wp-json\/wp\/v2\/comments?post=29"}],"version-history":[{"count":7,"href":"https:\/\/www.oliosanfilippo.com\/fr\/wp-json\/wp\/v2\/pages\/29\/revisions"}],"predecessor-version":[{"id":21276,"href":"https:\/\/www.oliosanfilippo.com\/fr\/wp-json\/wp\/v2\/pages\/29\/revisions\/21276"}],"wp:attachment":[{"href":"https:\/\/www.oliosanfilippo.com\/fr\/wp-json\/wp\/v2\/media?parent=29"}],"curies":[{"name":"wp","href":"https:\/\/api.w.org\/{rel}","templated":true}]}}