{"id":10108,"date":"2017-04-24T17:58:41","date_gmt":"2017-04-24T15:58:41","guid":{"rendered":"http:\/\/www.oliosanfilippo.com\/?post_type=product&#038;p=7561"},"modified":"2025-12-06T20:01:41","modified_gmt":"2025-12-06T19:01:41","slug":"pate-cipolla-olio-sanfilippo","status":"publish","type":"product","link":"https:\/\/www.oliosanfilippo.com\/fr\/abbonamento\/pate-cipolla-olio-sanfilippo\/","title":{"rendered":"Pat\u00e8 di Tonno e Cipolla 180g"},"content":{"rendered":"<p><strong>Description :<\/strong><\/p>\n<p>D\u00e9couvrez notre d\u00e9licieux p\u00e2t\u00e9 sicilien \u00e0 l'oignon et au thon, une combinaison irr\u00e9sistible de saveurs. La douceur de l'oignon s'allie \u00e0 la d\u00e9licatesse du thon pour cr\u00e9er un p\u00e2t\u00e9 cr\u00e9meux parfait pour les ap\u00e9ritifs et les snacks. Mais ce n'est pas tout ! Ce p\u00e2t\u00e9 est \u00e9galement id\u00e9al comme condiment pr\u00eat \u00e0 l'emploi pour les p\u00e2tes, apportant une touche de saveur m\u00e9diterran\u00e9enne \u00e0 n'importe quel plat. Pr\u00e9par\u00e9 avec des ingr\u00e9dients de haute qualit\u00e9, c'est le choix parfait pour faire de chaque repas une exp\u00e9rience d\u00e9licieuse et facile \u00e0 pr\u00e9parer.<\/p>","protected":false},"excerpt":{"rendered":"<p><strong>Ingr\u00e9dients :<\/strong><\/p>\n<div class=\"page\" title=\"Page 4\">\n<div class=\"layoutArea\">\n<div class=\"column\">\n<p>Oignon 52%, thon \u00e0 l'huile de graines 23%, sel, huile d'olive extra vierge, sucre, raisins secs, vinaigre de vin, poivre noir, acide citrique.<\/p>\n<p>Poids net gr. 180<\/p>\n<\/div>\n<\/div>\n<\/div>","protected":false},"featured_media":23206,"comment_status":"open","ping_status":"closed","template":"","meta":{"_surecart_dashboard_logo_width":"180px","_surecart_dashboard_show_logo":true,"_surecart_dashboard_navigation_orders":true,"_surecart_dashboard_navigation_invoices":true,"_surecart_dashboard_navigation_subscriptions":true,"_surecart_dashboard_navigation_downloads":true,"_surecart_dashboard_navigation_billing":true,"_surecart_dashboard_navigation_account":true,"inline_featured_image":false,"_kad_post_transparent":"default","_kad_post_title":"","_kad_post_layout":"default","_kad_post_sidebar_id":"","_kad_post_content_style":"default","_kad_post_vertical_padding":"default","_kad_post_feature":"","_kad_post_feature_position":"","_kad_post_header":false,"_kad_post_footer":false,"_kad_post_classname":""},"product_brand":[],"product_cat":[19,123],"product_tag":[35,36,22,62],"class_list":{"0":"post-10108","1":"product","2":"type-product","3":"status-publish","4":"has-post-thumbnail","6":"product_cat-conserve","7":"product_cat-pate","8":"product_tag-cipolla","9":"product_tag-pate-di-cipolla","10":"product_tag-prodotti-siciliani","11":"product_tag-selezione-pate","13":"first","14":"instock","15":"shipping-taxable","16":"purchasable","17":"product-type-variable","18":"entry","19":"content-bg","20":"loop-entry"},"_links":{"self":[{"href":"https:\/\/www.oliosanfilippo.com\/fr\/wp-json\/wp\/v2\/product\/10108","targetHints":{"allow":["GET"]}}],"collection":[{"href":"https:\/\/www.oliosanfilippo.com\/fr\/wp-json\/wp\/v2\/product"}],"about":[{"href":"https:\/\/www.oliosanfilippo.com\/fr\/wp-json\/wp\/v2\/types\/product"}],"replies":[{"embeddable":true,"href":"https:\/\/www.oliosanfilippo.com\/fr\/wp-json\/wp\/v2\/comments?post=10108"}],"version-history":[{"count":4,"href":"https:\/\/www.oliosanfilippo.com\/fr\/wp-json\/wp\/v2\/product\/10108\/revisions"}],"predecessor-version":[{"id":23380,"href":"https:\/\/www.oliosanfilippo.com\/fr\/wp-json\/wp\/v2\/product\/10108\/revisions\/23380"}],"wp:featuredmedia":[{"embeddable":true,"href":"https:\/\/www.oliosanfilippo.com\/fr\/wp-json\/wp\/v2\/media\/23206"}],"wp:attachment":[{"href":"https:\/\/www.oliosanfilippo.com\/fr\/wp-json\/wp\/v2\/media?parent=10108"}],"wp:term":[{"taxonomy":"product_brand","embeddable":true,"href":"https:\/\/www.oliosanfilippo.com\/fr\/wp-json\/wp\/v2\/product_brand?post=10108"},{"taxonomy":"product_cat","embeddable":true,"href":"https:\/\/www.oliosanfilippo.com\/fr\/wp-json\/wp\/v2\/product_cat?post=10108"},{"taxonomy":"product_tag","embeddable":true,"href":"https:\/\/www.oliosanfilippo.com\/fr\/wp-json\/wp\/v2\/product_tag?post=10108"}],"curies":[{"name":"wp","href":"https:\/\/api.w.org\/{rel}","templated":true}]}}