{"id":12634,"date":"2019-02-08T09:28:44","date_gmt":"2019-02-08T08:28:44","guid":{"rendered":"https:\/\/www.oliosanfilippo.com\/?post_type=product&#038;p=12634"},"modified":"2025-12-06T19:49:32","modified_gmt":"2025-12-06T18:49:32","slug":"pomodori-secchi-sottolio","status":"publish","type":"product","link":"https:\/\/www.oliosanfilippo.com\/fr\/abbonamento\/pomodori-secchi-sottolio\/","title":{"rendered":"Pomodorino Siciliano secco sott&#8217;olio  240g"},"content":{"rendered":"<p>Tomates s\u00e9ch\u00e9es \u00e0 l'huile<\/p>\n<p><strong>Description : <\/strong><\/p>\n<p>I <em><strong>tomates s\u00e9ch\u00e9es au soleil dans l'huile <\/strong><\/em>cultiv\u00e9s sur nos terres<em><strong>,<\/strong><\/em> sont n\u00e9s de la n\u00e9cessit\u00e9 de pouvoir conserver un produit unique, disponible en abondance pendant l'\u00e9t\u00e9 : les meilleures tomates sont laiss\u00e9es \u00e0 s\u00e9cher au soleil, selon la tradition de nos grands-parents, pour \u00eatre conserv\u00e9es avec nos produits de la mer. <strong>huile d'olive extra vierge<\/strong>.<\/p>\n<p>Nos tomates s\u00e9ch\u00e9es au soleil peuvent \u00eatre d\u00e9gust\u00e9es lors d'un ap\u00e9ritif savoureux, sur une focaccia ou une pizza, mais aussi sur des plats de riz ou de p\u00e2tes et sur des plats principaux \u00e0 base de poisson. Essayez-le avec du fromage burrata et un peu d'origan : vous pourrez profiter de tous les parfums et saveurs de notre terre sicilienne dans un seul plat.<\/p>\n<p>&nbsp;<\/p>","protected":false},"excerpt":{"rendered":"<p><strong>DESCRIPTION<\/strong><br \/>\nD'apr\u00e8s une recette traditionnelle sicilienne, un hors d'\u0153uvre raffin\u00e9 \u00e0 base de tomates s\u00e9ch\u00e9es aromatis\u00e9es et conserv\u00e9es dans l'huile.<\/p>\n<p><strong>Ingr\u00e9dients :<\/strong><\/p>\n<p><strong>Tomate s\u00e9ch\u00e9e 80%, huile de tournesol\/huile d'olive extra vierge, vinaigre de vin, ail, piment, sel, r\u00e9gulateur d'acidit\u00e9.<\/strong>.<\/p>\n<div class=\"page\" title=\"Page 3\">\n<div class=\"layoutArea\">\n<div class=\"column\">\n<p><strong>FORMATS DISPONIBLES<\/strong><br \/>\n- Pot pr\u00e9cieux T-D 240 g<\/p>\n<\/div>\n<\/div>\n<\/div>","protected":false},"featured_media":12638,"comment_status":"open","ping_status":"closed","template":"","meta":{"_surecart_dashboard_logo_width":"180px","_surecart_dashboard_show_logo":true,"_surecart_dashboard_navigation_orders":true,"_surecart_dashboard_navigation_invoices":true,"_surecart_dashboard_navigation_subscriptions":true,"_surecart_dashboard_navigation_downloads":true,"_surecart_dashboard_navigation_billing":true,"_surecart_dashboard_navigation_account":true,"inline_featured_image":false,"_kad_post_transparent":"default","_kad_post_title":"","_kad_post_layout":"default","_kad_post_sidebar_id":"","_kad_post_content_style":"default","_kad_post_vertical_padding":"default","_kad_post_feature":"","_kad_post_feature_position":"","_kad_post_header":false,"_kad_post_footer":false,"_kad_post_classname":""},"product_brand":[],"product_cat":[19],"product_tag":[25,22,63],"class_list":{"0":"post-12634","1":"product","2":"type-product","3":"status-publish","4":"has-post-thumbnail","6":"product_cat-conserve","7":"product_tag-pomodori","8":"product_tag-prodotti-siciliani","9":"product_tag-selezione-conserve","11":"first","12":"instock","13":"sale","14":"shipping-taxable","15":"purchasable","16":"product-type-variable","17":"entry","18":"content-bg","19":"loop-entry"},"_links":{"self":[{"href":"https:\/\/www.oliosanfilippo.com\/fr\/wp-json\/wp\/v2\/product\/12634","targetHints":{"allow":["GET"]}}],"collection":[{"href":"https:\/\/www.oliosanfilippo.com\/fr\/wp-json\/wp\/v2\/product"}],"about":[{"href":"https:\/\/www.oliosanfilippo.com\/fr\/wp-json\/wp\/v2\/types\/product"}],"replies":[{"embeddable":true,"href":"https:\/\/www.oliosanfilippo.com\/fr\/wp-json\/wp\/v2\/comments?post=12634"}],"version-history":[{"count":9,"href":"https:\/\/www.oliosanfilippo.com\/fr\/wp-json\/wp\/v2\/product\/12634\/revisions"}],"predecessor-version":[{"id":23595,"href":"https:\/\/www.oliosanfilippo.com\/fr\/wp-json\/wp\/v2\/product\/12634\/revisions\/23595"}],"wp:featuredmedia":[{"embeddable":true,"href":"https:\/\/www.oliosanfilippo.com\/fr\/wp-json\/wp\/v2\/media\/12638"}],"wp:attachment":[{"href":"https:\/\/www.oliosanfilippo.com\/fr\/wp-json\/wp\/v2\/media?parent=12634"}],"wp:term":[{"taxonomy":"product_brand","embeddable":true,"href":"https:\/\/www.oliosanfilippo.com\/fr\/wp-json\/wp\/v2\/product_brand?post=12634"},{"taxonomy":"product_cat","embeddable":true,"href":"https:\/\/www.oliosanfilippo.com\/fr\/wp-json\/wp\/v2\/product_cat?post=12634"},{"taxonomy":"product_tag","embeddable":true,"href":"https:\/\/www.oliosanfilippo.com\/fr\/wp-json\/wp\/v2\/product_tag?post=12634"}],"curies":[{"name":"wp","href":"https:\/\/api.w.org\/{rel}","templated":true}]}}