{"id":20314,"date":"2022-10-12T17:48:45","date_gmt":"2022-10-12T15:48:45","guid":{"rendered":"http:\/\/www.oliosanfilippo.com\/?post_type=product&#038;p=20314"},"modified":"2024-10-04T05:32:36","modified_gmt":"2024-10-04T03:32:36","slug":"olio-evo-aromatizzato-aglio","status":"publish","type":"product","link":"https:\/\/www.oliosanfilippo.com\/fr\/abbonamento\/olio-evo-aromatizzato-aglio\/","title":{"rendered":"Huile EVO aromatis\u00e9e \u00e0 l'ail"},"content":{"rendered":"<div data-elementor-type=\"product-post\" data-elementor-id=\"20314\" class=\"elementor elementor-20314\" data-elementor-post-type=\"product\">\n\t\t\t\t\t\t<section data-particle_enable=\"false\" data-particle-mobile-disabled=\"false\" class=\"elementor-section elementor-top-section elementor-element elementor-element-7d96b655 elementor-section-boxed elementor-section-height-default elementor-section-height-default\" data-id=\"7d96b655\" data-element_type=\"section\" data-e-type=\"section\">\n\t\t\t\t\t\t<div class=\"elementor-container elementor-column-gap-default\">\n\t\t\t\t\t<div class=\"elementor-column elementor-col-100 elementor-top-column elementor-element elementor-element-31fa9d9b\" data-id=\"31fa9d9b\" data-element_type=\"column\" data-e-type=\"column\">\n\t\t\t<div class=\"elementor-widget-wrap elementor-element-populated\">\n\t\t\t\t\t\t<div class=\"elementor-element elementor-element-5de8fc14 elementor-widget elementor-widget-text-editor\" data-id=\"5de8fc14\" data-element_type=\"widget\" data-e-type=\"widget\" data-widget_type=\"text-editor.default\">\n\t\t\t\t<div class=\"elementor-widget-container\">\n\t\t\t\t\t\t\t\t\t<h2 style=\"font-family: Poppins, sans-serif;\"><strong>Huile d'olive extra vierge aromatis\u00e9e \u00e0 l'ail 250 ml<\/strong><\/h2><p><strong><em>Huile d'olive extra vierge press\u00e9e \u00e0 froid aromatis\u00e9e \u00e0 l'ail<\/em><\/strong><\/p><p>D\u00e9couvrez notre huile d'olive vierge extra finement aromatis\u00e9e \u00e0 l'ail. C'est une huile sicilienne d\u00e9cisive qui fait ressortir le go\u00fbt m\u00e9diterran\u00e9en par excellence ! Celle de l'ail. Une huile EVO cors\u00e9e, elle a une couleur <b>jaune intense<\/b>\u00a0et se caract\u00e9rise par des notes aromatiques et un fort go\u00fbt d'ail.<\/p><p><strong style=\"background-color: transparent; color: var(--global-palette4); font-family: var(--global-body-font-family);\">Des astuces dans la cuisine :<\/strong><span style=\"background-color: transparent; color: var(--global-palette4); font-family: var(--global-body-font-family);\">\u00a0<\/span>Donnez une touche suppl\u00e9mentaire \u00e0 votre salade et essayez d'assaisonner des produits de boulangerie faits maison comme la focaccia, la bruschetta et la pizza.<\/p><div class=\"page\" title=\"Page 17\"><div class=\"layoutArea\"><div class=\"column\"><p>Parfait pour assaisonner les p\u00e2tes avec de l'ail, de l'huile et du piment, le<span style=\"background-color: transparent; color: var(--global-palette4); font-family: var(--global-body-font-family);\">huile aromatis\u00e9e \u00e0 l'ail <\/span><span class=\"OYPEnA font-feature-liga-off font-feature-clig-off font-feature-calt-off text-decoration-none text-strikethrough-none\" style=\"background-color: transparent; color: var(--global-palette4); font-family: var(--global-body-font-family);\">sera votre alli\u00e9 pour parfumer les salades et les plats d\u00e9licats.<\/span><\/p><\/div><\/div><\/div><p>Ne peut pas manquer sur votre table comme un condiment peut \u00eatre utilis\u00e9 pour mariner la viande ou le poisson avant de les griller.<\/p>\t\t\t\t\t\t\t\t<\/div>\n\t\t\t\t<\/div>\n\t\t\t\t<div class=\"elementor-element elementor-element-7acb08f elementor-widget elementor-widget-text-editor\" data-id=\"7acb08f\" data-element_type=\"widget\" data-e-type=\"widget\" data-widget_type=\"text-editor.default\">\n\t\t\t\t<div class=\"elementor-widget-container\">\n\t\t\t\t\t\t\t\t\t<p><strong>SP\u00c9CIFICATIONS TECHNIQUES<\/strong><\/p><p><strong>Ingr\u00e9dients :\u00a0<\/strong>Huile d'olive extra vierge italienne 100% (98%)<br \/><strong>Ar\u00f4me<\/strong>\u00a0<strong>naturel<\/strong>\u00a0de la truffe (3%).<br \/><strong>Valeurs nutritionnelles<\/strong>\u00a0pour 100g : CALORIES : 3,374 KJ\/821 KCAL, MATIERES GRASSES TOTALES : 94G, DONT ACIDES GRAS SATUR\u00c9S : 14G, CARBOHYDRATES 0G, DONT SUCRES : 0G ; PROT\u00c9INES : 0G ; SEL : 0G.\u00a0<br \/><strong>Vari\u00e9t\u00e9s d'olives<\/strong>Nocellara del Belice, Carolea, Cerasuola, 10% Coratina.<br \/><strong>Ann\u00e9e de production<\/strong>: 2024\/2025<br \/><strong>P\u00e9riode de r\u00e9colte des olives<\/strong>OCTOBRE\/NOVEMBRE<br \/><strong>M\u00e9thode d'extraction<\/strong>CYCLE DE FROID CONTINU<br \/><strong>Garantie :<\/strong>\u00a0Produit italien 100% provenant d'une cha\u00eene d'approvisionnement contr\u00f4l\u00e9e<br \/><strong>Emballage :<\/strong>\u00a0Bouteille en verre transparent 250ml,<\/p>\t\t\t\t\t\t\t\t<\/div>\n\t\t\t\t<\/div>\n\t\t\t\t<div class=\"elementor-element elementor-element-8ae1ceb elementor-widget-divider--view-line elementor-widget elementor-widget-divider\" data-id=\"8ae1ceb\" data-element_type=\"widget\" data-e-type=\"widget\" data-widget_type=\"divider.default\">\n\t\t\t\t<div class=\"elementor-widget-container\">\n\t\t\t\t\t\t\t<div class=\"elementor-divider\">\n\t\t\t<span class=\"elementor-divider-separator\">\n\t\t\t\t\t\t<\/span>\n\t\t<\/div>\n\t\t\t\t\t\t<\/div>\n\t\t\t\t<\/div>\n\t\t\t\t<div class=\"elementor-element elementor-element-92244a8 elementor-widget elementor-widget-image\" data-id=\"92244a8\" data-element_type=\"widget\" data-e-type=\"widget\" data-widget_type=\"image.default\">\n\t\t\t\t<div class=\"elementor-widget-container\">\n\t\t\t\t\t\t\t\t\t\t\t\t\t\t\t<img fetchpriority=\"high\" decoding=\"async\" width=\"1024\" height=\"724\" src=\"https:\/\/www.oliosanfilippo.com\/wp-content\/uploads\/2022\/10\/OLI-AROMATIZZATI-4-1024x724.png\" class=\"attachment-large size-large wp-image-22780\" alt=\"\" srcset=\"https:\/\/www.oliosanfilippo.com\/wp-content\/uploads\/2022\/10\/OLI-AROMATIZZATI-4-1024x724.png 1024w, https:\/\/www.oliosanfilippo.com\/wp-content\/uploads\/2022\/10\/OLI-AROMATIZZATI-4-300x212.png 300w, https:\/\/www.oliosanfilippo.com\/wp-content\/uploads\/2022\/10\/OLI-AROMATIZZATI-4-768x543.png 768w, https:\/\/www.oliosanfilippo.com\/wp-content\/uploads\/2022\/10\/OLI-AROMATIZZATI-4-1536x1086.png 1536w, https:\/\/www.oliosanfilippo.com\/wp-content\/uploads\/2022\/10\/OLI-AROMATIZZATI-4-18x12.png 18w, https:\/\/www.oliosanfilippo.com\/wp-content\/uploads\/2022\/10\/OLI-AROMATIZZATI-4-900x636.png 900w, https:\/\/www.oliosanfilippo.com\/wp-content\/uploads\/2022\/10\/OLI-AROMATIZZATI-4-600x424.png 600w, https:\/\/www.oliosanfilippo.com\/wp-content\/uploads\/2022\/10\/OLI-AROMATIZZATI-4.png 2000w\" sizes=\"(max-width: 1024px) 100vw, 1024px\" \/>\t\t\t\t\t\t\t\t\t\t\t\t\t\t\t<\/div>\n\t\t\t\t<\/div>\n\t\t\t\t\t<\/div>\n\t\t<\/div>\n\t\t\t\t\t<\/div>\n\t\t<\/section>\n\t\t\t\t<\/div>","protected":false},"excerpt":{"rendered":"<p>Pourquoi choisir\u00a0<strong>l\u2019olio EVO\u00a0<em>Aromatizzato all&#8217;Aglio<\/em><\/strong>:<br \/>\n\u25fe\u00a0Prodotto da olive Nocellara del Belice e coltivate nel territorio dei Monti Sicani<br \/>\n\u25fe\u00a0Aromi 100% Naturali<br \/>\n\u25fe\u00a0Colore\u00a0<strong>jaune<\/strong><b>\u00a0intense<\/b><b>, <\/b>con note robuste di aglio montano.<br \/>\n\u25fe\u00a0Campagna olivicola attuale: stagione 2023\/2024<br \/>\n\u25fe \u00c8 perfetto per chi cerca soluzioni rapide per insaporire i pasti senza l&#8217;odore persistente dell&#8217;aglio fresco.<\/p>","protected":false},"featured_media":21779,"comment_status":"closed","ping_status":"closed","template":"","meta":{"_surecart_dashboard_logo_width":"180px","_surecart_dashboard_show_logo":true,"_surecart_dashboard_navigation_orders":true,"_surecart_dashboard_navigation_invoices":true,"_surecart_dashboard_navigation_subscriptions":true,"_surecart_dashboard_navigation_downloads":true,"_surecart_dashboard_navigation_billing":true,"_surecart_dashboard_navigation_account":true,"inline_featured_image":false,"_kad_post_transparent":"default","_kad_post_title":"","_kad_post_layout":"default","_kad_post_sidebar_id":"","_kad_post_content_style":"default","_kad_post_vertical_padding":"default","_kad_post_feature":"","_kad_post_feature_position":"","_kad_post_header":false,"_kad_post_footer":false,"_kad_post_classname":""},"product_brand":[],"product_cat":[40],"product_tag":[43,64,42],"class_list":{"0":"post-20314","1":"product","2":"type-product","3":"status-publish","4":"has-post-thumbnail","6":"product_cat-olio-extravergine-di-oliva","7":"product_tag-fruttato-intenso","8":"product_tag-oli-aromatizzati","9":"product_tag-olio-extravergine-di-oliva","11":"first","12":"instock","13":"featured","14":"shipping-taxable","15":"purchasable","16":"product-type-simple","17":"entry","18":"content-bg","19":"loop-entry"},"_links":{"self":[{"href":"https:\/\/www.oliosanfilippo.com\/fr\/wp-json\/wp\/v2\/product\/20314","targetHints":{"allow":["GET"]}}],"collection":[{"href":"https:\/\/www.oliosanfilippo.com\/fr\/wp-json\/wp\/v2\/product"}],"about":[{"href":"https:\/\/www.oliosanfilippo.com\/fr\/wp-json\/wp\/v2\/types\/product"}],"replies":[{"embeddable":true,"href":"https:\/\/www.oliosanfilippo.com\/fr\/wp-json\/wp\/v2\/comments?post=20314"}],"version-history":[{"count":24,"href":"https:\/\/www.oliosanfilippo.com\/fr\/wp-json\/wp\/v2\/product\/20314\/revisions"}],"predecessor-version":[{"id":22791,"href":"https:\/\/www.oliosanfilippo.com\/fr\/wp-json\/wp\/v2\/product\/20314\/revisions\/22791"}],"wp:featuredmedia":[{"embeddable":true,"href":"https:\/\/www.oliosanfilippo.com\/fr\/wp-json\/wp\/v2\/media\/21779"}],"wp:attachment":[{"href":"https:\/\/www.oliosanfilippo.com\/fr\/wp-json\/wp\/v2\/media?parent=20314"}],"wp:term":[{"taxonomy":"product_brand","embeddable":true,"href":"https:\/\/www.oliosanfilippo.com\/fr\/wp-json\/wp\/v2\/product_brand?post=20314"},{"taxonomy":"product_cat","embeddable":true,"href":"https:\/\/www.oliosanfilippo.com\/fr\/wp-json\/wp\/v2\/product_cat?post=20314"},{"taxonomy":"product_tag","embeddable":true,"href":"https:\/\/www.oliosanfilippo.com\/fr\/wp-json\/wp\/v2\/product_tag?post=20314"}],"curies":[{"name":"wp","href":"https:\/\/api.w.org\/{rel}","templated":true}]}}