{"id":20316,"date":"2022-10-12T17:51:57","date_gmt":"2022-10-12T15:51:57","guid":{"rendered":"http:\/\/www.oliosanfilippo.com\/?post_type=product&#038;p=20316"},"modified":"2024-10-04T05:32:36","modified_gmt":"2024-10-04T03:32:36","slug":"olio-evo-aromatizzato-limone","status":"publish","type":"product","link":"https:\/\/www.oliosanfilippo.com\/fr\/abbonamento\/olio-evo-aromatizzato-limone\/","title":{"rendered":"Huile EVO aromatis\u00e9e au citron"},"content":{"rendered":"<div data-elementor-type=\"product-post\" data-elementor-id=\"20316\" class=\"elementor elementor-20316\" data-elementor-post-type=\"product\">\n\t\t\t\t\t\t<section data-particle_enable=\"false\" data-particle-mobile-disabled=\"false\" class=\"elementor-section elementor-top-section elementor-element elementor-element-6dd79288 elementor-section-boxed elementor-section-height-default elementor-section-height-default\" data-id=\"6dd79288\" data-element_type=\"section\" data-e-type=\"section\">\n\t\t\t\t\t\t<div class=\"elementor-container elementor-column-gap-default\">\n\t\t\t\t\t<div class=\"elementor-column elementor-col-100 elementor-top-column elementor-element elementor-element-23b6cb5a\" data-id=\"23b6cb5a\" data-element_type=\"column\" data-e-type=\"column\">\n\t\t\t<div class=\"elementor-widget-wrap elementor-element-populated\">\n\t\t\t\t\t\t<div class=\"elementor-element elementor-element-6972aa1 elementor-widget elementor-widget-text-editor\" data-id=\"6972aa1\" data-element_type=\"widget\" data-e-type=\"widget\" data-widget_type=\"text-editor.default\">\n\t\t\t\t<div class=\"elementor-widget-container\">\n\t\t\t\t\t\t\t\t\t<h2><strong>Huile d'olive extra vierge aromatis\u00e9e au citron 250 ml<\/strong><\/h2><p><strong><em>Huile d'olive extra vierge press\u00e9e \u00e0 froid aromatis\u00e9e au citron<\/em><\/strong><\/p><p>D\u00e9couvrez notre pr\u00e9cieuse huile d'olive vierge extra aromatis\u00e9e au citron de Sicile. Il s'agit d'une huile sicilienne utilisant l'un des fruits les plus embl\u00e9matiques de notre r\u00e9gion, le citron. Une huile EVO cors\u00e9e, elle a une couleur\u00a0<b>jaune intense<\/b>\u00a0et se caract\u00e9rise par des notes aromatiques particuli\u00e8rement prononc\u00e9es et une finale fra\u00eeche et citronn\u00e9e.<\/p><p><strong style=\"background-color: transparent; color: var(--global-palette4); font-family: var(--global-body-font-family);\">Des astuces dans la cuisine :\u00a0<\/strong>Si vous souhaitez donner une touche suppl\u00e9mentaire \u00e0 une salade, un plat de poisson ou une viande grill\u00e9e, l'huile de citron est l'alli\u00e9e des amateurs d'agrumes. Avec quelques gouttes seulement, vous pouvez donner une note de saveur aux aliments les plus simples, comme les salades et les crudit\u00e9s.<\/p><p>Ne peut pas manquer sur votre table comme un condiment peut \u00eatre utilis\u00e9 pour mariner la viande ou le poisson avant de les griller.\u00a0<\/p><p>\u00a0<\/p>\t\t\t\t\t\t\t\t<\/div>\n\t\t\t\t<\/div>\n\t\t\t\t<div class=\"elementor-element elementor-element-7f3b3ad elementor-widget elementor-widget-text-editor\" data-id=\"7f3b3ad\" data-element_type=\"widget\" data-e-type=\"widget\" data-widget_type=\"text-editor.default\">\n\t\t\t\t<div class=\"elementor-widget-container\">\n\t\t\t\t\t\t\t\t\t<p><strong>SP\u00c9CIFICATIONS TECHNIQUES<\/strong><\/p><p><strong>Ingr\u00e9dients :\u00a0<\/strong>Huile d'olive extra vierge italienne 100% (98%)<br \/><strong>Ar\u00f4me<\/strong>\u00a0<strong>naturel<\/strong> di Limone (3%).<br \/><strong>Valeurs nutritionnelles<\/strong>\u00a0pour 100g : CALORIES : 3,374 KJ\/821 KCAL, MATIERES GRASSES TOTALES : 94G, DONT ACIDES GRAS SATUR\u00c9S : 14G, CARBOHYDRATES 0G, DONT SUCRES : 0G ; PROT\u00c9INES : 0G ; SEL : 0G.\u00a0<br \/><strong>Vari\u00e9t\u00e9s d'olives<\/strong>Nocellara del Belice, Carolea, Cerasuola, 10% Coratina.<br \/><strong>Ann\u00e9e de production<\/strong>: 2024\/2025<br \/><strong>P\u00e9riode de r\u00e9colte des olives<\/strong>OCTOBRE\/NOVEMBRE<br \/><strong>M\u00e9thode d'extraction<\/strong>CYCLE DE FROID CONTINU<br \/><strong>Garantie :<\/strong>\u00a0Produit italien 100% provenant d'une cha\u00eene d'approvisionnement contr\u00f4l\u00e9e<br \/><strong>Emballage :<\/strong>\u00a0Bouteille en verre transparent 250ml,<\/p>\t\t\t\t\t\t\t\t<\/div>\n\t\t\t\t<\/div>\n\t\t\t\t<div class=\"elementor-element elementor-element-2b024e4 elementor-widget-divider--view-line elementor-widget elementor-widget-divider\" data-id=\"2b024e4\" data-element_type=\"widget\" data-e-type=\"widget\" data-widget_type=\"divider.default\">\n\t\t\t\t<div class=\"elementor-widget-container\">\n\t\t\t\t\t\t\t<div class=\"elementor-divider\">\n\t\t\t<span class=\"elementor-divider-separator\">\n\t\t\t\t\t\t<\/span>\n\t\t<\/div>\n\t\t\t\t\t\t<\/div>\n\t\t\t\t<\/div>\n\t\t\t\t<div class=\"elementor-element elementor-element-30f68db elementor-widget elementor-widget-image\" data-id=\"30f68db\" data-element_type=\"widget\" data-e-type=\"widget\" data-widget_type=\"image.default\">\n\t\t\t\t<div class=\"elementor-widget-container\">\n\t\t\t\t\t\t\t\t\t\t\t\t\t\t\t<img fetchpriority=\"high\" decoding=\"async\" width=\"1024\" height=\"724\" src=\"https:\/\/www.oliosanfilippo.com\/wp-content\/uploads\/2022\/10\/OLI-AROMATIZZATI-3-1024x724.png\" class=\"attachment-large size-large wp-image-22776\" alt=\"\" srcset=\"https:\/\/www.oliosanfilippo.com\/wp-content\/uploads\/2022\/10\/OLI-AROMATIZZATI-3-1024x724.png 1024w, https:\/\/www.oliosanfilippo.com\/wp-content\/uploads\/2022\/10\/OLI-AROMATIZZATI-3-300x212.png 300w, https:\/\/www.oliosanfilippo.com\/wp-content\/uploads\/2022\/10\/OLI-AROMATIZZATI-3-768x543.png 768w, https:\/\/www.oliosanfilippo.com\/wp-content\/uploads\/2022\/10\/OLI-AROMATIZZATI-3-1536x1086.png 1536w, https:\/\/www.oliosanfilippo.com\/wp-content\/uploads\/2022\/10\/OLI-AROMATIZZATI-3-18x12.png 18w, https:\/\/www.oliosanfilippo.com\/wp-content\/uploads\/2022\/10\/OLI-AROMATIZZATI-3-900x636.png 900w, https:\/\/www.oliosanfilippo.com\/wp-content\/uploads\/2022\/10\/OLI-AROMATIZZATI-3-600x424.png 600w, https:\/\/www.oliosanfilippo.com\/wp-content\/uploads\/2022\/10\/OLI-AROMATIZZATI-3.png 2000w\" sizes=\"(max-width: 1024px) 100vw, 1024px\" \/>\t\t\t\t\t\t\t\t\t\t\t\t\t\t\t<\/div>\n\t\t\t\t<\/div>\n\t\t\t\t\t<\/div>\n\t\t<\/div>\n\t\t\t\t\t<\/div>\n\t\t<\/section>\n\t\t\t\t<\/div>","protected":false},"excerpt":{"rendered":"<p>Pourquoi choisir\u00a0<strong>l\u2019olio EVO\u00a0<em>Aromatizzato al\u00a0 Limone<\/em><\/strong>:<br \/>\n\u25fe\u00a0Prodotto da olive Nocellara del Belice e coltivate nel territorio dei Monti Sicani<br \/>\n\u25fe\u00a0Aromi 100% Naturali<br \/>\n\u25fe\u00a0Colore\u00a0<strong>jaune<\/strong><b>\u00a0intense<\/b><b>, <\/b>con\u00a0nota agrumata e rinfrescante.<br \/>\n\u25fe\u00a0Campagna olivicola attuale: stagione 2023\/2024<br \/>\n\u25fe \u00c8 perfetto per chi apprezza i sapori freschi e leggeri tipici della dieta mediterranea. Trover\u00e0 nell&#8217;olio al limone un alleato perfetto in cucina<\/p>","protected":false},"featured_media":21780,"comment_status":"closed","ping_status":"closed","template":"","meta":{"_surecart_dashboard_logo_width":"180px","_surecart_dashboard_show_logo":true,"_surecart_dashboard_navigation_orders":true,"_surecart_dashboard_navigation_invoices":true,"_surecart_dashboard_navigation_subscriptions":true,"_surecart_dashboard_navigation_downloads":true,"_surecart_dashboard_navigation_billing":true,"_surecart_dashboard_navigation_account":true,"inline_featured_image":false,"_kad_post_transparent":"default","_kad_post_title":"","_kad_post_layout":"default","_kad_post_sidebar_id":"","_kad_post_content_style":"default","_kad_post_vertical_padding":"default","_kad_post_feature":"","_kad_post_feature_position":"","_kad_post_header":false,"_kad_post_footer":false,"_kad_post_classname":""},"product_brand":[],"product_cat":[40],"product_tag":[43,64,42],"class_list":{"0":"post-20316","1":"product","2":"type-product","3":"status-publish","4":"has-post-thumbnail","6":"product_cat-olio-extravergine-di-oliva","7":"product_tag-fruttato-intenso","8":"product_tag-oli-aromatizzati","9":"product_tag-olio-extravergine-di-oliva","11":"first","12":"instock","13":"featured","14":"shipping-taxable","15":"purchasable","16":"product-type-simple","17":"entry","18":"content-bg","19":"loop-entry"},"_links":{"self":[{"href":"https:\/\/www.oliosanfilippo.com\/fr\/wp-json\/wp\/v2\/product\/20316","targetHints":{"allow":["GET"]}}],"collection":[{"href":"https:\/\/www.oliosanfilippo.com\/fr\/wp-json\/wp\/v2\/product"}],"about":[{"href":"https:\/\/www.oliosanfilippo.com\/fr\/wp-json\/wp\/v2\/types\/product"}],"replies":[{"embeddable":true,"href":"https:\/\/www.oliosanfilippo.com\/fr\/wp-json\/wp\/v2\/comments?post=20316"}],"version-history":[{"count":22,"href":"https:\/\/www.oliosanfilippo.com\/fr\/wp-json\/wp\/v2\/product\/20316\/revisions"}],"predecessor-version":[{"id":22795,"href":"https:\/\/www.oliosanfilippo.com\/fr\/wp-json\/wp\/v2\/product\/20316\/revisions\/22795"}],"wp:featuredmedia":[{"embeddable":true,"href":"https:\/\/www.oliosanfilippo.com\/fr\/wp-json\/wp\/v2\/media\/21780"}],"wp:attachment":[{"href":"https:\/\/www.oliosanfilippo.com\/fr\/wp-json\/wp\/v2\/media?parent=20316"}],"wp:term":[{"taxonomy":"product_brand","embeddable":true,"href":"https:\/\/www.oliosanfilippo.com\/fr\/wp-json\/wp\/v2\/product_brand?post=20316"},{"taxonomy":"product_cat","embeddable":true,"href":"https:\/\/www.oliosanfilippo.com\/fr\/wp-json\/wp\/v2\/product_cat?post=20316"},{"taxonomy":"product_tag","embeddable":true,"href":"https:\/\/www.oliosanfilippo.com\/fr\/wp-json\/wp\/v2\/product_tag?post=20316"}],"curies":[{"name":"wp","href":"https:\/\/api.w.org\/{rel}","templated":true}]}}