{"id":20318,"date":"2022-10-12T17:55:01","date_gmt":"2022-10-12T15:55:01","guid":{"rendered":"http:\/\/www.oliosanfilippo.com\/?post_type=product&#038;p=20318"},"modified":"2024-10-04T05:32:36","modified_gmt":"2024-10-04T03:32:36","slug":"olio-evo-aromatizzato-tartufo","status":"publish","type":"product","link":"https:\/\/www.oliosanfilippo.com\/fr\/abbonamento\/olio-evo-aromatizzato-tartufo\/","title":{"rendered":"Huile EVO aromatis\u00e9e \u00e0 la truffe"},"content":{"rendered":"<div data-elementor-type=\"product-post\" data-elementor-id=\"20318\" class=\"elementor elementor-20318\" data-elementor-post-type=\"product\">\n\t\t\t\t\t\t<section data-particle_enable=\"false\" data-particle-mobile-disabled=\"false\" class=\"elementor-section elementor-top-section elementor-element elementor-element-5ed3198 elementor-section-boxed elementor-section-height-default elementor-section-height-default\" data-id=\"5ed3198\" data-element_type=\"section\" data-e-type=\"section\">\n\t\t\t\t\t\t<div class=\"elementor-container elementor-column-gap-default\">\n\t\t\t\t\t<div class=\"elementor-column elementor-col-100 elementor-top-column elementor-element elementor-element-c01e405\" data-id=\"c01e405\" data-element_type=\"column\" data-e-type=\"column\">\n\t\t\t<div class=\"elementor-widget-wrap elementor-element-populated\">\n\t\t\t\t\t\t<div class=\"elementor-element elementor-element-1d4916ff elementor-widget elementor-widget-text-editor\" data-id=\"1d4916ff\" data-element_type=\"widget\" data-e-type=\"widget\" data-widget_type=\"text-editor.default\">\n\t\t\t\t<div class=\"elementor-widget-container\">\n\t\t\t\t\t\t\t\t\t<h2>Huile<strong> Huile d'olive extra vierge aromatis\u00e9e \u00e0 la truffe 250 ml<\/strong><\/h2><p><strong><em>Huile d'olive extra vierge press\u00e9e \u00e0 froid aromatis\u00e9e \u00e0 la truffe d'\u00e9t\u00e9<\/em><\/strong><\/p><p>D\u00e9couvrez notre huile d'olive vierge extra aromatis\u00e9e \u00e0 la truffe. C'est une huile sicilienne qui met en valeur la truffe, l'un des mets les plus d\u00e9licats au go\u00fbt inimitable. Huile EVO cors\u00e9e, de couleur dor\u00e9e.<b>\u00a0intense<\/b>\u00a0et se caract\u00e9rise par des notes aromatiques et une finale truff\u00e9e.<\/p><p><strong style=\"background-color: transparent; color: var(--global-palette4); font-family: var(--global-body-font-family);\">Des astuces dans la cuisine :\u00a0<\/strong>donne une touche suppl\u00e9mentaire aux salades, id\u00e9al pour assaisonner les entr\u00e9es ou les plats de viande.<br \/>Essayez-le sur un \u0153uf au plat, vous serez agr\u00e9ablement impressionn\u00e9.<br \/><span style=\"background-color: transparent; color: var(--global-palette4); font-family: var(--global-body-font-family);\">L'huile aromatis\u00e9e \u00e0 la truffe est votre alli\u00e9e dans la cuisine. Elle peut donner \u00e0 vos plats les plus simples une touche de raffinement suppl\u00e9mentaire.<\/span><\/p><p>Ne peut pas manquer sur votre table comme un condiment peut \u00eatre utilis\u00e9 pour mariner la viande ou le poisson avant de les griller.<\/p><p>\u00a0<\/p>\t\t\t\t\t\t\t\t<\/div>\n\t\t\t\t<\/div>\n\t\t\t\t<div class=\"elementor-element elementor-element-f8bb9fb elementor-widget elementor-widget-text-editor\" data-id=\"f8bb9fb\" data-element_type=\"widget\" data-e-type=\"widget\" data-widget_type=\"text-editor.default\">\n\t\t\t\t<div class=\"elementor-widget-container\">\n\t\t\t\t\t\t\t\t\t<div title=\"Page 8\"><div><div><div><p><strong>SP\u00c9CIFICATIONS TECHNIQUES<\/strong><\/p><p><strong>Ingr\u00e9dients :\u00a0<\/strong>Huile d'olive extra vierge italienne 100% (98%)<br \/><strong>Ar\u00f4me<\/strong> <strong>naturel<\/strong> de la truffe (3%).<br \/><strong>Valeurs nutritionnelles<\/strong> pour 100g : CALORIES : 3,374 KJ\/821 KCAL, MATIERES GRASSES TOTALES : 94G, DONT ACIDES GRAS SATUR\u00c9S : 14G, CARBOHYDRATES 0G, DONT SUCRES : 0G ; PROT\u00c9INES : 0G ; SEL : 0G.\u00a0<br \/><strong>Vari\u00e9t\u00e9s d'olives<\/strong>Nocellara del Belice, Carolea, Cerasuola, 10% Coratina.<br \/><strong>Ann\u00e9e de production<\/strong>: 2024\/2025<br \/><strong>P\u00e9riode de r\u00e9colte des olives<\/strong>OCTOBRE\/NOVEMBRE <br \/><strong>M\u00e9thode d'extraction<\/strong>CYCLE DE FROID CONTINU<br \/><strong>Garantie :<\/strong> Produit italien 100% provenant d'une cha\u00eene d'approvisionnement contr\u00f4l\u00e9e<br \/><strong>Emballage :<\/strong> Bouteille en verre transparent 250ml,<\/p><\/div><\/div><\/div><\/div>\t\t\t\t\t\t\t\t<\/div>\n\t\t\t\t<\/div>\n\t\t\t\t<div class=\"elementor-element elementor-element-9ae9dc4 elementor-widget-divider--view-line elementor-widget elementor-widget-divider\" data-id=\"9ae9dc4\" data-element_type=\"widget\" data-e-type=\"widget\" data-widget_type=\"divider.default\">\n\t\t\t\t<div class=\"elementor-widget-container\">\n\t\t\t\t\t\t\t<div class=\"elementor-divider\">\n\t\t\t<span class=\"elementor-divider-separator\">\n\t\t\t\t\t\t<\/span>\n\t\t<\/div>\n\t\t\t\t\t\t<\/div>\n\t\t\t\t<\/div>\n\t\t\t\t<div class=\"elementor-element elementor-element-763f34e elementor-widget elementor-widget-image\" data-id=\"763f34e\" data-element_type=\"widget\" data-e-type=\"widget\" data-widget_type=\"image.default\">\n\t\t\t\t<div class=\"elementor-widget-container\">\n\t\t\t\t\t\t\t\t\t\t\t\t\t\t\t<img fetchpriority=\"high\" decoding=\"async\" width=\"1024\" height=\"724\" src=\"https:\/\/www.oliosanfilippo.com\/wp-content\/uploads\/2022\/10\/OLI-AROMATIZZATI-1024x724.png\" class=\"attachment-large size-large wp-image-22762\" alt=\"\" srcset=\"https:\/\/www.oliosanfilippo.com\/wp-content\/uploads\/2022\/10\/OLI-AROMATIZZATI-1024x724.png 1024w, https:\/\/www.oliosanfilippo.com\/wp-content\/uploads\/2022\/10\/OLI-AROMATIZZATI-300x212.png 300w, https:\/\/www.oliosanfilippo.com\/wp-content\/uploads\/2022\/10\/OLI-AROMATIZZATI-768x543.png 768w, https:\/\/www.oliosanfilippo.com\/wp-content\/uploads\/2022\/10\/OLI-AROMATIZZATI-1536x1086.png 1536w, https:\/\/www.oliosanfilippo.com\/wp-content\/uploads\/2022\/10\/OLI-AROMATIZZATI-18x12.png 18w, https:\/\/www.oliosanfilippo.com\/wp-content\/uploads\/2022\/10\/OLI-AROMATIZZATI-900x636.png 900w, https:\/\/www.oliosanfilippo.com\/wp-content\/uploads\/2022\/10\/OLI-AROMATIZZATI-600x424.png 600w, https:\/\/www.oliosanfilippo.com\/wp-content\/uploads\/2022\/10\/OLI-AROMATIZZATI.png 2000w\" sizes=\"(max-width: 1024px) 100vw, 1024px\" \/>\t\t\t\t\t\t\t\t\t\t\t\t\t\t\t<\/div>\n\t\t\t\t<\/div>\n\t\t\t\t\t<\/div>\n\t\t<\/div>\n\t\t\t\t\t<\/div>\n\t\t<\/section>\n\t\t\t\t<\/div>","protected":false},"excerpt":{"rendered":"<p>Pourquoi choisir\u00a0<strong>l\u2019olio EVO <em>Aromatizzato al\u00a0 Tartufo<\/em><\/strong>:<br \/>\n\u25fe Prodotto da olive Nocellara del Belice e coltivate nel territorio dei Monti Sicani<br \/>\n\u25fe Aromi 100% Naturali<br \/>\n\u25fe Colore <strong>or<\/strong><b>\u00a0intense<\/b><b>, <\/b>dal sapore unico e sofisticato<br \/>\n\u25fe\u00a0Campagna olivicola attuale: stagione 2023\/2024<br \/>\n\u25fe\u00a0\u00c8 perfetto per chi cerca di aggiungere un tocco di lusso e raffinatezza ai propri piatti.<\/p>","protected":false},"featured_media":21778,"comment_status":"closed","ping_status":"closed","template":"","meta":{"_surecart_dashboard_logo_width":"180px","_surecart_dashboard_show_logo":true,"_surecart_dashboard_navigation_orders":true,"_surecart_dashboard_navigation_invoices":true,"_surecart_dashboard_navigation_subscriptions":true,"_surecart_dashboard_navigation_downloads":true,"_surecart_dashboard_navigation_billing":true,"_surecart_dashboard_navigation_account":true,"inline_featured_image":false,"_kad_post_transparent":"default","_kad_post_title":"","_kad_post_layout":"default","_kad_post_sidebar_id":"","_kad_post_content_style":"default","_kad_post_vertical_padding":"default","_kad_post_feature":"","_kad_post_feature_position":"","_kad_post_header":false,"_kad_post_footer":false,"_kad_post_classname":""},"product_brand":[],"product_cat":[40],"product_tag":[43,64,42],"class_list":{"0":"post-20318","1":"product","2":"type-product","3":"status-publish","4":"has-post-thumbnail","6":"product_cat-olio-extravergine-di-oliva","7":"product_tag-fruttato-intenso","8":"product_tag-oli-aromatizzati","9":"product_tag-olio-extravergine-di-oliva","11":"first","12":"instock","13":"featured","14":"shipping-taxable","15":"purchasable","16":"product-type-simple","17":"entry","18":"content-bg","19":"loop-entry"},"_links":{"self":[{"href":"https:\/\/www.oliosanfilippo.com\/fr\/wp-json\/wp\/v2\/product\/20318","targetHints":{"allow":["GET"]}}],"collection":[{"href":"https:\/\/www.oliosanfilippo.com\/fr\/wp-json\/wp\/v2\/product"}],"about":[{"href":"https:\/\/www.oliosanfilippo.com\/fr\/wp-json\/wp\/v2\/types\/product"}],"replies":[{"embeddable":true,"href":"https:\/\/www.oliosanfilippo.com\/fr\/wp-json\/wp\/v2\/comments?post=20318"}],"version-history":[{"count":20,"href":"https:\/\/www.oliosanfilippo.com\/fr\/wp-json\/wp\/v2\/product\/20318\/revisions"}],"predecessor-version":[{"id":22798,"href":"https:\/\/www.oliosanfilippo.com\/fr\/wp-json\/wp\/v2\/product\/20318\/revisions\/22798"}],"wp:featuredmedia":[{"embeddable":true,"href":"https:\/\/www.oliosanfilippo.com\/fr\/wp-json\/wp\/v2\/media\/21778"}],"wp:attachment":[{"href":"https:\/\/www.oliosanfilippo.com\/fr\/wp-json\/wp\/v2\/media?parent=20318"}],"wp:term":[{"taxonomy":"product_brand","embeddable":true,"href":"https:\/\/www.oliosanfilippo.com\/fr\/wp-json\/wp\/v2\/product_brand?post=20318"},{"taxonomy":"product_cat","embeddable":true,"href":"https:\/\/www.oliosanfilippo.com\/fr\/wp-json\/wp\/v2\/product_cat?post=20318"},{"taxonomy":"product_tag","embeddable":true,"href":"https:\/\/www.oliosanfilippo.com\/fr\/wp-json\/wp\/v2\/product_tag?post=20318"}],"curies":[{"name":"wp","href":"https:\/\/api.w.org\/{rel}","templated":true}]}}