{"id":22638,"date":"2024-02-16T12:17:03","date_gmt":"2024-02-16T11:17:03","guid":{"rendered":"https:\/\/www.oliosanfilippo.com\/?post_type=product&#038;p=22638"},"modified":"2025-09-26T21:38:01","modified_gmt":"2025-09-26T19:38:01","slug":"pesto-di-pistacchio-sicilia","status":"publish","type":"product","link":"https:\/\/www.oliosanfilippo.com\/fr\/abbonamento\/pesto-di-pistacchio-sicilia\/","title":{"rendered":"Pesto di Pistacchio 180g"},"content":{"rendered":"<p><strong>Description :<\/strong><\/p>\n<p>D\u00e9couvrez les saveurs de la Sicile gr\u00e2ce \u00e0 notre programme exclusif <strong>Pesto de pistaches<\/strong>.<br \/>\nLe pesto de pistaches se distingue par son caract\u00e8re <strong>texture cr\u00e9meuse<\/strong> et la saveur intense et aromatique des pistaches.<br \/>\nEn plus d'\u00eatre un condiment pr\u00eat \u00e0 l'emploi <strong>p\u00e2tes<\/strong>notre Pesto de pistaches se pr\u00eate \u00e0 la mise en valeur de la bruschetta, <strong>salades et plats de poisson<\/strong>. C'est la touche secr\u00e8te qui transforme chaque repas en une exp\u00e9rience gastronomique.<\/p>\n<p>Plongez dans les saveurs authentiques de la Sicile avec notre Pesto de pistaches et apportez un peu de cette terre fascinante \u00e0 votre table. <strong>Simple<\/strong> Il est facile \u00e0 utiliser, riche en saveurs, c'est le choix parfait pour enrichir vos plats et gagner le c\u0153ur de tous ceux qui aiment la bonne cuisine sicilienne.<\/p>","protected":false},"excerpt":{"rendered":"<p><strong>Ingr\u00e9dients :<\/strong><\/p>\n<div class=\"page\" title=\"Page 4\">\n<div class=\"layoutArea\">\n<div class=\"column\">\n<p>Pistache 55%, huile d'olive, huile d'olive extra vierge, sel, poivre noir.<\/p>\n<p>Poids net gr. 180<\/p>\n<\/div>\n<\/div>\n<\/div>","protected":false},"featured_media":22643,"comment_status":"open","ping_status":"closed","template":"","meta":{"_surecart_dashboard_logo_width":"180px","_surecart_dashboard_show_logo":true,"_surecart_dashboard_navigation_orders":true,"_surecart_dashboard_navigation_invoices":true,"_surecart_dashboard_navigation_subscriptions":true,"_surecart_dashboard_navigation_downloads":true,"_surecart_dashboard_navigation_billing":true,"_surecart_dashboard_navigation_account":true,"inline_featured_image":false,"_kad_post_transparent":"default","_kad_post_title":"","_kad_post_layout":"default","_kad_post_sidebar_id":"","_kad_post_content_style":"default","_kad_post_vertical_padding":"default","_kad_post_feature":"","_kad_post_feature_position":"","_kad_post_header":false,"_kad_post_footer":false,"_kad_post_classname":""},"product_brand":[],"product_cat":[19,123],"product_tag":[116,115,22,62],"class_list":{"0":"post-22638","1":"product","2":"type-product","3":"status-publish","4":"has-post-thumbnail","6":"product_cat-conserve","7":"product_cat-pate","8":"product_tag-pesto-di-pistacchio","9":"product_tag-pistacchio","10":"product_tag-prodotti-siciliani","11":"product_tag-selezione-pate","13":"first","14":"instock","15":"shipping-taxable","16":"purchasable","17":"product-type-variable","18":"entry","19":"content-bg","20":"loop-entry"},"_links":{"self":[{"href":"https:\/\/www.oliosanfilippo.com\/fr\/wp-json\/wp\/v2\/product\/22638","targetHints":{"allow":["GET"]}}],"collection":[{"href":"https:\/\/www.oliosanfilippo.com\/fr\/wp-json\/wp\/v2\/product"}],"about":[{"href":"https:\/\/www.oliosanfilippo.com\/fr\/wp-json\/wp\/v2\/types\/product"}],"replies":[{"embeddable":true,"href":"https:\/\/www.oliosanfilippo.com\/fr\/wp-json\/wp\/v2\/comments?post=22638"}],"version-history":[{"count":5,"href":"https:\/\/www.oliosanfilippo.com\/fr\/wp-json\/wp\/v2\/product\/22638\/revisions"}],"predecessor-version":[{"id":23387,"href":"https:\/\/www.oliosanfilippo.com\/fr\/wp-json\/wp\/v2\/product\/22638\/revisions\/23387"}],"wp:featuredmedia":[{"embeddable":true,"href":"https:\/\/www.oliosanfilippo.com\/fr\/wp-json\/wp\/v2\/media\/22643"}],"wp:attachment":[{"href":"https:\/\/www.oliosanfilippo.com\/fr\/wp-json\/wp\/v2\/media?parent=22638"}],"wp:term":[{"taxonomy":"product_brand","embeddable":true,"href":"https:\/\/www.oliosanfilippo.com\/fr\/wp-json\/wp\/v2\/product_brand?post=22638"},{"taxonomy":"product_cat","embeddable":true,"href":"https:\/\/www.oliosanfilippo.com\/fr\/wp-json\/wp\/v2\/product_cat?post=22638"},{"taxonomy":"product_tag","embeddable":true,"href":"https:\/\/www.oliosanfilippo.com\/fr\/wp-json\/wp\/v2\/product_tag?post=22638"}],"curies":[{"name":"wp","href":"https:\/\/api.w.org\/{rel}","templated":true}]}}