{"id":23348,"date":"2025-09-26T09:45:09","date_gmt":"2025-09-26T07:45:09","guid":{"rendered":"https:\/\/www.oliosanfilippo.com\/?post_type=product&#038;p=23348"},"modified":"2025-12-06T18:01:17","modified_gmt":"2025-12-06T17:01:17","slug":"pate-di-olive-nere-90gr","status":"publish","type":"product","link":"https:\/\/www.oliosanfilippo.com\/fr\/abbonamento\/pate-di-olive-nere-90gr\/","title":{"rendered":"Pat\u00e8 di olive nere 90g"},"content":{"rendered":"<p>Le go\u00fbt prononc\u00e9 des olives noires donne de la saveur et du corps aux plats auxquels il est associ\u00e9. Ce p\u00e2t\u00e9 est excellent sur les bruschettas et les hors-d'\u0153uvre.<\/p>\n<p>&nbsp;<\/p>","protected":false},"excerpt":{"rendered":"<div class=\"page\" title=\"Page 5\">\n<div class=\"layoutArea\">\n<div class=\"column\">\n<p><strong>Ingr\u00e9dients :<\/strong><\/p>\n<p>Olives, sel, piment,<br \/>\nl'ail, la menthe, les anchois,<br \/>\nhuile de tournesol, huile d'olive.<\/p>\n<p>Peso netto gr. 90<\/p>\n<\/div>\n<\/div>\n<\/div>","protected":false},"featured_media":23350,"comment_status":"open","ping_status":"closed","template":"","meta":{"_surecart_dashboard_logo_width":"180px","_surecart_dashboard_show_logo":true,"_surecart_dashboard_navigation_orders":true,"_surecart_dashboard_navigation_invoices":true,"_surecart_dashboard_navigation_subscriptions":true,"_surecart_dashboard_navigation_downloads":true,"_surecart_dashboard_navigation_billing":true,"_surecart_dashboard_navigation_account":true,"inline_featured_image":false,"_kad_post_transparent":"default","_kad_post_title":"","_kad_post_layout":"default","_kad_post_sidebar_id":"","_kad_post_content_style":"default","_kad_post_vertical_padding":"default","_kad_post_feature":"","_kad_post_feature_position":"","_kad_post_header":false,"_kad_post_footer":false,"_kad_post_classname":""},"product_brand":[],"product_cat":[19,123],"product_tag":[34,22,62],"class_list":{"0":"post-23348","1":"product","2":"type-product","3":"status-publish","4":"has-post-thumbnail","6":"product_cat-conserve","7":"product_cat-pate","8":"product_tag-olive-nere","9":"product_tag-prodotti-siciliani","10":"product_tag-selezione-pate","12":"first","13":"instock","14":"shipping-taxable","15":"purchasable","16":"product-type-variable","17":"entry","18":"content-bg","19":"loop-entry"},"_links":{"self":[{"href":"https:\/\/www.oliosanfilippo.com\/fr\/wp-json\/wp\/v2\/product\/23348","targetHints":{"allow":["GET"]}}],"collection":[{"href":"https:\/\/www.oliosanfilippo.com\/fr\/wp-json\/wp\/v2\/product"}],"about":[{"href":"https:\/\/www.oliosanfilippo.com\/fr\/wp-json\/wp\/v2\/types\/product"}],"replies":[{"embeddable":true,"href":"https:\/\/www.oliosanfilippo.com\/fr\/wp-json\/wp\/v2\/comments?post=23348"}],"version-history":[{"count":2,"href":"https:\/\/www.oliosanfilippo.com\/fr\/wp-json\/wp\/v2\/product\/23348\/revisions"}],"predecessor-version":[{"id":23395,"href":"https:\/\/www.oliosanfilippo.com\/fr\/wp-json\/wp\/v2\/product\/23348\/revisions\/23395"}],"wp:featuredmedia":[{"embeddable":true,"href":"https:\/\/www.oliosanfilippo.com\/fr\/wp-json\/wp\/v2\/media\/23350"}],"wp:attachment":[{"href":"https:\/\/www.oliosanfilippo.com\/fr\/wp-json\/wp\/v2\/media?parent=23348"}],"wp:term":[{"taxonomy":"product_brand","embeddable":true,"href":"https:\/\/www.oliosanfilippo.com\/fr\/wp-json\/wp\/v2\/product_brand?post=23348"},{"taxonomy":"product_cat","embeddable":true,"href":"https:\/\/www.oliosanfilippo.com\/fr\/wp-json\/wp\/v2\/product_cat?post=23348"},{"taxonomy":"product_tag","embeddable":true,"href":"https:\/\/www.oliosanfilippo.com\/fr\/wp-json\/wp\/v2\/product_tag?post=23348"}],"curies":[{"name":"wp","href":"https:\/\/api.w.org\/{rel}","templated":true}]}}