{"id":21071,"date":"2022-10-19T11:52:00","date_gmt":"2022-10-19T09:52:00","guid":{"rendered":"http:\/\/www.oliosanfilippo.com\/?page_id=21071"},"modified":"2022-10-19T16:37:00","modified_gmt":"2022-10-19T14:37:00","slug":"olio-extravergine-di-oliva-siciliano","status":"publish","type":"page","link":"https:\/\/www.oliosanfilippo.com\/nl\/olio-extravergine-di-oliva-siciliano\/","title":{"rendered":"Onze olie"},"content":{"rendered":"<div data-elementor-type=\"wp-page\" data-elementor-id=\"21071\" class=\"elementor elementor-21071\" data-elementor-post-type=\"page\">\n\t\t\t\t\t\t<section data-particle_enable=\"false\" data-particle-mobile-disabled=\"false\" class=\"elementor-section elementor-top-section elementor-element elementor-element-c8ddeb6 elementor-section-height-min-height elementor-section-boxed elementor-section-height-default elementor-section-items-middle\" data-id=\"c8ddeb6\" data-element_type=\"section\" data-e-type=\"section\" data-settings=\"{&quot;background_background&quot;:&quot;classic&quot;}\">\n\t\t\t\t\t\t\t<div class=\"elementor-background-overlay\"><\/div>\n\t\t\t\t\t\t\t<div class=\"elementor-container elementor-column-gap-default\">\n\t\t\t\t\t<div class=\"elementor-column elementor-col-100 elementor-top-column elementor-element elementor-element-6a5337e\" data-id=\"6a5337e\" data-element_type=\"column\" data-e-type=\"column\">\n\t\t\t<div class=\"elementor-widget-wrap elementor-element-populated\">\n\t\t\t\t\t\t<div class=\"elementor-element elementor-element-9f8a183 elementor-widget elementor-widget-image\" data-id=\"9f8a183\" data-element_type=\"widget\" data-e-type=\"widget\" data-widget_type=\"image.default\">\n\t\t\t\t<div class=\"elementor-widget-container\">\n\t\t\t\t\t\t\t\t\t\t\t\t\t\t\t<img fetchpriority=\"high\" decoding=\"async\" width=\"512\" height=\"512\" src=\"https:\/\/www.oliosanfilippo.com\/wp-content\/uploads\/2022\/10\/cropped-logo-icona-1-6.png\" class=\"attachment-large size-large wp-image-20687\" alt=\"\" srcset=\"https:\/\/www.oliosanfilippo.com\/wp-content\/uploads\/2022\/10\/cropped-logo-icona-1-6.png 512w, https:\/\/www.oliosanfilippo.com\/wp-content\/uploads\/2022\/10\/cropped-logo-icona-1-6-300x300.png 300w, https:\/\/www.oliosanfilippo.com\/wp-content\/uploads\/2022\/10\/cropped-logo-icona-1-6-150x150.png 150w, https:\/\/www.oliosanfilippo.com\/wp-content\/uploads\/2022\/10\/cropped-logo-icona-1-6-100x100.png 100w, https:\/\/www.oliosanfilippo.com\/wp-content\/uploads\/2022\/10\/cropped-logo-icona-1-6-50x50.png 50w\" sizes=\"(max-width: 512px) 100vw, 512px\" \/>\t\t\t\t\t\t\t\t\t\t\t\t\t\t\t<\/div>\n\t\t\t\t<\/div>\n\t\t\t\t<div class=\"elementor-element elementor-element-c3ce199 elementor-widget elementor-widget-heading\" data-id=\"c3ce199\" data-element_type=\"widget\" data-e-type=\"widget\" data-widget_type=\"heading.default\">\n\t\t\t\t<div class=\"elementor-widget-container\">\n\t\t\t\t\t<h1 class=\"elementor-heading-title elementor-size-default\">Onze Siciliaanse EVO-olie<\/h1>\t\t\t\t<\/div>\n\t\t\t\t<\/div>\n\t\t\t\t<div class=\"elementor-element elementor-element-a65c235 elementor-widget elementor-widget-text-editor\" data-id=\"a65c235\" data-element_type=\"widget\" data-e-type=\"widget\" data-widget_type=\"text-editor.default\">\n\t\t\t\t<div class=\"elementor-widget-container\">\n\t\t\t\t\t\t\t\t\t<p>De beste cultivars uit ons gebied geselecteerd voor de Perfect Blend<\/p>\t\t\t\t\t\t\t\t<\/div>\n\t\t\t\t<\/div>\n\t\t\t\t\t<\/div>\n\t\t<\/div>\n\t\t\t\t\t<\/div>\n\t\t<\/section>\n\t\t\t\t<section data-particle_enable=\"false\" data-particle-mobile-disabled=\"false\" class=\"elementor-section elementor-top-section elementor-element elementor-element-034f786 elementor-section-boxed elementor-section-height-default elementor-section-height-default\" data-id=\"034f786\" data-element_type=\"section\" data-e-type=\"section\">\n\t\t\t\t\t\t<div class=\"elementor-container elementor-column-gap-default\">\n\t\t\t\t\t<div class=\"elementor-column elementor-col-100 elementor-top-column elementor-element elementor-element-ba0c118\" data-id=\"ba0c118\" data-element_type=\"column\" data-e-type=\"column\">\n\t\t\t<div class=\"elementor-widget-wrap elementor-element-populated\">\n\t\t\t\t\t\t<div class=\"elementor-element elementor-element-d7f155a elementor-widget elementor-widget-text-editor\" data-id=\"d7f155a\" data-element_type=\"widget\" data-e-type=\"widget\" data-widget_type=\"text-editor.default\">\n\t\t\t\t<div class=\"elementor-widget-container\">\n\t\t\t\t\t\t\t\t\t<p>Onze olie is evenwichtig en heeft een onmiskenbare smaak.<\/p>\t\t\t\t\t\t\t\t<\/div>\n\t\t\t\t<\/div>\n\t\t\t\t<div class=\"elementor-element elementor-element-3dc998b elementor-widget elementor-widget-heading\" data-id=\"3dc998b\" data-element_type=\"widget\" data-e-type=\"widget\" data-widget_type=\"heading.default\">\n\t\t\t\t<div class=\"elementor-widget-container\">\n\t\t\t\t\t<h2 class=\"elementor-heading-title elementor-size-default\">Onze Speciale Mix Cultivars<\/h2>\t\t\t\t<\/div>\n\t\t\t\t<\/div>\n\t\t\t\t<div class=\"elementor-element elementor-element-71d7428 elementor-widget elementor-widget-text-editor\" data-id=\"71d7428\" data-element_type=\"widget\" data-e-type=\"widget\" data-widget_type=\"text-editor.default\">\n\t\t\t\t<div class=\"elementor-widget-container\">\n\t\t\t\t\t\t\t\t\t<p>L'\u00a0<strong>extra vierge olie<\/strong>\u00a0van olijf\u00a0<strong>Siciliaanse<\/strong>\u00a0geselecteerd uit Sanfilippo olie is een honderd procent Siciliaanse superieure extra olie van eerste persing. Onder de term\u00a0<strong>extra vierge<\/strong>\u00a0kan alleen worden gedefinieerd als olie verkregen uit de vrucht van de olijfboom (<em>Olea europaea sativa L.<\/em>) door middel van mechanische of fysische proc\u00e9d\u00e9s die het product op geen enkele wijze wijzigen, in tegenstelling tot andere oli\u00ebn die uit zaden worden verkregen (bijvoorbeeld zonnebloem, pinda, ma\u00efs en koolzaad) en voornamelijk met organische oplosmiddelen worden ge\u00ebxtraheerd.<\/p><p><strong><em>Sensorische kwaliteiten met kruidige en kruidige noten en grote voedingseigenschappen maken onze Siciliaanse extra olijfolie van eerste persing uniek en onmiskenbaar.<\/em><\/strong><\/p><p>Onze molen produceert verschillende kwaliteiten Siciliaanse extra olijfolie van eerste persing, afhankelijk van de cultivars die tijdens het maalproces worden gebruikt of de mengsels: <i>\"Mengsel<\/i> van hetzelfde.<\/p><p>\u00a0Hieronder vindt u onze Cultivars:<\/p>\t\t\t\t\t\t\t\t<\/div>\n\t\t\t\t<\/div>\n\t\t\t\t\t<\/div>\n\t\t<\/div>\n\t\t\t\t\t<\/div>\n\t\t<\/section>\n\t\t\t\t<section data-particle_enable=\"false\" data-particle-mobile-disabled=\"false\" class=\"elementor-section elementor-top-section elementor-element elementor-element-6f786e5 elementor-section-boxed elementor-section-height-default elementor-section-height-default\" data-id=\"6f786e5\" data-element_type=\"section\" data-e-type=\"section\" data-settings=\"{&quot;background_background&quot;:&quot;classic&quot;}\">\n\t\t\t\t\t\t<div class=\"elementor-container elementor-column-gap-default\">\n\t\t\t\t\t<div class=\"elementor-column elementor-col-50 elementor-top-column elementor-element elementor-element-c987ff8\" data-id=\"c987ff8\" data-element_type=\"column\" data-e-type=\"column\">\n\t\t\t<div class=\"elementor-widget-wrap elementor-element-populated\">\n\t\t\t\t\t\t<div class=\"elementor-element elementor-element-dd9f96f elementor-widget elementor-widget-text-editor\" data-id=\"dd9f96f\" data-element_type=\"widget\" data-e-type=\"widget\" data-widget_type=\"text-editor.default\">\n\t\t\t\t<div class=\"elementor-widget-container\">\n\t\t\t\t\t\t\t\t\t<p>Een fruitige, vlezige olijf met een intense smaak<\/p>\t\t\t\t\t\t\t\t<\/div>\n\t\t\t\t<\/div>\n\t\t\t\t<div class=\"elementor-element elementor-element-a04ceb6 elementor-widget elementor-widget-heading\" data-id=\"a04ceb6\" data-element_type=\"widget\" data-e-type=\"widget\" data-widget_type=\"heading.default\">\n\t\t\t\t<div class=\"elementor-widget-container\">\n\t\t\t\t\t<h4 class=\"elementor-heading-title elementor-size-default\">Nocellara del Belice<\/h4>\t\t\t\t<\/div>\n\t\t\t\t<\/div>\n\t\t\t\t<div class=\"elementor-element elementor-element-bd47d58 elementor-widget elementor-widget-text-editor\" data-id=\"bd47d58\" data-element_type=\"widget\" data-e-type=\"widget\" data-widget_type=\"text-editor.default\">\n\t\t\t\t<div class=\"elementor-widget-container\">\n\t\t\t\t\t\t\t\t\t<p>Maak kennis met een bijzondere olijf, een lokaal ecotype dat in Siciliaans dialect \"MAZZARA\" wordt genoemd. Deze cultivar is niet alleen geschikt om te worden gemalen, maar wordt ook geconsumeerd als tafelolijf, dankzij zijn fruitige smaak en gulle vruchtvlees.<\/p><p>Onze Nocellara del Belice olijf wordt gebruikt om een strikt Siciliaanse extra olijfolie van eerste persing te produceren met een intense en delicate smaak, fruitig met hints van tomaat.<\/p><p>L' <strong>Siciliaanse extra vergine olijfolie<\/strong>\u00a0Wordt verkregen uit de pulp van de nocellara del belice olijf, heeft een zeer lage zuurgraad en wordt rauw aanbevolen op groene salades, gebraad en diverse gerechten. Het komt voornamelijk voor in de omgeving van Trapani en strekt zich uit tot in het gebied rond Palermo en een groot deel van het gebied rond Agrigento, alsmede in ons Sicanisch gebergte.<\/p>\t\t\t\t\t\t\t\t<\/div>\n\t\t\t\t<\/div>\n\t\t\t\t\t<\/div>\n\t\t<\/div>\n\t\t\t\t<div class=\"elementor-column elementor-col-50 elementor-top-column elementor-element elementor-element-5e10df2\" data-id=\"5e10df2\" data-element_type=\"column\" data-e-type=\"column\">\n\t\t\t<div class=\"elementor-widget-wrap elementor-element-populated\">\n\t\t\t\t\t\t<div class=\"elementor-element elementor-element-631ad09 elementor-widget elementor-widget-image\" data-id=\"631ad09\" data-element_type=\"widget\" data-e-type=\"widget\" data-widget_type=\"image.default\">\n\t\t\t\t<div class=\"elementor-widget-container\">\n\t\t\t\t\t\t\t\t\t\t\t\t\t\t\t<img decoding=\"async\" width=\"508\" height=\"339\" src=\"https:\/\/www.oliosanfilippo.com\/wp-content\/uploads\/2017\/12\/olio-siciliano-frantoio-sanfilippo.jpg\" class=\"attachment-full size-full wp-image-10523\" alt=\"nocellara del belice\" srcset=\"https:\/\/www.oliosanfilippo.com\/wp-content\/uploads\/2017\/12\/olio-siciliano-frantoio-sanfilippo.jpg 508w, https:\/\/www.oliosanfilippo.com\/wp-content\/uploads\/2017\/12\/olio-siciliano-frantoio-sanfilippo-500x334.jpg 500w, https:\/\/www.oliosanfilippo.com\/wp-content\/uploads\/2017\/12\/olio-siciliano-frantoio-sanfilippo-300x200.jpg 300w\" sizes=\"(max-width: 508px) 100vw, 508px\" \/>\t\t\t\t\t\t\t\t\t\t\t\t\t\t\t<\/div>\n\t\t\t\t<\/div>\n\t\t\t\t\t<\/div>\n\t\t<\/div>\n\t\t\t\t\t<\/div>\n\t\t<\/section>\n\t\t\t\t<section data-particle_enable=\"false\" data-particle-mobile-disabled=\"false\" class=\"elementor-section elementor-top-section elementor-element elementor-element-c76d819 elementor-reverse-mobile elementor-section-boxed elementor-section-height-default elementor-section-height-default\" data-id=\"c76d819\" data-element_type=\"section\" data-e-type=\"section\" data-settings=\"{&quot;background_background&quot;:&quot;classic&quot;}\">\n\t\t\t\t\t\t<div class=\"elementor-container elementor-column-gap-default\">\n\t\t\t\t\t<div class=\"elementor-column elementor-col-50 elementor-top-column elementor-element elementor-element-ea96ffe\" data-id=\"ea96ffe\" data-element_type=\"column\" data-e-type=\"column\">\n\t\t\t<div class=\"elementor-widget-wrap elementor-element-populated\">\n\t\t\t\t\t\t<div class=\"elementor-element elementor-element-0de6584 elementor-widget elementor-widget-image\" data-id=\"0de6584\" data-element_type=\"widget\" data-e-type=\"widget\" data-widget_type=\"image.default\">\n\t\t\t\t<div class=\"elementor-widget-container\">\n\t\t\t\t\t\t\t\t\t\t\t\t\t\t\t<img decoding=\"async\" width=\"508\" height=\"339\" src=\"https:\/\/www.oliosanfilippo.com\/wp-content\/uploads\/2017\/12\/oliva-nocellara.jpg\" class=\"attachment-full size-full wp-image-10521\" alt=\"oliva nocellara\" srcset=\"https:\/\/www.oliosanfilippo.com\/wp-content\/uploads\/2017\/12\/oliva-nocellara.jpg 508w, https:\/\/www.oliosanfilippo.com\/wp-content\/uploads\/2017\/12\/oliva-nocellara-500x334.jpg 500w, https:\/\/www.oliosanfilippo.com\/wp-content\/uploads\/2017\/12\/oliva-nocellara-300x200.jpg 300w\" sizes=\"(max-width: 508px) 100vw, 508px\" \/>\t\t\t\t\t\t\t\t\t\t\t\t\t\t\t<\/div>\n\t\t\t\t<\/div>\n\t\t\t\t\t<\/div>\n\t\t<\/div>\n\t\t\t\t<div class=\"elementor-column elementor-col-50 elementor-top-column elementor-element elementor-element-9fec6cf\" data-id=\"9fec6cf\" data-element_type=\"column\" data-e-type=\"column\">\n\t\t\t<div class=\"elementor-widget-wrap elementor-element-populated\">\n\t\t\t\t\t\t<div class=\"elementor-element elementor-element-e183dce elementor-widget elementor-widget-text-editor\" data-id=\"e183dce\" data-element_type=\"widget\" data-e-type=\"widget\" data-widget_type=\"text-editor.default\">\n\t\t\t\t<div class=\"elementor-widget-container\">\n\t\t\t\t\t\t\t\t\t<p>Een kleine olijf met sterke, kruidige noten<\/p>\t\t\t\t\t\t\t\t<\/div>\n\t\t\t\t<\/div>\n\t\t\t\t<div class=\"elementor-element elementor-element-c7abab7 elementor-widget elementor-widget-heading\" data-id=\"c7abab7\" data-element_type=\"widget\" data-e-type=\"widget\" data-widget_type=\"heading.default\">\n\t\t\t\t<div class=\"elementor-widget-container\">\n\t\t\t\t\t<h4 class=\"elementor-heading-title elementor-size-default\">La Biancolilla<\/h4>\t\t\t\t<\/div>\n\t\t\t\t<\/div>\n\t\t\t\t<div class=\"elementor-element elementor-element-6eae789 elementor-widget elementor-widget-text-editor\" data-id=\"6eae789\" data-element_type=\"widget\" data-e-type=\"widget\" data-widget_type=\"text-editor.default\">\n\t\t\t\t<div class=\"elementor-widget-container\">\n\t\t\t\t\t\t\t\t\t<p>Deze olijf is <b>een inheemse cultivar<\/b> kan worden herkend omdat het een kleinere, delicatere vorm heeft en de olie een kruidige, bittere noot geeft. Dit mag u niet misleiden, want het malen ervan levert in feite een Siciliaanse extra olijfolie van eerste persing op met een zeer lage zuurgraad. Deze olie met een delicate smaak en evenwichtige voedingswaarden wordt ook aanbevolen voor mensen met een familiegeschiedenis van hartziekten.\u00a0<\/p><p>Onmiddellijk na het malen heeft de olie een lichtgroene kleur, en na enkele maanden een strogele kleur als gevolg van natuurlijke bezinking. De opbrengst van deze cultivar varieert van 16 tot 18 % gewasgewicht, waardoor het in alle opzichten een royale olijf is. Het komt voornamelijk voor in de provincies Messina, Palermo, Agrigento en Ragusa.<\/p>\t\t\t\t\t\t\t\t<\/div>\n\t\t\t\t<\/div>\n\t\t\t\t\t<\/div>\n\t\t<\/div>\n\t\t\t\t\t<\/div>\n\t\t<\/section>\n\t\t\t\t<section data-particle_enable=\"false\" data-particle-mobile-disabled=\"false\" class=\"elementor-section elementor-top-section elementor-element elementor-element-232cab8 elementor-section-boxed elementor-section-height-default elementor-section-height-default\" data-id=\"232cab8\" data-element_type=\"section\" data-e-type=\"section\" data-settings=\"{&quot;background_background&quot;:&quot;classic&quot;}\">\n\t\t\t\t\t\t<div class=\"elementor-container elementor-column-gap-default\">\n\t\t\t\t\t<div class=\"elementor-column elementor-col-50 elementor-top-column elementor-element elementor-element-0c1ac07\" data-id=\"0c1ac07\" data-element_type=\"column\" data-e-type=\"column\">\n\t\t\t<div class=\"elementor-widget-wrap elementor-element-populated\">\n\t\t\t\t\t\t<div class=\"elementor-element elementor-element-b0f7a13 elementor-widget elementor-widget-text-editor\" data-id=\"b0f7a13\" data-element_type=\"widget\" data-e-type=\"widget\" data-widget_type=\"text-editor.default\">\n\t\t\t\t<div class=\"elementor-widget-container\">\n\t\t\t\t\t\t\t\t\t<p>De Olijf die Zuid-Itali\u00eb veroverde<\/p>\t\t\t\t\t\t\t\t<\/div>\n\t\t\t\t<\/div>\n\t\t\t\t<div class=\"elementor-element elementor-element-b319221 elementor-widget elementor-widget-heading\" data-id=\"b319221\" data-element_type=\"widget\" data-e-type=\"widget\" data-widget_type=\"heading.default\">\n\t\t\t\t<div class=\"elementor-widget-container\">\n\t\t\t\t\t<h4 class=\"elementor-heading-title elementor-size-default\">De Carolea<\/h4>\t\t\t\t<\/div>\n\t\t\t\t<\/div>\n\t\t\t\t<div class=\"elementor-element elementor-element-08b4d81 elementor-widget elementor-widget-text-editor\" data-id=\"08b4d81\" data-element_type=\"widget\" data-e-type=\"widget\" data-widget_type=\"text-editor.default\">\n\t\t\t\t<div class=\"elementor-widget-container\">\n\t\t\t\t\t\t\t\t\t<p>Het is een cultivar die niet alleen een uitstekende extra olijfolie van eerste persing met een lage zuurgraad oplevert, maar ook een tafelolijf is. Het is een ras dat in heel Zuid-Itali\u00eb voorkomt, vooral op Sicili\u00eb, met name in de gebieden Palermo, Agrigento en Messina.\u00a0<\/p><p>Deze olijf met een unieke smaak heeft een olieopbrengst van 20-25 % en wordt beschouwd als een olijf van hoge kwaliteit. De geproduceerde Siciliaanse extra olijfolie van eerste persing heeft een intense fruitigheid, met toetsen van groene appel, amandel en artisjok. Het heeft een bittere smaak in de mond, vergezeld van een kruidige nasmaak. De kleur is groenachtig met goudgele accenten.<\/p>\t\t\t\t\t\t\t\t<\/div>\n\t\t\t\t<\/div>\n\t\t\t\t<div class=\"elementor-element elementor-element-9448cc5 elementor-widget elementor-widget-button\" data-id=\"9448cc5\" data-element_type=\"widget\" data-e-type=\"widget\" data-widget_type=\"button.default\">\n\t\t\t\t<div class=\"elementor-widget-container\">\n\t\t\t\t\t\t\t\t\t<div class=\"elementor-button-wrapper\">\n\t\t\t\t\t<a class=\"elementor-button elementor-button-link elementor-size-sm\" href=\"\/nl\/la-nostra-storia\/\">\n\t\t\t\t\t\t<span class=\"elementor-button-content-wrapper\">\n\t\t\t\t\t\t\t\t\t<span class=\"elementor-button-text\">Ontdek ons land '<\/span>\n\t\t\t\t\t<\/span>\n\t\t\t\t\t<\/a>\n\t\t\t\t<\/div>\n\t\t\t\t\t\t\t\t<\/div>\n\t\t\t\t<\/div>\n\t\t\t\t\t<\/div>\n\t\t<\/div>\n\t\t\t\t<div class=\"elementor-column elementor-col-50 elementor-top-column elementor-element elementor-element-af93366\" data-id=\"af93366\" data-element_type=\"column\" data-e-type=\"column\">\n\t\t\t<div class=\"elementor-widget-wrap elementor-element-populated\">\n\t\t\t\t\t\t<div class=\"elementor-element elementor-element-b92bb90 elementor-widget elementor-widget-image\" data-id=\"b92bb90\" data-element_type=\"widget\" data-e-type=\"widget\" data-widget_type=\"image.default\">\n\t\t\t\t<div class=\"elementor-widget-container\">\n\t\t\t\t\t\t\t\t\t\t\t\t\t\t\t<img loading=\"lazy\" decoding=\"async\" width=\"500\" height=\"348\" src=\"https:\/\/www.oliosanfilippo.com\/wp-content\/uploads\/2017\/12\/oliva-sicilia-olio.jpg\" class=\"attachment-full size-full wp-image-10525\" alt=\"\" srcset=\"https:\/\/www.oliosanfilippo.com\/wp-content\/uploads\/2017\/12\/oliva-sicilia-olio.jpg 500w, https:\/\/www.oliosanfilippo.com\/wp-content\/uploads\/2017\/12\/oliva-sicilia-olio-300x209.jpg 300w\" sizes=\"(max-width: 500px) 100vw, 500px\" \/>\t\t\t\t\t\t\t\t\t\t\t\t\t\t\t<\/div>\n\t\t\t\t<\/div>\n\t\t\t\t\t<\/div>\n\t\t<\/div>\n\t\t\t\t\t<\/div>\n\t\t<\/section>\n\t\t\t\t<section data-particle_enable=\"false\" data-particle-mobile-disabled=\"false\" class=\"elementor-section elementor-top-section elementor-element elementor-element-d1ac93f elementor-reverse-mobile elementor-section-boxed elementor-section-height-default elementor-section-height-default\" data-id=\"d1ac93f\" data-element_type=\"section\" data-e-type=\"section\" data-settings=\"{&quot;background_background&quot;:&quot;classic&quot;}\">\n\t\t\t\t\t\t<div class=\"elementor-container elementor-column-gap-default\">\n\t\t\t\t\t<div class=\"elementor-column elementor-col-50 elementor-top-column elementor-element elementor-element-7078b2f\" data-id=\"7078b2f\" data-element_type=\"column\" data-e-type=\"column\">\n\t\t\t<div class=\"elementor-widget-wrap elementor-element-populated\">\n\t\t\t\t\t\t<div class=\"elementor-element elementor-element-7eb597b elementor-widget elementor-widget-image\" data-id=\"7eb597b\" data-element_type=\"widget\" data-e-type=\"widget\" data-widget_type=\"image.default\">\n\t\t\t\t<div class=\"elementor-widget-container\">\n\t\t\t\t\t\t\t\t\t\t\t\t\t\t\t<img loading=\"lazy\" decoding=\"async\" width=\"1080\" height=\"1350\" src=\"https:\/\/www.oliosanfilippo.com\/wp-content\/uploads\/2022\/10\/cerasuola.jpg\" class=\"attachment-full size-full wp-image-21095\" alt=\"\" srcset=\"https:\/\/www.oliosanfilippo.com\/wp-content\/uploads\/2022\/10\/cerasuola.jpg 1080w, https:\/\/www.oliosanfilippo.com\/wp-content\/uploads\/2022\/10\/cerasuola-240x300.jpg 240w, https:\/\/www.oliosanfilippo.com\/wp-content\/uploads\/2022\/10\/cerasuola-819x1024.jpg 819w, https:\/\/www.oliosanfilippo.com\/wp-content\/uploads\/2022\/10\/cerasuola-768x960.jpg 768w, https:\/\/www.oliosanfilippo.com\/wp-content\/uploads\/2022\/10\/cerasuola-900x1125.jpg 900w, https:\/\/www.oliosanfilippo.com\/wp-content\/uploads\/2022\/10\/cerasuola-600x750.jpg 600w\" sizes=\"(max-width: 1080px) 100vw, 1080px\" \/>\t\t\t\t\t\t\t\t\t\t\t\t\t\t\t<\/div>\n\t\t\t\t<\/div>\n\t\t\t\t\t<\/div>\n\t\t<\/div>\n\t\t\t\t<div class=\"elementor-column elementor-col-50 elementor-top-column elementor-element elementor-element-a90c9f4\" data-id=\"a90c9f4\" data-element_type=\"column\" data-e-type=\"column\">\n\t\t\t<div class=\"elementor-widget-wrap elementor-element-populated\">\n\t\t\t\t\t\t<div class=\"elementor-element elementor-element-cfa32a3 elementor-widget elementor-widget-text-editor\" data-id=\"cfa32a3\" data-element_type=\"widget\" data-e-type=\"widget\" data-widget_type=\"text-editor.default\">\n\t\t\t\t<div class=\"elementor-widget-container\">\n\t\t\t\t\t\t\t\t\t<p>De Oliva Sicialiana bij uitstek<\/p>\t\t\t\t\t\t\t\t<\/div>\n\t\t\t\t<\/div>\n\t\t\t\t<div class=\"elementor-element elementor-element-992bd1f elementor-widget elementor-widget-heading\" data-id=\"992bd1f\" data-element_type=\"widget\" data-e-type=\"widget\" data-widget_type=\"heading.default\">\n\t\t\t\t<div class=\"elementor-widget-container\">\n\t\t\t\t\t<h4 class=\"elementor-heading-title elementor-size-default\">De Cerasuola<\/h4>\t\t\t\t<\/div>\n\t\t\t\t<\/div>\n\t\t\t\t<div class=\"elementor-element elementor-element-d5addf0 elementor-widget elementor-widget-text-editor\" data-id=\"d5addf0\" data-element_type=\"widget\" data-e-type=\"widget\" data-widget_type=\"text-editor.default\">\n\t\t\t\t<div class=\"elementor-widget-container\">\n\t\t\t\t\t\t\t\t\t<p>De \"Cerasuola\"-olijf is een van de meest verspreide cultivars op Sicili\u00eb. Het is een olijf die uitsluitend voor olie wordt gebruikt en niet als tafelolijf. Siciliaanse extra olijfolie van eerste persing van cerasuola heeft een goudgroene kleur en is een cultivar die rijk is aan polyfenolen - antioxidanten die goed zijn voor het hart en de risico's van hartaanvallen en hart- en vaatziekten voorkomen.\u00a0<\/p><p>De geproduceerde olie heeft een intense smaak met toetsen van bitterheid en kruidigheid.                In de mond is er een smaak van vers gemaaid gras, artisjok en tomaat. Cerasuola olie is uitstekend geschikt voor het kruiden van gekookt of gegrild vlees en vis, soepen, salades en bruschetta.<\/p><p>\u00a0<\/p>\t\t\t\t\t\t\t\t<\/div>\n\t\t\t\t<\/div>\n\t\t\t\t\t<\/div>\n\t\t<\/div>\n\t\t\t\t\t<\/div>\n\t\t<\/section>\n\t\t\t\t<\/div>","protected":false},"excerpt":{"rendered":"<p>Onze Siciliaanse Extra Vergine Olijfolie De beste cultivars van ons grondgebied geselecteerd om de Perfect Blend te cre\u00ebren Onze olie is een evenwichtige olie met een onmiskenbare smaak De cultivars van onze Special Blend De Siciliaanse extra olijfolie van eerste persing geselecteerd door Sanfilippo oil is een honderd procent Siciliaanse extra olijfolie van eerste persing. De term extra olijfolie van de eerste...<\/p>","protected":false},"author":26,"featured_media":0,"parent":0,"menu_order":0,"comment_status":"closed","ping_status":"closed","template":"elementor_header_footer","meta":{"_surecart_dashboard_logo_width":"180px","_surecart_dashboard_show_logo":true,"_surecart_dashboard_navigation_orders":true,"_surecart_dashboard_navigation_invoices":true,"_surecart_dashboard_navigation_subscriptions":true,"_surecart_dashboard_navigation_downloads":true,"_surecart_dashboard_navigation_billing":true,"_surecart_dashboard_navigation_account":true,"inline_featured_image":false,"_kad_post_transparent":"","_kad_post_title":"","_kad_post_layout":"","_kad_post_sidebar_id":"","_kad_post_content_style":"","_kad_post_vertical_padding":"","_kad_post_feature":"","_kad_post_feature_position":"","_kad_post_header":false,"_kad_post_footer":false,"_kad_post_classname":"","footnotes":""},"class_list":["post-21071","page","type-page","status-publish","hentry"],"_links":{"self":[{"href":"https:\/\/www.oliosanfilippo.com\/nl\/wp-json\/wp\/v2\/pages\/21071","targetHints":{"allow":["GET"]}}],"collection":[{"href":"https:\/\/www.oliosanfilippo.com\/nl\/wp-json\/wp\/v2\/pages"}],"about":[{"href":"https:\/\/www.oliosanfilippo.com\/nl\/wp-json\/wp\/v2\/types\/page"}],"author":[{"embeddable":true,"href":"https:\/\/www.oliosanfilippo.com\/nl\/wp-json\/wp\/v2\/users\/26"}],"replies":[{"embeddable":true,"href":"https:\/\/www.oliosanfilippo.com\/nl\/wp-json\/wp\/v2\/comments?post=21071"}],"version-history":[{"count":32,"href":"https:\/\/www.oliosanfilippo.com\/nl\/wp-json\/wp\/v2\/pages\/21071\/revisions"}],"predecessor-version":[{"id":21326,"href":"https:\/\/www.oliosanfilippo.com\/nl\/wp-json\/wp\/v2\/pages\/21071\/revisions\/21326"}],"wp:attachment":[{"href":"https:\/\/www.oliosanfilippo.com\/nl\/wp-json\/wp\/v2\/media?parent=21071"}],"curies":[{"name":"wp","href":"https:\/\/api.w.org\/{rel}","templated":true}]}}