{"id":10106,"date":"2017-04-24T17:35:58","date_gmt":"2017-04-24T15:35:58","guid":{"rendered":"http:\/\/www.oliosanfilippo.com\/?post_type=product&#038;p=7559"},"modified":"2025-12-06T20:11:25","modified_gmt":"2025-12-06T19:11:25","slug":"pate-olive-verdi-sanfilippo","status":"publish","type":"product","link":"https:\/\/www.oliosanfilippo.com\/nl\/abbonamento\/pate-olive-verdi-sanfilippo\/","title":{"rendered":"Pat\u00e8 di olive verdi 90gr"},"content":{"rendered":"<p>Pat\u00e9 van groene olijven is een uitstekende smaakmaker voor pastagerechten of gewoon als cr\u00e8me voor op taarten en bruschetta.<\/p>\n<p>&nbsp;<\/p>","protected":false},"excerpt":{"rendered":"<p><strong>Ingredi\u00ebnten:<\/strong><\/p>\n<p>Pasta di olive verdi 60% (olive verdi, olio extravergine di oliva, aceto di vino, sale), olio di semi di girasole, olio extravergine di oliva, aceto di vino, menta, origano, aglio, peperoncino, aceto di vino.<\/p>\n<div class=\"page\" title=\"Pagina 5\">\n<div class=\"layoutArea\">\n<div class=\"column\">\n<p>Nettogewicht gr. 180<\/p>\n<\/div>\n<\/div>\n<\/div>","protected":false},"featured_media":23207,"comment_status":"open","ping_status":"closed","template":"","meta":{"_surecart_dashboard_logo_width":"180px","_surecart_dashboard_show_logo":true,"_surecart_dashboard_navigation_orders":true,"_surecart_dashboard_navigation_invoices":true,"_surecart_dashboard_navigation_subscriptions":true,"_surecart_dashboard_navigation_downloads":true,"_surecart_dashboard_navigation_billing":true,"_surecart_dashboard_navigation_account":true,"inline_featured_image":false,"_kad_post_transparent":"default","_kad_post_title":"","_kad_post_layout":"default","_kad_post_sidebar_id":"","_kad_post_content_style":"default","_kad_post_vertical_padding":"default","_kad_post_feature":"","_kad_post_feature_position":"","_kad_post_header":false,"_kad_post_footer":false,"_kad_post_classname":""},"product_brand":[],"product_cat":[19,123],"product_tag":[39,38,22,62],"class_list":{"0":"post-10106","1":"product","2":"type-product","3":"status-publish","4":"has-post-thumbnail","6":"product_cat-conserve","7":"product_cat-pate","8":"product_tag-olive-verdi","9":"product_tag-pate-di-olive-verdi","10":"product_tag-prodotti-siciliani","11":"product_tag-selezione-pate","13":"first","14":"instock","15":"shipping-taxable","16":"purchasable","17":"product-type-variable","18":"entry","19":"content-bg","20":"loop-entry"},"_links":{"self":[{"href":"https:\/\/www.oliosanfilippo.com\/nl\/wp-json\/wp\/v2\/product\/10106","targetHints":{"allow":["GET"]}}],"collection":[{"href":"https:\/\/www.oliosanfilippo.com\/nl\/wp-json\/wp\/v2\/product"}],"about":[{"href":"https:\/\/www.oliosanfilippo.com\/nl\/wp-json\/wp\/v2\/types\/product"}],"replies":[{"embeddable":true,"href":"https:\/\/www.oliosanfilippo.com\/nl\/wp-json\/wp\/v2\/comments?post=10106"}],"version-history":[{"count":6,"href":"https:\/\/www.oliosanfilippo.com\/nl\/wp-json\/wp\/v2\/product\/10106\/revisions"}],"predecessor-version":[{"id":23328,"href":"https:\/\/www.oliosanfilippo.com\/nl\/wp-json\/wp\/v2\/product\/10106\/revisions\/23328"}],"wp:featuredmedia":[{"embeddable":true,"href":"https:\/\/www.oliosanfilippo.com\/nl\/wp-json\/wp\/v2\/media\/23207"}],"wp:attachment":[{"href":"https:\/\/www.oliosanfilippo.com\/nl\/wp-json\/wp\/v2\/media?parent=10106"}],"wp:term":[{"taxonomy":"product_brand","embeddable":true,"href":"https:\/\/www.oliosanfilippo.com\/nl\/wp-json\/wp\/v2\/product_brand?post=10106"},{"taxonomy":"product_cat","embeddable":true,"href":"https:\/\/www.oliosanfilippo.com\/nl\/wp-json\/wp\/v2\/product_cat?post=10106"},{"taxonomy":"product_tag","embeddable":true,"href":"https:\/\/www.oliosanfilippo.com\/nl\/wp-json\/wp\/v2\/product_tag?post=10106"}],"curies":[{"name":"wp","href":"https:\/\/api.w.org\/{rel}","templated":true}]}}